{"id":639,"date":"2023-09-28T14:10:27","date_gmt":"2023-09-28T13:10:27","guid":{"rendered":"http:\/\/transvulcania.com\/discover-transvulcania\/"},"modified":"2023-12-01T16:31:10","modified_gmt":"2023-12-01T16:31:10","slug":"discover-transvulcania","status":"publish","type":"page","link":"https:\/\/transvulcania.com\/en\/discover-transvulcania\/","title":{"rendered":"Discover Transvulcania"},"content":{"rendered":"\t\t<div data-elementor-type=\"wp-page\" data-elementor-id=\"639\" class=\"elementor elementor-639 elementor-215\" data-elementor-post-type=\"page\">\n\t\t\t\t<div class=\"elementor-element elementor-element-c3b6671 e-flex e-con-boxed e-con e-parent\" data-id=\"c3b6671\" data-element_type=\"container\" data-e-type=\"container\">\n\t\t\t\t\t<div class=\"e-con-inner\">\n\t\t\t\t<div class=\"elementor-element elementor-element-b2806c4 elementor-widget elementor-widget-text-editor\" data-id=\"b2806c4\" data-element_type=\"widget\" data-e-type=\"widget\" data-widget_type=\"text-editor.default\">\n\t\t\t\t<div class=\"elementor-widget-container\">\n\t\t\t\t\t\t\t\t\t<p>In Transvulcania you will find a route as hard as spectacular. The well-known Ruta del Bast\u00f3n will give you the sensation of flying over the National Park of La Caldera de Taburiente, leaving the incredible sea of clouds under your feet during the climb to Roque de los Muchachos. All this while you are competing with the best ultra trail runners of the world<\/p>\n\t\t\t\t\t\t\t\t<\/div>\n\t\t\t\t<\/div>\n\t\t\t\t<div class=\"elementor-element elementor-element-05e0b26 elementor-widget elementor-widget-heading\" data-id=\"05e0b26\" data-element_type=\"widget\" data-e-type=\"widget\" data-widget_type=\"heading.default\">\n\t\t\t\t<div class=\"elementor-widget-container\">\n\t\t\t\t\t<h2 class=\"elementor-heading-title elementor-size-default\">Are you ready?<\/h2>\t\t\t\t<\/div>\n\t\t\t\t<\/div>\n\t\t\t\t<div class=\"elementor-element elementor-element-c3a5ba5 elementor-widget elementor-widget-image\" data-id=\"c3a5ba5\" data-element_type=\"widget\" data-e-type=\"widget\" data-widget_type=\"image.default\">\n\t\t\t\t<div class=\"elementor-widget-container\">\n\t\t\t\t\t\t\t\t\t\t\t\t\t\t\t<img fetchpriority=\"high\" decoding=\"async\" width=\"742\" height=\"489\" src=\"https:\/\/transvulcania.com\/wp-content\/uploads\/2023\/09\/La_Palma.jpg\" class=\"attachment-large size-large wp-image-262\" alt=\"\" srcset=\"https:\/\/transvulcania.com\/wp-content\/uploads\/2023\/09\/La_Palma.jpg 742w, https:\/\/transvulcania.com\/wp-content\/uploads\/2023\/09\/La_Palma-300x198.jpg 300w\" sizes=\"(max-width: 742px) 100vw, 742px\" \/>\t\t\t\t\t\t\t\t\t\t\t\t\t\t\t<\/div>\n\t\t\t\t<\/div>\n\t\t\t\t<div class=\"elementor-element elementor-element-e3fff11 elementor-widget elementor-widget-text-editor\" data-id=\"e3fff11\" data-element_type=\"widget\" data-e-type=\"widget\" data-widget_type=\"text-editor.default\">\n\t\t\t\t<div class=\"elementor-widget-container\">\n\t\t\t\t\t\t\t\t\t<p>La Palma is know as the beautiful island because of its incredible landscapes, imposing volcanoes, deep forests,welcoming beaches and star-filled night skies.<\/p>\n<p>Clear skies and strict light pollution laws mean that La Palma is such a fantastic place for star gazing and astronomy that is has earned a Starlight award. In 2002 UNESCO declared the whole island of La Palma aWorld Biosphere Reserve.<\/p>\n<p>This volcanic island seems to be painted green due to a deep shroud of prehistoric forest. Connect with nature under some of the world\u2019s clearest skies, relax on its welcoming beaches or hike through deep gorges and past volcanoes. La Palma\u2019s trails take you past waterfalls and up to the island\u2019s peaks. Once you reach the top look up. The night sky is unforgettable.<br \/>La Palma is the northernmost Canary Island and it belongs to the province of Santa Cruz de Tenerife. It stretches over 708 square kilometres and it has a population of more than 85,000 citizens. Split up in 14 municipalities, it offers a wide scenic and climatic diversity. Rough, beautiful, high, surprising, marvellous, spectacular\u2026   <br \/>could easily be some of the adjectives which could justify its nickname:\u201cthe pretty island\u201d. An ideal island to lose yourself\u2026 <br \/>The Footpath Network of La Palma interconnects the entire island territory by using the traditional paths trodden over the centuries by the island\u2019s inhabitants. Hikers will discover a huge variety of climates, relief and both natural and cultural landscapes on La Palma. <\/p>\n<p>Hiking paths La Palma offers hikers the chance to hike all around the island in an easy and safe manner. Hiking paths are clearly distinguished by means of initials and a number. Basically, there are three types:  <\/p>\n<ul>\n<li>GR Long-distance hiking paths Long: several-day hiking paths<\/li>\n<li>PR Short-distance hiking paths Short: one-day routes<\/li>\n<li>SL Local paths: Less than 10 kilometres in length<\/li>\n<\/ul>\n\t\t\t\t\t\t\t\t<\/div>\n\t\t\t\t<\/div>\n\t\t\t\t<div class=\"elementor-element elementor-element-4ace6e6 elementor-widget elementor-widget-image\" data-id=\"4ace6e6\" data-element_type=\"widget\" data-e-type=\"widget\" data-widget_type=\"image.default\">\n\t\t\t\t<div class=\"elementor-widget-container\">\n\t\t\t\t\t\t\t\t\t\t\t\t\t\t\t<img decoding=\"async\" width=\"766\" height=\"273\" src=\"https:\/\/transvulcania.com\/wp-content\/uploads\/2023\/09\/corredores.jpg\" class=\"attachment-large size-large wp-image-266\" alt=\"Transvulcania corredores\" srcset=\"https:\/\/transvulcania.com\/wp-content\/uploads\/2023\/09\/corredores.jpg 766w, https:\/\/transvulcania.com\/wp-content\/uploads\/2023\/09\/corredores-300x107.jpg 300w\" sizes=\"(max-width: 766px) 100vw, 766px\" \/>\t\t\t\t\t\t\t\t\t\t\t\t\t\t\t<\/div>\n\t\t\t\t<\/div>\n\t\t\t\t\t<\/div>\n\t\t\t\t<\/div>\n\t\t\t\t<\/div>\n\t\t","protected":false},"excerpt":{"rendered":"<p>In Transvulcania you will find a route as hard as spectacular. The well-known Ruta del Bast\u00f3n will give you the sensation of flying over the National Park of La Caldera de Taburiente, leaving the incredible sea of clouds under your feet during the climb to Roque de los Muchachos. All this while you are competing &#8230; <a title=\"Discover Transvulcania\" class=\"read-more\" href=\"https:\/\/transvulcania.com\/en\/discover-transvulcania\/\" aria-label=\"Read more about Discover Transvulcania\">Read more<\/a><\/p>\n","protected":false},"author":1,"featured_media":0,"parent":0,"menu_order":0,"comment_status":"closed","ping_status":"closed","template":"","meta":{"footnotes":""},"class_list":["post-639","page","type-page","status-publish"],"yoast_head":"<!-- This site is optimized with the Yoast SEO Premium plugin v21.2 (Yoast SEO v21.2) - https:\/\/yoast.com\/wordpress\/plugins\/seo\/ -->\n<title>Discover Transvulcania - Transvulcania Terrex 2025 - Ultramarathon La Palma<\/title>\n<meta name=\"robots\" content=\"index, follow, max-snippet:-1, max-image-preview:large, max-video-preview:-1\" \/>\n<link rel=\"canonical\" href=\"https:\/\/transvulcania.com\/en\/discover-transvulcania\/\" \/>\n<meta property=\"og:locale\" content=\"en_US\" \/>\n<meta property=\"og:type\" content=\"article\" \/>\n<meta property=\"og:title\" content=\"Discover Transvulcania\" \/>\n<meta property=\"og:description\" content=\"In Transvulcania you will find a route as hard as spectacular. The well-known Ruta del Bast\u00f3n will give you the sensation of flying over the National Park of La Caldera de Taburiente, leaving the incredible sea of clouds under your feet during the climb to Roque de los Muchachos. All this while you are competing ... Read more\" \/>\n<meta property=\"og:url\" content=\"https:\/\/transvulcania.com\/en\/discover-transvulcania\/\" \/>\n<meta property=\"og:site_name\" content=\"Transvulcania Terrex 2025 - Ultramarathon La Palma\" \/>\n<meta property=\"article:modified_time\" content=\"2023-12-01T16:31:10+00:00\" \/>\n<meta property=\"og:image\" content=\"https:\/\/transvulcania.com\/wp-content\/uploads\/2023\/09\/La_Palma.jpg\" \/>\n<meta name=\"twitter:card\" content=\"summary_large_image\" \/>\n<meta name=\"twitter:label1\" content=\"Est. reading time\" \/>\n\t<meta name=\"twitter:data1\" content=\"3 minutes\" \/>\n<script type=\"application\/ld+json\" class=\"yoast-schema-graph\">{\"@context\":\"https:\/\/schema.org\",\"@graph\":[{\"@type\":\"WebPage\",\"@id\":\"https:\/\/transvulcania.com\/en\/discover-transvulcania\/\",\"url\":\"https:\/\/transvulcania.com\/en\/discover-transvulcania\/\",\"name\":\"Discover Transvulcania - Transvulcania Terrex 2025 - Ultramarathon La Palma\",\"isPartOf\":{\"@id\":\"https:\/\/transvulcania.com\/en\/#website\"},\"datePublished\":\"2023-09-28T13:10:27+00:00\",\"dateModified\":\"2023-12-01T16:31:10+00:00\",\"breadcrumb\":{\"@id\":\"https:\/\/transvulcania.com\/en\/discover-transvulcania\/#breadcrumb\"},\"inLanguage\":\"en-US\",\"potentialAction\":[{\"@type\":\"ReadAction\",\"target\":[\"https:\/\/transvulcania.com\/en\/discover-transvulcania\/\"]}]},{\"@type\":\"BreadcrumbList\",\"@id\":\"https:\/\/transvulcania.com\/en\/discover-transvulcania\/#breadcrumb\",\"itemListElement\":[{\"@type\":\"ListItem\",\"position\":1,\"name\":\"Home\",\"item\":\"https:\/\/transvulcania.com\/en\/\"},{\"@type\":\"ListItem\",\"position\":2,\"name\":\"Discover Transvulcania\"}]},{\"@type\":\"WebSite\",\"@id\":\"https:\/\/transvulcania.com\/en\/#website\",\"url\":\"https:\/\/transvulcania.com\/en\/\",\"name\":\"Transvulcania Terrex 2025 - Ultramarathon La Palma\",\"description\":\"Transvulcania 2025 - Es la XV Edici\u00f3n de la Ultramarat\u00f3n de monta\u00f1a de la Isla La Palma\",\"publisher\":{\"@id\":\"https:\/\/transvulcania.com\/en\/#organization\"},\"potentialAction\":[{\"@type\":\"SearchAction\",\"target\":{\"@type\":\"EntryPoint\",\"urlTemplate\":\"https:\/\/transvulcania.com\/en\/?s={search_term_string}\"},\"query-input\":\"required name=search_term_string\"}],\"inLanguage\":\"en-US\"},{\"@type\":\"Organization\",\"@id\":\"https:\/\/transvulcania.com\/en\/#organization\",\"name\":\"Transvulcania Terrex 2025 - Ultramarathon La Palma\",\"url\":\"https:\/\/transvulcania.com\/en\/\",\"logo\":{\"@type\":\"ImageObject\",\"inLanguage\":\"en-US\",\"@id\":\"https:\/\/transvulcania.com\/en\/#\/schema\/logo\/image\/\",\"url\":\"https:\/\/transvulcania.com\/wp-content\/uploads\/2024\/03\/Logo_Transvulcania_Terrex.png\",\"contentUrl\":\"https:\/\/transvulcania.com\/wp-content\/uploads\/2024\/03\/Logo_Transvulcania_Terrex.png\",\"width\":431,\"height\":552,\"caption\":\"Transvulcania Terrex 2025 - Ultramarathon La Palma\"},\"image\":{\"@id\":\"https:\/\/transvulcania.com\/en\/#\/schema\/logo\/image\/\"}}]}<\/script>\n<!-- \/ Yoast SEO Premium plugin. -->","yoast_head_json":{"title":"Discover Transvulcania - Transvulcania Terrex 2025 - Ultramarathon La Palma","robots":{"index":"index","follow":"follow","max-snippet":"max-snippet:-1","max-image-preview":"max-image-preview:large","max-video-preview":"max-video-preview:-1"},"canonical":"https:\/\/transvulcania.com\/en\/discover-transvulcania\/","og_locale":"en_US","og_type":"article","og_title":"Discover Transvulcania","og_description":"In Transvulcania you will find a route as hard as spectacular. The well-known Ruta del Bast\u00f3n will give you the sensation of flying over the National Park of La Caldera de Taburiente, leaving the incredible sea of clouds under your feet during the climb to Roque de los Muchachos. All this while you are competing ... Read more","og_url":"https:\/\/transvulcania.com\/en\/discover-transvulcania\/","og_site_name":"Transvulcania Terrex 2025 - Ultramarathon La Palma","article_modified_time":"2023-12-01T16:31:10+00:00","og_image":[{"url":"https:\/\/transvulcania.com\/wp-content\/uploads\/2023\/09\/La_Palma.jpg"}],"twitter_card":"summary_large_image","twitter_misc":{"Est. reading time":"3 minutes"},"schema":{"@context":"https:\/\/schema.org","@graph":[{"@type":"WebPage","@id":"https:\/\/transvulcania.com\/en\/discover-transvulcania\/","url":"https:\/\/transvulcania.com\/en\/discover-transvulcania\/","name":"Discover Transvulcania - Transvulcania Terrex 2025 - Ultramarathon La Palma","isPartOf":{"@id":"https:\/\/transvulcania.com\/en\/#website"},"datePublished":"2023-09-28T13:10:27+00:00","dateModified":"2023-12-01T16:31:10+00:00","breadcrumb":{"@id":"https:\/\/transvulcania.com\/en\/discover-transvulcania\/#breadcrumb"},"inLanguage":"en-US","potentialAction":[{"@type":"ReadAction","target":["https:\/\/transvulcania.com\/en\/discover-transvulcania\/"]}]},{"@type":"BreadcrumbList","@id":"https:\/\/transvulcania.com\/en\/discover-transvulcania\/#breadcrumb","itemListElement":[{"@type":"ListItem","position":1,"name":"Home","item":"https:\/\/transvulcania.com\/en\/"},{"@type":"ListItem","position":2,"name":"Discover Transvulcania"}]},{"@type":"WebSite","@id":"https:\/\/transvulcania.com\/en\/#website","url":"https:\/\/transvulcania.com\/en\/","name":"Transvulcania Terrex 2025 - Ultramarathon La Palma","description":"Transvulcania 2025 - Es la XV Edici\u00f3n de la Ultramarat\u00f3n de monta\u00f1a de la Isla La Palma","publisher":{"@id":"https:\/\/transvulcania.com\/en\/#organization"},"potentialAction":[{"@type":"SearchAction","target":{"@type":"EntryPoint","urlTemplate":"https:\/\/transvulcania.com\/en\/?s={search_term_string}"},"query-input":"required name=search_term_string"}],"inLanguage":"en-US"},{"@type":"Organization","@id":"https:\/\/transvulcania.com\/en\/#organization","name":"Transvulcania Terrex 2025 - Ultramarathon La Palma","url":"https:\/\/transvulcania.com\/en\/","logo":{"@type":"ImageObject","inLanguage":"en-US","@id":"https:\/\/transvulcania.com\/en\/#\/schema\/logo\/image\/","url":"https:\/\/transvulcania.com\/wp-content\/uploads\/2024\/03\/Logo_Transvulcania_Terrex.png","contentUrl":"https:\/\/transvulcania.com\/wp-content\/uploads\/2024\/03\/Logo_Transvulcania_Terrex.png","width":431,"height":552,"caption":"Transvulcania Terrex 2025 - Ultramarathon La Palma"},"image":{"@id":"https:\/\/transvulcania.com\/en\/#\/schema\/logo\/image\/"}}]}},"_links":{"self":[{"href":"https:\/\/transvulcania.com\/en\/wp-json\/wp\/v2\/pages\/639","targetHints":{"allow":["GET"]}}],"collection":[{"href":"https:\/\/transvulcania.com\/en\/wp-json\/wp\/v2\/pages"}],"about":[{"href":"https:\/\/transvulcania.com\/en\/wp-json\/wp\/v2\/types\/page"}],"author":[{"embeddable":true,"href":"https:\/\/transvulcania.com\/en\/wp-json\/wp\/v2\/users\/1"}],"replies":[{"embeddable":true,"href":"https:\/\/transvulcania.com\/en\/wp-json\/wp\/v2\/comments?post=639"}],"version-history":[{"count":0,"href":"https:\/\/transvulcania.com\/en\/wp-json\/wp\/v2\/pages\/639\/revisions"}],"wp:attachment":[{"href":"https:\/\/transvulcania.com\/en\/wp-json\/wp\/v2\/media?parent=639"}],"curies":[{"name":"wp","href":"https:\/\/api.w.org\/{rel}","templated":true}]}}