{"id":3763,"date":"2024-04-11T21:37:20","date_gmt":"2024-04-11T20:37:20","guid":{"rendered":"https:\/\/transvulcania.com\/modalities\/transvulcania-kids-junior\/"},"modified":"2026-04-30T09:20:17","modified_gmt":"2026-04-30T08:20:17","slug":"transvulcania-kids-junior","status":"publish","type":"page","link":"https:\/\/transvulcania.com\/en\/modalities\/transvulcania-kids-junior\/","title":{"rendered":"Transvulcania Kids-Junior"},"content":{"rendered":"\t\t<div data-elementor-type=\"wp-page\" data-elementor-id=\"3763\" class=\"elementor elementor-3763 elementor-3745\" data-elementor-post-type=\"page\">\n\t\t\t\t<div class=\"elementor-element elementor-element-a48524b e-flex e-con-boxed e-con e-parent\" data-id=\"a48524b\" data-element_type=\"container\" data-e-type=\"container\">\n\t\t\t\t\t<div class=\"e-con-inner\">\n\t\t<div class=\"elementor-element elementor-element-5c91728 e-con-full e-flex elementor-invisible e-con e-child\" data-id=\"5c91728\" data-element_type=\"container\" data-e-type=\"container\" data-settings=\"{&quot;animation&quot;:&quot;fadeInLeft&quot;}\">\n\t\t\t\t<div class=\"elementor-element elementor-element-cdc2191 elementor-widget elementor-widget-image\" data-id=\"cdc2191\" data-element_type=\"widget\" data-e-type=\"widget\" data-widget_type=\"image.default\">\n\t\t\t\t<div class=\"elementor-widget-container\">\n\t\t\t\t\t\t\t\t\t\t\t\t\t\t\t\t<a href=\"https:\/\/transvulcania.com\/wp-content\/uploads\/2026\/01\/TRV26_KD.jpg\" data-elementor-open-lightbox=\"yes\" data-elementor-lightbox-title=\"TRV26_KD\" data-e-action-hash=\"#elementor-action%3Aaction%3Dlightbox%26settings%3DeyJpZCI6MjAyMTcsInVybCI6Imh0dHBzOlwvXC90cmFuc3Z1bGNhbmlhLmNvbVwvd3AtY29udGVudFwvdXBsb2Fkc1wvMjAyNlwvMDFcL1RSVjI2X0tELmpwZyJ9\">\n\t\t\t\t\t\t\t<img fetchpriority=\"high\" decoding=\"async\" width=\"900\" height=\"696\" src=\"https:\/\/transvulcania.com\/wp-content\/uploads\/2026\/01\/TRV26_KD.jpg\" class=\"attachment-large size-large wp-image-20217\" alt=\"\" srcset=\"https:\/\/transvulcania.com\/wp-content\/uploads\/2026\/01\/TRV26_KD.jpg 1000w, https:\/\/transvulcania.com\/wp-content\/uploads\/2026\/01\/TRV26_KD-300x232.jpg 300w, https:\/\/transvulcania.com\/wp-content\/uploads\/2026\/01\/TRV26_KD-768x594.jpg 768w\" sizes=\"(max-width: 900px) 100vw, 900px\" \/>\t\t\t\t\t\t\t\t<\/a>\n\t\t\t\t\t\t\t\t\t\t\t\t\t\t\t<\/div>\n\t\t\t\t<\/div>\n\t\t\t\t<\/div>\n\t\t<div class=\"elementor-element elementor-element-ce06f66 e-con-full e-flex elementor-invisible e-con e-child\" data-id=\"ce06f66\" data-element_type=\"container\" data-e-type=\"container\" data-settings=\"{&quot;animation&quot;:&quot;fadeInRight&quot;}\">\n\t\t\t\t<div class=\"elementor-element elementor-element-b2806c4 elementor-widget elementor-widget-text-editor\" data-id=\"b2806c4\" data-element_type=\"widget\" data-e-type=\"widget\" data-widget_type=\"text-editor.default\">\n\t\t\t\t<div class=\"elementor-widget-container\">\n\t\t\t\t\t\t\t\t\t<p><strong>Venue:<\/strong> Refugio El Pilar.<\/p><p>The modality for the youngest members of the family. We bring back the Transvulcania Kids-Junior event at the mythical Refugio El Pilar. Come and enjoy a family day out and a different kind of afternoon in this non-competitive Transvulcania event. We will set up different circuits depending on the distance, category and age of the participants. It is a modality that is designed so that the youngest and youngest can experience first hand the essence of our race and gradually discover the love for the mountain.<\/p>\t\t\t\t\t\t\t\t<\/div>\n\t\t\t\t<\/div>\n\t\t\t\t<\/div>\n\t\t\t\t\t<\/div>\n\t\t\t\t<\/div>\n\t\t<div class=\"elementor-element elementor-element-887c8a2 e-flex e-con-boxed e-con e-parent\" data-id=\"887c8a2\" data-element_type=\"container\" data-e-type=\"container\" data-settings=\"{&quot;background_background&quot;:&quot;classic&quot;}\">\n\t\t\t\t\t<div class=\"e-con-inner\">\n\t\t\t\t<div class=\"elementor-element elementor-element-a171087 elementor-widget elementor-widget-eael-adv-tabs\" data-id=\"a171087\" data-element_type=\"widget\" data-e-type=\"widget\" data-widget_type=\"eael-adv-tabs.default\">\n\t\t\t\t<div class=\"elementor-widget-container\">\n\t\t\t\t\t        <div data-scroll-on-click=\"no\" data-scroll-speed=\"300\" id=\"eael-advance-tabs-a171087\" class=\"eael-advance-tabs eael-tabs-horizontal eael-tab-auto-active eael-tab-toggle\" data-tabid=\"a171087\">\n            <div class=\"eael-tabs-nav \">\n                <ul class=\"eael-tab-inline-icon\" role=\"tablist\">\n                                            <li id=\"ages-distances\" class=\"inactive eael-tab-item-trigger eael-tab-nav-item\" aria-selected=\"true\" data-tab=\"1\" role=\"tab\" tabindex=\"0\" aria-controls=\"ages-distances-tab\" aria-expanded=\"false\">\n                            \n                                                                <svg class=\"e-font-icon-svg e-fas-child\" viewBox=\"0 0 384 512\" xmlns=\"http:\/\/www.w3.org\/2000\/svg\"><path d=\"M120 72c0-39.765 32.235-72 72-72s72 32.235 72 72c0 39.764-32.235 72-72 72s-72-32.236-72-72zm254.627 1.373c-12.496-12.497-32.758-12.497-45.254 0L242.745 160H141.254L54.627 73.373c-12.496-12.497-32.758-12.497-45.254 0-12.497 12.497-12.497 32.758 0 45.255L104 213.254V480c0 17.673 14.327 32 32 32h16c17.673 0 32-14.327 32-32V368h16v112c0 17.673 14.327 32 32 32h16c17.673 0 32-14.327 32-32V213.254l94.627-94.627c12.497-12.497 12.497-32.757 0-45.254z\"><\/path><\/svg>                                                            \n                                                            <span class=\"eael-tab-title title-after-icon\" >Ages - Distances<\/span>                            \n                                                    <\/li>\n                    \n                                  <\/ul>\n            <\/div>\n            \n            <div class=\"eael-tabs-content\">\n\t\t        \n                    <div id=\"ages-distances-tab\" class=\"clearfix eael-tab-content-item inactive\" data-title-link=\"ages-distances-tab\">\n\t\t\t\t        <style>.elementor-3790 .elementor-element.elementor-element-158f869{--display:flex;--flex-direction:column;--container-widget-width:100%;--container-widget-height:initial;--container-widget-flex-grow:0;--container-widget-align-self:initial;--flex-wrap-mobile:wrap;}.elementor-widget-text-editor{font-family:var( --e-global-typography-text-font-family ), Sans-serif;font-weight:var( --e-global-typography-text-font-weight );color:var( --e-global-color-text );}.elementor-widget-text-editor.elementor-drop-cap-view-stacked .elementor-drop-cap{background-color:var( --e-global-color-primary );}.elementor-widget-text-editor.elementor-drop-cap-view-framed .elementor-drop-cap, .elementor-widget-text-editor.elementor-drop-cap-view-default .elementor-drop-cap{color:var( --e-global-color-primary );border-color:var( --e-global-color-primary );}\/* Start custom CSS for container, class: .elementor-element-158f869 *\/.elementor-3790 .elementor-element.elementor-element-158f869{\n       width: 100%;\n    overflow-x: auto;\n}\/* End custom CSS *\/<\/style>\t\t<div data-elementor-type=\"section\" data-elementor-id=\"3790\" class=\"elementor elementor-3790 elementor-3788\" data-elementor-post-type=\"elementor_library\">\n\t\t\t<div class=\"elementor-element elementor-element-158f869 e-flex e-con-boxed e-con e-parent\" data-id=\"158f869\" data-element_type=\"container\" data-e-type=\"container\">\n\t\t\t\t\t<div class=\"e-con-inner\">\n\t\t\t\t<div class=\"elementor-element elementor-element-dce9a9d elementor-widget elementor-widget-text-editor\" data-id=\"dce9a9d\" data-element_type=\"widget\" data-e-type=\"widget\" data-widget_type=\"text-editor.default\">\n\t\t\t\t<div class=\"elementor-widget-container\">\n\t\t\t\t\t\t\t\t\t<table style=\"width: 100%!important;\" border=\"1\" cellspacing=\"1\" cellpadding=\"1\"><tbody><tr><td style=\"text-align: center;\"><strong>Category<\/strong><\/td><td style=\"text-align: center;\"><strong>Year of birth<\/strong><\/td><td style=\"text-align: center;\"><strong>Approximate distance<\/strong><\/td><\/tr><tr><td style=\"text-align: center;\">Mini Kids<\/td><td style=\"text-align: center;\">Born in 2021 and later<\/td><td style=\"text-align: center;\">250 metros<\/td><\/tr><tr><td style=\"text-align: center;\">Sub 8<\/td><td style=\"text-align: center;\">Born between 2019 and 2020<\/td><td style=\"text-align: center;\">500 metros<\/td><\/tr><tr><td style=\"text-align: center;\">Sub 10<\/td><td style=\"text-align: center;\">Born between 2017 and 2018<\/td><td style=\"text-align: center;\">750 metros<\/td><\/tr><tr><td style=\"text-align: center;\" height=\"20\">Sub 12<\/td><td style=\"text-align: center;\">Born between 2015 and 2016<\/td><td style=\"text-align: center;\">1250 metros<\/td><\/tr><tr><td style=\"text-align: center;\">Sub 14<\/td><td style=\"text-align: center;\" width=\"227\">Born between 2013 and 2014<\/td><td style=\"text-align: center;\">2000 metros<\/td><\/tr><tr><td style=\"text-align: center;\">Sub 16<\/td><td style=\"text-align: center;\">Born between 2011 and 2012<\/td><td style=\"text-align: center;\">2500 metros<\/td><\/tr><tr><td style=\"text-align: center;\">Sub 18<\/td><td style=\"text-align: center;\">Born between 2009 and 2010<\/td><td style=\"text-align: center;\">4500 metros<\/td><\/tr><\/tbody><\/table>\t\t\t\t\t\t\t\t<\/div>\n\t\t\t\t<\/div>\n\t\t\t\t\t<\/div>\n\t\t\t\t<\/div>\n\t\t\t\t<\/div>\n\t\t                    <\/div>\n\t\t                    <\/div>\n        <\/div>\n\t\t\t\t<\/div>\n\t\t\t\t<\/div>\n\t\t\t\t\t<\/div>\n\t\t\t\t<\/div>\n\t\t\t\t<\/div>\n\t\t","protected":false},"excerpt":{"rendered":"<p>Venue: Refugio El Pilar. The modality for the youngest members of the family. We bring back the Transvulcania Kids-Junior event at the mythical Refugio El Pilar. Come and enjoy a family day out and a different kind of afternoon in this non-competitive Transvulcania event. We will set up different circuits depending on the distance, category &#8230; <a title=\"Transvulcania Kids-Junior\" class=\"read-more\" href=\"https:\/\/transvulcania.com\/en\/modalities\/transvulcania-kids-junior\/\" aria-label=\"Read more about Transvulcania Kids-Junior\">Read more<\/a><\/p>\n","protected":false},"author":1,"featured_media":0,"parent":676,"menu_order":0,"comment_status":"closed","ping_status":"closed","template":"","meta":{"footnotes":""},"class_list":["post-3763","page","type-page","status-publish"],"yoast_head":"<!-- This site is optimized with the Yoast SEO Premium plugin v21.2 (Yoast SEO v21.2) - https:\/\/yoast.com\/wordpress\/plugins\/seo\/ -->\n<title>Transvulcania Kids-Junior - Transvulcania Terrex 2025 - Ultramarathon La Palma<\/title>\n<meta name=\"robots\" content=\"index, follow, max-snippet:-1, max-image-preview:large, max-video-preview:-1\" \/>\n<link rel=\"canonical\" href=\"https:\/\/transvulcania.com\/en\/modalities\/transvulcania-kids-junior\/\" \/>\n<meta property=\"og:locale\" content=\"en_US\" \/>\n<meta property=\"og:type\" content=\"article\" \/>\n<meta property=\"og:title\" content=\"Transvulcania Kids-Junior\" \/>\n<meta property=\"og:description\" content=\"Venue: Refugio El Pilar. The modality for the youngest members of the family. We bring back the Transvulcania Kids-Junior event at the mythical Refugio El Pilar. Come and enjoy a family day out and a different kind of afternoon in this non-competitive Transvulcania event. We will set up different circuits depending on the distance, category ... Read more\" \/>\n<meta property=\"og:url\" content=\"https:\/\/transvulcania.com\/en\/modalities\/transvulcania-kids-junior\/\" \/>\n<meta property=\"og:site_name\" content=\"Transvulcania Terrex 2025 - Ultramarathon La Palma\" \/>\n<meta property=\"article:modified_time\" content=\"2026-04-30T08:20:17+00:00\" \/>\n<meta property=\"og:image\" content=\"https:\/\/transvulcania.com\/wp-content\/uploads\/2026\/01\/TRV26_KD.jpg\" \/>\n<meta name=\"twitter:card\" content=\"summary_large_image\" \/>\n<meta name=\"twitter:label1\" content=\"Est. reading time\" \/>\n\t<meta name=\"twitter:data1\" content=\"2 minutes\" \/>\n<script type=\"application\/ld+json\" class=\"yoast-schema-graph\">{\"@context\":\"https:\/\/schema.org\",\"@graph\":[{\"@type\":\"WebPage\",\"@id\":\"https:\/\/transvulcania.com\/en\/modalities\/transvulcania-kids-junior\/\",\"url\":\"https:\/\/transvulcania.com\/en\/modalities\/transvulcania-kids-junior\/\",\"name\":\"Transvulcania Kids-Junior - Transvulcania Terrex 2025 - Ultramarathon La Palma\",\"isPartOf\":{\"@id\":\"https:\/\/transvulcania.com\/en\/#website\"},\"datePublished\":\"2024-04-11T20:37:20+00:00\",\"dateModified\":\"2026-04-30T08:20:17+00:00\",\"breadcrumb\":{\"@id\":\"https:\/\/transvulcania.com\/en\/modalities\/transvulcania-kids-junior\/#breadcrumb\"},\"inLanguage\":\"en-US\",\"potentialAction\":[{\"@type\":\"ReadAction\",\"target\":[\"https:\/\/transvulcania.com\/en\/modalities\/transvulcania-kids-junior\/\"]}]},{\"@type\":\"BreadcrumbList\",\"@id\":\"https:\/\/transvulcania.com\/en\/modalities\/transvulcania-kids-junior\/#breadcrumb\",\"itemListElement\":[{\"@type\":\"ListItem\",\"position\":1,\"name\":\"Home\",\"item\":\"https:\/\/transvulcania.com\/en\/\"},{\"@type\":\"ListItem\",\"position\":2,\"name\":\"Modalities\",\"item\":\"https:\/\/transvulcania.com\/en\/modalities\/\"},{\"@type\":\"ListItem\",\"position\":3,\"name\":\"Transvulcania Kids-Junior\"}]},{\"@type\":\"WebSite\",\"@id\":\"https:\/\/transvulcania.com\/en\/#website\",\"url\":\"https:\/\/transvulcania.com\/en\/\",\"name\":\"Transvulcania Terrex 2025 - Ultramarathon La Palma\",\"description\":\"Transvulcania 2025 - Es la XV Edici\u00f3n de la Ultramarat\u00f3n de monta\u00f1a de la Isla La Palma\",\"publisher\":{\"@id\":\"https:\/\/transvulcania.com\/en\/#organization\"},\"potentialAction\":[{\"@type\":\"SearchAction\",\"target\":{\"@type\":\"EntryPoint\",\"urlTemplate\":\"https:\/\/transvulcania.com\/en\/?s={search_term_string}\"},\"query-input\":\"required name=search_term_string\"}],\"inLanguage\":\"en-US\"},{\"@type\":\"Organization\",\"@id\":\"https:\/\/transvulcania.com\/en\/#organization\",\"name\":\"Transvulcania Terrex 2025 - Ultramarathon La Palma\",\"url\":\"https:\/\/transvulcania.com\/en\/\",\"logo\":{\"@type\":\"ImageObject\",\"inLanguage\":\"en-US\",\"@id\":\"https:\/\/transvulcania.com\/en\/#\/schema\/logo\/image\/\",\"url\":\"https:\/\/transvulcania.com\/wp-content\/uploads\/2024\/03\/Logo_Transvulcania_Terrex.png\",\"contentUrl\":\"https:\/\/transvulcania.com\/wp-content\/uploads\/2024\/03\/Logo_Transvulcania_Terrex.png\",\"width\":431,\"height\":552,\"caption\":\"Transvulcania Terrex 2025 - Ultramarathon La Palma\"},\"image\":{\"@id\":\"https:\/\/transvulcania.com\/en\/#\/schema\/logo\/image\/\"}}]}<\/script>\n<!-- \/ Yoast SEO Premium plugin. -->","yoast_head_json":{"title":"Transvulcania Kids-Junior - Transvulcania Terrex 2025 - Ultramarathon La Palma","robots":{"index":"index","follow":"follow","max-snippet":"max-snippet:-1","max-image-preview":"max-image-preview:large","max-video-preview":"max-video-preview:-1"},"canonical":"https:\/\/transvulcania.com\/en\/modalities\/transvulcania-kids-junior\/","og_locale":"en_US","og_type":"article","og_title":"Transvulcania Kids-Junior","og_description":"Venue: Refugio El Pilar. The modality for the youngest members of the family. We bring back the Transvulcania Kids-Junior event at the mythical Refugio El Pilar. Come and enjoy a family day out and a different kind of afternoon in this non-competitive Transvulcania event. We will set up different circuits depending on the distance, category ... Read more","og_url":"https:\/\/transvulcania.com\/en\/modalities\/transvulcania-kids-junior\/","og_site_name":"Transvulcania Terrex 2025 - Ultramarathon La Palma","article_modified_time":"2026-04-30T08:20:17+00:00","og_image":[{"url":"https:\/\/transvulcania.com\/wp-content\/uploads\/2026\/01\/TRV26_KD.jpg"}],"twitter_card":"summary_large_image","twitter_misc":{"Est. reading time":"2 minutes"},"schema":{"@context":"https:\/\/schema.org","@graph":[{"@type":"WebPage","@id":"https:\/\/transvulcania.com\/en\/modalities\/transvulcania-kids-junior\/","url":"https:\/\/transvulcania.com\/en\/modalities\/transvulcania-kids-junior\/","name":"Transvulcania Kids-Junior - Transvulcania Terrex 2025 - Ultramarathon La Palma","isPartOf":{"@id":"https:\/\/transvulcania.com\/en\/#website"},"datePublished":"2024-04-11T20:37:20+00:00","dateModified":"2026-04-30T08:20:17+00:00","breadcrumb":{"@id":"https:\/\/transvulcania.com\/en\/modalities\/transvulcania-kids-junior\/#breadcrumb"},"inLanguage":"en-US","potentialAction":[{"@type":"ReadAction","target":["https:\/\/transvulcania.com\/en\/modalities\/transvulcania-kids-junior\/"]}]},{"@type":"BreadcrumbList","@id":"https:\/\/transvulcania.com\/en\/modalities\/transvulcania-kids-junior\/#breadcrumb","itemListElement":[{"@type":"ListItem","position":1,"name":"Home","item":"https:\/\/transvulcania.com\/en\/"},{"@type":"ListItem","position":2,"name":"Modalities","item":"https:\/\/transvulcania.com\/en\/modalities\/"},{"@type":"ListItem","position":3,"name":"Transvulcania Kids-Junior"}]},{"@type":"WebSite","@id":"https:\/\/transvulcania.com\/en\/#website","url":"https:\/\/transvulcania.com\/en\/","name":"Transvulcania Terrex 2025 - Ultramarathon La Palma","description":"Transvulcania 2025 - Es la XV Edici\u00f3n de la Ultramarat\u00f3n de monta\u00f1a de la Isla La Palma","publisher":{"@id":"https:\/\/transvulcania.com\/en\/#organization"},"potentialAction":[{"@type":"SearchAction","target":{"@type":"EntryPoint","urlTemplate":"https:\/\/transvulcania.com\/en\/?s={search_term_string}"},"query-input":"required name=search_term_string"}],"inLanguage":"en-US"},{"@type":"Organization","@id":"https:\/\/transvulcania.com\/en\/#organization","name":"Transvulcania Terrex 2025 - Ultramarathon La Palma","url":"https:\/\/transvulcania.com\/en\/","logo":{"@type":"ImageObject","inLanguage":"en-US","@id":"https:\/\/transvulcania.com\/en\/#\/schema\/logo\/image\/","url":"https:\/\/transvulcania.com\/wp-content\/uploads\/2024\/03\/Logo_Transvulcania_Terrex.png","contentUrl":"https:\/\/transvulcania.com\/wp-content\/uploads\/2024\/03\/Logo_Transvulcania_Terrex.png","width":431,"height":552,"caption":"Transvulcania Terrex 2025 - Ultramarathon La Palma"},"image":{"@id":"https:\/\/transvulcania.com\/en\/#\/schema\/logo\/image\/"}}]}},"_links":{"self":[{"href":"https:\/\/transvulcania.com\/en\/wp-json\/wp\/v2\/pages\/3763","targetHints":{"allow":["GET"]}}],"collection":[{"href":"https:\/\/transvulcania.com\/en\/wp-json\/wp\/v2\/pages"}],"about":[{"href":"https:\/\/transvulcania.com\/en\/wp-json\/wp\/v2\/types\/page"}],"author":[{"embeddable":true,"href":"https:\/\/transvulcania.com\/en\/wp-json\/wp\/v2\/users\/1"}],"replies":[{"embeddable":true,"href":"https:\/\/transvulcania.com\/en\/wp-json\/wp\/v2\/comments?post=3763"}],"version-history":[{"count":9,"href":"https:\/\/transvulcania.com\/en\/wp-json\/wp\/v2\/pages\/3763\/revisions"}],"predecessor-version":[{"id":21261,"href":"https:\/\/transvulcania.com\/en\/wp-json\/wp\/v2\/pages\/3763\/revisions\/21261"}],"up":[{"embeddable":true,"href":"https:\/\/transvulcania.com\/en\/wp-json\/wp\/v2\/pages\/676"}],"wp:attachment":[{"href":"https:\/\/transvulcania.com\/en\/wp-json\/wp\/v2\/media?parent=3763"}],"curies":[{"name":"wp","href":"https:\/\/api.w.org\/{rel}","templated":true}]}}