{"id":21230,"date":"2024-06-19T13:31:37","date_gmt":"2024-06-19T12:31:37","guid":{"rendered":"https:\/\/transvulcania.com\/?page_id=21230"},"modified":"2026-04-30T11:28:00","modified_gmt":"2026-04-30T10:28:00","slug":"public-access-points","status":"publish","type":"page","link":"https:\/\/transvulcania.com\/en\/public-access-points\/","title":{"rendered":"Public access points"},"content":{"rendered":"\t\t<div data-elementor-type=\"wp-page\" data-elementor-id=\"21230\" class=\"elementor elementor-21230 elementor-4477\" data-elementor-post-type=\"page\">\n\t\t\t\t\t\t<section class=\"elementor-section elementor-top-section elementor-element elementor-element-2617807 elementor-section-stretched elementor-section-boxed elementor-section-height-default elementor-section-height-default\" data-id=\"2617807\" data-element_type=\"section\" data-e-type=\"section\" data-settings=\"{&quot;background_background&quot;:&quot;classic&quot;,&quot;stretch_section&quot;:&quot;section-stretched&quot;,&quot;shape_divider_top&quot;:&quot;pyramids&quot;}\">\n\t\t\t\t\t\t\t<div class=\"elementor-background-overlay\"><\/div>\n\t\t\t\t\t\t<div class=\"elementor-shape elementor-shape-top\" aria-hidden=\"true\" data-negative=\"false\">\n\t\t\t<svg xmlns=\"http:\/\/www.w3.org\/2000\/svg\" viewBox=\"0 0 1000 100\" preserveAspectRatio=\"none\">\n\t<path class=\"elementor-shape-fill\" d=\"M761.9,44.1L643.1,27.2L333.8,98L0,3.8V0l1000,0v3.9\"\/>\n<\/svg>\t\t<\/div>\n\t\t\t\t\t<div class=\"elementor-container elementor-column-gap-no\">\n\t\t\t\t\t<div class=\"elementor-column elementor-col-100 elementor-top-column elementor-element elementor-element-f964747\" data-id=\"f964747\" data-element_type=\"column\" data-e-type=\"column\">\n\t\t\t<div class=\"elementor-widget-wrap elementor-element-populated\">\n\t\t\t\t<div class=\"elementor-element elementor-element-80e6d43 e-con-full e-flex e-con e-parent\" data-id=\"80e6d43\" data-element_type=\"container\" data-e-type=\"container\">\n\t\t<div class=\"elementor-element elementor-element-90c4282 e-con-full e-flex elementor-invisible e-con e-child\" data-id=\"90c4282\" data-element_type=\"container\" data-e-type=\"container\" data-settings=\"{&quot;background_background&quot;:&quot;classic&quot;,&quot;animation&quot;:&quot;fadeInRight&quot;}\">\n\t\t\t\t<div class=\"elementor-element elementor-element-6e1b422 elementor-widget elementor-widget-text-editor\" data-id=\"6e1b422\" data-element_type=\"widget\" data-e-type=\"widget\" data-widget_type=\"text-editor.default\">\n\t\t\t\t<div class=\"elementor-widget-container\">\n\t\t\t\t\t\t\t\t\t<h4>Spectators will once again be able to visit the iconic landmarks of the adidas Transvulcania.<\/h4><p>One of the organizers\u2019 main goals was to meet this popular demand and once again allow public access to areas that were previously off-limits, such as the Fuencaliente Lighthouse, or to restore access to the El Pilar Shelter, as in previous editions. Thus, in this edition, spectators will once again be able to drive their vehicles to these iconic points along the race route.<\/p><p><strong>Access to the Fuencaliente Lighthouse<\/strong> will only be possible via the Las Indias road (LP-209), with a checkpoint located near the hotel complex (LP-207), where drivers will be informed that, if they pass that point, they will have to wait until after the start of the Half Marathon to leave the area, traveling only in the direction of Las Caletas (LP-207).<\/p><p>The left lane of this road, the LP-207, on the section between Playa de Echentive and the access junction to the Lighthouse, will be designated for parking. State law enforcement officers and personnel will be present at all times to guide drivers and indicate where each vehicle should park so as not to block access to the area. Vehicles will be parked on a first-come, first-served basis, and the public, who will walk from their vehicles to the starting area at El Faro, must wear a reflective vest or carry a lighted device.<\/p><p>On the other side, the descent toward El Faro via Las Caletas (LP-207) will be closed and may only be used by the buses transporting runners. We recommend arriving well in advance, keeping in mind that the Ultramarathon race starts at 6:00 a.m. and that a large crowd is expected at this location.<\/p><p><strong>Spectators will also be able to access the El Pilar Refuge<\/strong> again. In this case, access by private vehicle will only be permitted via San Isidro (LP-301), on the eastern side of the island. Access via the ascent from El Paso (western side) will be available only via shuttle buses provided by the organization for the public, which will depart from the Caldera de Taburiente Visitor Center and the Las Piedras bus stop between 4:30 a.m. and 1:30 p.m. Therefore, anyone wishing to access this location by private car must do so exclusively via the San Isidro (LP-301) route, where parking areas will also be available in the area known as Hoya del Rehielo. However, all vehicles using this road must return via the same route, as there will be no possibility of crossing into the Aridane Valley while the restrictions are in effect.<\/p><p>There will be intermittent road closures at the entrance to Los Canarios to allow runners to pass between 6:30 a.m. and 9:30 a.m. The affected areas are the intersection at the entrance to the Fuencaliente Volcanoes Visitor Center (above Bodegas Carballo) and the intersection of the LP-2 highway near Bar Parada, where the road will be completely closed. In addition, the LP-2 highway will be closed from the intersection of LP-2 and LP-209 to the intersection of LP-2 with Calle Venezuela and Calle Jos\u00e9 Pons.<\/p><p><strong>Regarding access to Roque de Los Muchachos<\/strong>, traffic will be blocked at the entrance to the GTC (Gran Telescopio Canarias), located approximately one kilometer from the aid station. No unauthorized vehicles will be allowed past this point, so the left lane will be designated for parking. Shuttle buses will run continuously from the telescope parking lot to the aid station at this location.<\/p><p><strong>Access to El Roque de Los Muchachos<\/strong> from Garaf\u00eda is permitted. Access from Santa Cruz de La Palma to El Roque de Los Muchachos is also permitted, but you will not be able to return via the same route past the Road Information Point at the Pico de La Nieve junction. If you wish to return to Santa Cruz de La Palma via the same route, you must leave your car at Pico de La Nieve and take the shuttle buses provided to travel to and from El Roque de Los Muchachos. If you intend to descend via the Garaf\u00eda road, you may proceed along that route. Please note that once you pass the aforementioned point, you will not be able to return in your vehicle.<\/p><p><strong>In Los Llanos de Aridane<\/strong>, due to the massive influx of visitors, the following streets in this urban area will remain closed: Avenida Doctor Fleming, Calle \u00c1ngel, Calle Fern\u00e1ndez Ta\u00f1o, and Avenida Enrique Mederos (from the Municipal Market to Avenida Doctor Fleming).<\/p>\t\t\t\t\t\t\t\t<\/div>\n\t\t\t\t<\/div>\n\t\t\t\t<\/div>\n\t\t<div class=\"elementor-element elementor-element-b171021 e-con-full e-flex elementor-invisible e-con e-child\" data-id=\"b171021\" data-element_type=\"container\" data-e-type=\"container\" data-settings=\"{&quot;background_background&quot;:&quot;classic&quot;,&quot;animation&quot;:&quot;fadeInRight&quot;}\">\n\t\t\t\t<div class=\"elementor-element elementor-element-8d103ec elementor-widget elementor-widget-image\" data-id=\"8d103ec\" data-element_type=\"widget\" data-e-type=\"widget\" data-widget_type=\"image.default\">\n\t\t\t\t<div class=\"elementor-widget-container\">\n\t\t\t\t\t\t\t\t\t\t\t\t\t\t\t\t<a href=\"https:\/\/transvulcania.com\/wp-content\/uploads\/2026\/04\/Mapa-Faro-de-Fuencaliente-3-scaled-1.jpg\" data-elementor-open-lightbox=\"yes\" data-elementor-lightbox-title=\"Mapa-Faro-de-Fuencaliente-3-scaled.jpg\" data-e-action-hash=\"#elementor-action%3Aaction%3Dlightbox%26settings%3DeyJpZCI6IjIxMjM2IiwidXJsIjoiaHR0cHM6XC9cL3RyYW5zdnVsY2FuaWEuY29tXC93cC1jb250ZW50XC91cGxvYWRzXC8yMDI2XC8wNFwvTWFwYS1GYXJvLWRlLUZ1ZW5jYWxpZW50ZS0zLXNjYWxlZC0xLmpwZyJ9\">\n\t\t\t\t\t\t\t<img fetchpriority=\"high\" decoding=\"async\" width=\"900\" height=\"517\" src=\"https:\/\/transvulcania.com\/wp-content\/uploads\/2026\/04\/Mapa-Faro-de-Fuencaliente-3-scaled-1-1024x588.jpg\" class=\"attachment-large size-large wp-image-21236\" alt=\"\" srcset=\"https:\/\/transvulcania.com\/wp-content\/uploads\/2026\/04\/Mapa-Faro-de-Fuencaliente-3-scaled-1-1024x588.jpg 1024w, https:\/\/transvulcania.com\/wp-content\/uploads\/2026\/04\/Mapa-Faro-de-Fuencaliente-3-scaled-1-300x172.jpg 300w, https:\/\/transvulcania.com\/wp-content\/uploads\/2026\/04\/Mapa-Faro-de-Fuencaliente-3-scaled-1-768x441.jpg 768w, https:\/\/transvulcania.com\/wp-content\/uploads\/2026\/04\/Mapa-Faro-de-Fuencaliente-3-scaled-1-1536x883.jpg 1536w, https:\/\/transvulcania.com\/wp-content\/uploads\/2026\/04\/Mapa-Faro-de-Fuencaliente-3-scaled-1-2048x1177.jpg 2048w\" sizes=\"(max-width: 900px) 100vw, 900px\" \/>\t\t\t\t\t\t\t\t<\/a>\n\t\t\t\t\t\t\t\t\t\t\t\t\t\t\t<\/div>\n\t\t\t\t<\/div>\n\t\t\t\t<div class=\"elementor-element elementor-element-9d43f21 elementor-widget elementor-widget-image\" data-id=\"9d43f21\" data-element_type=\"widget\" data-e-type=\"widget\" data-widget_type=\"image.default\">\n\t\t\t\t<div class=\"elementor-widget-container\">\n\t\t\t\t\t\t\t\t\t\t\t\t\t\t\t\t<a href=\"https:\/\/transvulcania.com\/wp-content\/uploads\/2026\/04\/Mapa-Refugio-de-El-Pilar-1-scaled-1.jpg\" data-elementor-open-lightbox=\"yes\" data-elementor-lightbox-title=\"Mapa-Refugio-de-El-Pilar-1-scaled.jpg\" data-e-action-hash=\"#elementor-action%3Aaction%3Dlightbox%26settings%3DeyJpZCI6IjIxMjM5IiwidXJsIjoiaHR0cHM6XC9cL3RyYW5zdnVsY2FuaWEuY29tXC93cC1jb250ZW50XC91cGxvYWRzXC8yMDI2XC8wNFwvTWFwYS1SZWZ1Z2lvLWRlLUVsLVBpbGFyLTEtc2NhbGVkLTEuanBnIn0%3D\">\n\t\t\t\t\t\t\t<img decoding=\"async\" width=\"900\" height=\"395\" src=\"https:\/\/transvulcania.com\/wp-content\/uploads\/2026\/04\/Mapa-Refugio-de-El-Pilar-1-scaled-1-1024x449.jpg\" class=\"attachment-large size-large wp-image-21239\" alt=\"\" srcset=\"https:\/\/transvulcania.com\/wp-content\/uploads\/2026\/04\/Mapa-Refugio-de-El-Pilar-1-scaled-1-1024x449.jpg 1024w, https:\/\/transvulcania.com\/wp-content\/uploads\/2026\/04\/Mapa-Refugio-de-El-Pilar-1-scaled-1-300x132.jpg 300w, https:\/\/transvulcania.com\/wp-content\/uploads\/2026\/04\/Mapa-Refugio-de-El-Pilar-1-scaled-1-768x337.jpg 768w, https:\/\/transvulcania.com\/wp-content\/uploads\/2026\/04\/Mapa-Refugio-de-El-Pilar-1-scaled-1-1536x674.jpg 1536w, https:\/\/transvulcania.com\/wp-content\/uploads\/2026\/04\/Mapa-Refugio-de-El-Pilar-1-scaled-1-2048x898.jpg 2048w\" sizes=\"(max-width: 900px) 100vw, 900px\" \/>\t\t\t\t\t\t\t\t<\/a>\n\t\t\t\t\t\t\t\t\t\t\t\t\t\t\t<\/div>\n\t\t\t\t<\/div>\n\t\t\t\t<div class=\"elementor-element elementor-element-5b6e25d elementor-widget elementor-widget-image\" data-id=\"5b6e25d\" data-element_type=\"widget\" data-e-type=\"widget\" data-widget_type=\"image.default\">\n\t\t\t\t<div class=\"elementor-widget-container\">\n\t\t\t\t\t\t\t\t\t\t\t\t\t\t\t\t<a href=\"https:\/\/transvulcania.com\/wp-content\/uploads\/2026\/04\/Roque_Muchachos_Mapa-1.jpg\" data-elementor-open-lightbox=\"yes\" data-elementor-lightbox-title=\"Roque_Muchachos_Mapa.jpg\" data-e-action-hash=\"#elementor-action%3Aaction%3Dlightbox%26settings%3DeyJpZCI6MjEyOTgsInVybCI6Imh0dHBzOlwvXC90cmFuc3Z1bGNhbmlhLmNvbVwvd3AtY29udGVudFwvdXBsb2Fkc1wvMjAyNlwvMDRcL1JvcXVlX011Y2hhY2hvc19NYXBhLTEuanBnIn0%3D\">\n\t\t\t\t\t\t\t<img decoding=\"async\" width=\"800\" height=\"513\" src=\"https:\/\/transvulcania.com\/wp-content\/uploads\/2026\/04\/Roque_Muchachos_Mapa-1.jpg\" class=\"attachment-large size-large wp-image-21298\" alt=\"\" srcset=\"https:\/\/transvulcania.com\/wp-content\/uploads\/2026\/04\/Roque_Muchachos_Mapa-1.jpg 800w, https:\/\/transvulcania.com\/wp-content\/uploads\/2026\/04\/Roque_Muchachos_Mapa-1-300x192.jpg 300w, https:\/\/transvulcania.com\/wp-content\/uploads\/2026\/04\/Roque_Muchachos_Mapa-1-768x492.jpg 768w\" sizes=\"(max-width: 800px) 100vw, 800px\" \/>\t\t\t\t\t\t\t\t<\/a>\n\t\t\t\t\t\t\t\t\t\t\t\t\t\t\t<\/div>\n\t\t\t\t<\/div>\n\t\t\t\t<div class=\"elementor-element elementor-element-ded7464 elementor-widget elementor-widget-image\" data-id=\"ded7464\" data-element_type=\"widget\" data-e-type=\"widget\" data-widget_type=\"image.default\">\n\t\t\t\t<div class=\"elementor-widget-container\">\n\t\t\t\t\t\t\t\t\t\t\t\t\t\t\t\t<a href=\"https:\/\/transvulcania.com\/wp-content\/uploads\/2026\/04\/cartel_carretera-1.jpg\" data-elementor-open-lightbox=\"yes\" data-elementor-lightbox-title=\"cartel_carretera.jpg\" data-e-action-hash=\"#elementor-action%3Aaction%3Dlightbox%26settings%3DeyJpZCI6MjEzMDEsInVybCI6Imh0dHBzOlwvXC90cmFuc3Z1bGNhbmlhLmNvbVwvd3AtY29udGVudFwvdXBsb2Fkc1wvMjAyNlwvMDRcL2NhcnRlbF9jYXJyZXRlcmEtMS5qcGcifQ%3D%3D\">\n\t\t\t\t\t\t\t<img loading=\"lazy\" decoding=\"async\" width=\"900\" height=\"770\" src=\"https:\/\/transvulcania.com\/wp-content\/uploads\/2026\/04\/cartel_carretera-1.jpg\" class=\"attachment-large size-large wp-image-21301\" alt=\"\" srcset=\"https:\/\/transvulcania.com\/wp-content\/uploads\/2026\/04\/cartel_carretera-1.jpg 1000w, https:\/\/transvulcania.com\/wp-content\/uploads\/2026\/04\/cartel_carretera-1-300x257.jpg 300w, https:\/\/transvulcania.com\/wp-content\/uploads\/2026\/04\/cartel_carretera-1-768x657.jpg 768w\" sizes=\"(max-width: 900px) 100vw, 900px\" \/>\t\t\t\t\t\t\t\t<\/a>\n\t\t\t\t\t\t\t\t\t\t\t\t\t\t\t<\/div>\n\t\t\t\t<\/div>\n\t\t\t\t<\/div>\n\t\t\t\t<\/div>\n\t\t\t\t\t<\/div>\n\t\t<\/div>\n\t\t\t\t\t<\/div>\n\t\t<\/section>\n\t\t\t\t<\/div>\n\t\t","protected":false},"excerpt":{"rendered":"<p>Spectators will once again be able to visit the iconic landmarks of the adidas Transvulcania. One of the organizers\u2019 main goals was to meet this popular demand and once again allow public access to areas that were previously off-limits, such as the Fuencaliente Lighthouse, or to restore access to the El Pilar Shelter, as in &#8230; <a title=\"Public access points\" class=\"read-more\" href=\"https:\/\/transvulcania.com\/en\/public-access-points\/\" aria-label=\"Read more about Public access points\">Read more<\/a><\/p>\n","protected":false},"author":1,"featured_media":0,"parent":0,"menu_order":0,"comment_status":"closed","ping_status":"closed","template":"","meta":{"footnotes":""},"class_list":["post-21230","page","type-page","status-publish"],"yoast_head":"<!-- This site is optimized with the Yoast SEO Premium plugin v21.2 (Yoast SEO v21.2) - https:\/\/yoast.com\/wordpress\/plugins\/seo\/ -->\n<title>Public access points - Transvulcania Terrex 2025 - Ultramarathon La Palma<\/title>\n<meta name=\"robots\" content=\"index, follow, max-snippet:-1, max-image-preview:large, max-video-preview:-1\" \/>\n<link rel=\"canonical\" href=\"https:\/\/transvulcania.com\/en\/public-access-points\/\" \/>\n<meta property=\"og:locale\" content=\"en_US\" \/>\n<meta property=\"og:type\" content=\"article\" \/>\n<meta property=\"og:title\" content=\"Public access points\" \/>\n<meta property=\"og:description\" content=\"Spectators will once again be able to visit the iconic landmarks of the adidas Transvulcania. One of the organizers\u2019 main goals was to meet this popular demand and once again allow public access to areas that were previously off-limits, such as the Fuencaliente Lighthouse, or to restore access to the El Pilar Shelter, as in ... Read more\" \/>\n<meta property=\"og:url\" content=\"https:\/\/transvulcania.com\/en\/public-access-points\/\" \/>\n<meta property=\"og:site_name\" content=\"Transvulcania Terrex 2025 - Ultramarathon La Palma\" \/>\n<meta property=\"article:modified_time\" content=\"2026-04-30T10:28:00+00:00\" \/>\n<meta property=\"og:image\" content=\"https:\/\/transvulcania.com\/wp-content\/uploads\/2026\/04\/Mapa-Faro-de-Fuencaliente-3-scaled-1-1024x588.jpg\" \/>\n<meta name=\"twitter:card\" content=\"summary_large_image\" \/>\n<meta name=\"twitter:label1\" content=\"Est. reading time\" \/>\n\t<meta name=\"twitter:data1\" content=\"5 minutes\" \/>\n<script type=\"application\/ld+json\" class=\"yoast-schema-graph\">{\"@context\":\"https:\/\/schema.org\",\"@graph\":[{\"@type\":\"WebPage\",\"@id\":\"https:\/\/transvulcania.com\/en\/public-access-points\/\",\"url\":\"https:\/\/transvulcania.com\/en\/public-access-points\/\",\"name\":\"Public access points - Transvulcania Terrex 2025 - Ultramarathon La Palma\",\"isPartOf\":{\"@id\":\"https:\/\/transvulcania.com\/en\/#website\"},\"datePublished\":\"2024-06-19T12:31:37+00:00\",\"dateModified\":\"2026-04-30T10:28:00+00:00\",\"breadcrumb\":{\"@id\":\"https:\/\/transvulcania.com\/en\/public-access-points\/#breadcrumb\"},\"inLanguage\":\"en-US\",\"potentialAction\":[{\"@type\":\"ReadAction\",\"target\":[\"https:\/\/transvulcania.com\/en\/public-access-points\/\"]}]},{\"@type\":\"BreadcrumbList\",\"@id\":\"https:\/\/transvulcania.com\/en\/public-access-points\/#breadcrumb\",\"itemListElement\":[{\"@type\":\"ListItem\",\"position\":1,\"name\":\"Home\",\"item\":\"https:\/\/transvulcania.com\/en\/\"},{\"@type\":\"ListItem\",\"position\":2,\"name\":\"Public access points\"}]},{\"@type\":\"WebSite\",\"@id\":\"https:\/\/transvulcania.com\/en\/#website\",\"url\":\"https:\/\/transvulcania.com\/en\/\",\"name\":\"Transvulcania Terrex 2025 - Ultramarathon La Palma\",\"description\":\"Transvulcania 2025 - Es la XV Edici\u00f3n de la Ultramarat\u00f3n de monta\u00f1a de la Isla La Palma\",\"publisher\":{\"@id\":\"https:\/\/transvulcania.com\/en\/#organization\"},\"potentialAction\":[{\"@type\":\"SearchAction\",\"target\":{\"@type\":\"EntryPoint\",\"urlTemplate\":\"https:\/\/transvulcania.com\/en\/?s={search_term_string}\"},\"query-input\":\"required name=search_term_string\"}],\"inLanguage\":\"en-US\"},{\"@type\":\"Organization\",\"@id\":\"https:\/\/transvulcania.com\/en\/#organization\",\"name\":\"Transvulcania Terrex 2025 - Ultramarathon La Palma\",\"url\":\"https:\/\/transvulcania.com\/en\/\",\"logo\":{\"@type\":\"ImageObject\",\"inLanguage\":\"en-US\",\"@id\":\"https:\/\/transvulcania.com\/en\/#\/schema\/logo\/image\/\",\"url\":\"https:\/\/transvulcania.com\/wp-content\/uploads\/2024\/03\/Logo_Transvulcania_Terrex.png\",\"contentUrl\":\"https:\/\/transvulcania.com\/wp-content\/uploads\/2024\/03\/Logo_Transvulcania_Terrex.png\",\"width\":431,\"height\":552,\"caption\":\"Transvulcania Terrex 2025 - Ultramarathon La Palma\"},\"image\":{\"@id\":\"https:\/\/transvulcania.com\/en\/#\/schema\/logo\/image\/\"}}]}<\/script>\n<!-- \/ Yoast SEO Premium plugin. -->","yoast_head_json":{"title":"Public access points - Transvulcania Terrex 2025 - Ultramarathon La Palma","robots":{"index":"index","follow":"follow","max-snippet":"max-snippet:-1","max-image-preview":"max-image-preview:large","max-video-preview":"max-video-preview:-1"},"canonical":"https:\/\/transvulcania.com\/en\/public-access-points\/","og_locale":"en_US","og_type":"article","og_title":"Public access points","og_description":"Spectators will once again be able to visit the iconic landmarks of the adidas Transvulcania. One of the organizers\u2019 main goals was to meet this popular demand and once again allow public access to areas that were previously off-limits, such as the Fuencaliente Lighthouse, or to restore access to the El Pilar Shelter, as in ... Read more","og_url":"https:\/\/transvulcania.com\/en\/public-access-points\/","og_site_name":"Transvulcania Terrex 2025 - Ultramarathon La Palma","article_modified_time":"2026-04-30T10:28:00+00:00","og_image":[{"url":"https:\/\/transvulcania.com\/wp-content\/uploads\/2026\/04\/Mapa-Faro-de-Fuencaliente-3-scaled-1-1024x588.jpg"}],"twitter_card":"summary_large_image","twitter_misc":{"Est. reading time":"5 minutes"},"schema":{"@context":"https:\/\/schema.org","@graph":[{"@type":"WebPage","@id":"https:\/\/transvulcania.com\/en\/public-access-points\/","url":"https:\/\/transvulcania.com\/en\/public-access-points\/","name":"Public access points - Transvulcania Terrex 2025 - Ultramarathon La Palma","isPartOf":{"@id":"https:\/\/transvulcania.com\/en\/#website"},"datePublished":"2024-06-19T12:31:37+00:00","dateModified":"2026-04-30T10:28:00+00:00","breadcrumb":{"@id":"https:\/\/transvulcania.com\/en\/public-access-points\/#breadcrumb"},"inLanguage":"en-US","potentialAction":[{"@type":"ReadAction","target":["https:\/\/transvulcania.com\/en\/public-access-points\/"]}]},{"@type":"BreadcrumbList","@id":"https:\/\/transvulcania.com\/en\/public-access-points\/#breadcrumb","itemListElement":[{"@type":"ListItem","position":1,"name":"Home","item":"https:\/\/transvulcania.com\/en\/"},{"@type":"ListItem","position":2,"name":"Public access points"}]},{"@type":"WebSite","@id":"https:\/\/transvulcania.com\/en\/#website","url":"https:\/\/transvulcania.com\/en\/","name":"Transvulcania Terrex 2025 - Ultramarathon La Palma","description":"Transvulcania 2025 - Es la XV Edici\u00f3n de la Ultramarat\u00f3n de monta\u00f1a de la Isla La Palma","publisher":{"@id":"https:\/\/transvulcania.com\/en\/#organization"},"potentialAction":[{"@type":"SearchAction","target":{"@type":"EntryPoint","urlTemplate":"https:\/\/transvulcania.com\/en\/?s={search_term_string}"},"query-input":"required name=search_term_string"}],"inLanguage":"en-US"},{"@type":"Organization","@id":"https:\/\/transvulcania.com\/en\/#organization","name":"Transvulcania Terrex 2025 - Ultramarathon La Palma","url":"https:\/\/transvulcania.com\/en\/","logo":{"@type":"ImageObject","inLanguage":"en-US","@id":"https:\/\/transvulcania.com\/en\/#\/schema\/logo\/image\/","url":"https:\/\/transvulcania.com\/wp-content\/uploads\/2024\/03\/Logo_Transvulcania_Terrex.png","contentUrl":"https:\/\/transvulcania.com\/wp-content\/uploads\/2024\/03\/Logo_Transvulcania_Terrex.png","width":431,"height":552,"caption":"Transvulcania Terrex 2025 - Ultramarathon La Palma"},"image":{"@id":"https:\/\/transvulcania.com\/en\/#\/schema\/logo\/image\/"}}]}},"_links":{"self":[{"href":"https:\/\/transvulcania.com\/en\/wp-json\/wp\/v2\/pages\/21230","targetHints":{"allow":["GET"]}}],"collection":[{"href":"https:\/\/transvulcania.com\/en\/wp-json\/wp\/v2\/pages"}],"about":[{"href":"https:\/\/transvulcania.com\/en\/wp-json\/wp\/v2\/types\/page"}],"author":[{"embeddable":true,"href":"https:\/\/transvulcania.com\/en\/wp-json\/wp\/v2\/users\/1"}],"replies":[{"embeddable":true,"href":"https:\/\/transvulcania.com\/en\/wp-json\/wp\/v2\/comments?post=21230"}],"version-history":[{"count":11,"href":"https:\/\/transvulcania.com\/en\/wp-json\/wp\/v2\/pages\/21230\/revisions"}],"predecessor-version":[{"id":21316,"href":"https:\/\/transvulcania.com\/en\/wp-json\/wp\/v2\/pages\/21230\/revisions\/21316"}],"wp:attachment":[{"href":"https:\/\/transvulcania.com\/en\/wp-json\/wp\/v2\/media?parent=21230"}],"curies":[{"name":"wp","href":"https:\/\/api.w.org\/{rel}","templated":true}]}}