{"id":14101,"date":"2025-05-05T19:37:16","date_gmt":"2025-05-05T18:37:16","guid":{"rendered":"https:\/\/transvulcania.com\/you-are-transvulcania-too\/"},"modified":"2025-05-05T19:59:53","modified_gmt":"2025-05-05T18:59:53","slug":"you-are-transvulcania-too","status":"publish","type":"page","link":"https:\/\/transvulcania.com\/en\/you-are-transvulcania-too\/","title":{"rendered":"You are Transvulcania too!"},"content":{"rendered":"\t\t<div data-elementor-type=\"wp-page\" data-elementor-id=\"14101\" class=\"elementor elementor-14101 elementor-14087\" data-elementor-post-type=\"page\">\n\t\t\t\t\t\t<section class=\"elementor-section elementor-top-section elementor-element elementor-element-b9286b3 elementor-section-stretched elementor-section-boxed elementor-section-height-default elementor-section-height-default elementor-invisible\" data-id=\"b9286b3\" data-element_type=\"section\" data-e-type=\"section\" data-settings=\"{&quot;background_background&quot;:&quot;classic&quot;,&quot;stretch_section&quot;:&quot;section-stretched&quot;,&quot;animation&quot;:&quot;fadeInUp&quot;}\">\n\t\t\t\t\t\t\t<div class=\"elementor-background-overlay\"><\/div>\n\t\t\t\t\t\t\t<div class=\"elementor-container elementor-column-gap-no\">\n\t\t\t\t\t<div class=\"elementor-column elementor-col-100 elementor-top-column elementor-element elementor-element-2700d2a elementor-invisible\" data-id=\"2700d2a\" data-element_type=\"column\" data-e-type=\"column\" data-settings=\"{&quot;animation&quot;:&quot;fadeInUp&quot;}\">\n\t\t\t<div class=\"elementor-widget-wrap elementor-element-populated\">\n\t\t\t\t\t\t<div class=\"elementor-element elementor-element-89cf61b elementor-widget elementor-widget-heading\" data-id=\"89cf61b\" data-element_type=\"widget\" data-e-type=\"widget\" data-widget_type=\"heading.default\">\n\t\t\t\t<div class=\"elementor-widget-container\">\n\t\t\t\t\t<h4 class=\"elementor-heading-title elementor-size-default\">You make all this move. You are strength, you are one more heartbeat of Transvulcania.<br>You are part of the spirit that makes this race one of the greatest in the world. <\/h4>\t\t\t\t<\/div>\n\t\t\t\t<\/div>\n\t\t\t\t<div class=\"elementor-element elementor-element-1c176af elementor-widget elementor-widget-heading\" data-id=\"1c176af\" data-element_type=\"widget\" data-e-type=\"widget\" data-widget_type=\"heading.default\">\n\t\t\t\t<div class=\"elementor-widget-container\">\n\t\t\t\t\t<h4 class=\"elementor-heading-title elementor-size-default\">Download this frame, put your best photo and shout to the world that you are also part of the legend.<br>Because in Transvulcania adidas TERREX, without you, none of this would be possible.<br>You have two formats to choose from!<\/h4>\t\t\t\t<\/div>\n\t\t\t\t<\/div>\n\t\t\t\t\t<\/div>\n\t\t<\/div>\n\t\t\t\t\t<\/div>\n\t\t<\/section>\n\t\t\t\t<section class=\"elementor-section elementor-top-section elementor-element elementor-element-253e9f8 elementor-section-stretched elementor-section-boxed elementor-section-height-default elementor-section-height-default elementor-invisible\" data-id=\"253e9f8\" data-element_type=\"section\" data-e-type=\"section\" data-settings=\"{&quot;background_background&quot;:&quot;classic&quot;,&quot;stretch_section&quot;:&quot;section-stretched&quot;,&quot;animation&quot;:&quot;fadeInUp&quot;}\">\n\t\t\t\t\t\t\t<div class=\"elementor-background-overlay\"><\/div>\n\t\t\t\t\t\t\t<div class=\"elementor-container elementor-column-gap-no\">\n\t\t\t\t\t<div class=\"elementor-column elementor-col-100 elementor-top-column elementor-element elementor-element-b78b060 elementor-invisible\" data-id=\"b78b060\" data-element_type=\"column\" data-e-type=\"column\" data-settings=\"{&quot;animation&quot;:&quot;fadeInUp&quot;}\">\n\t\t\t<div class=\"elementor-widget-wrap elementor-element-populated\">\n\t\t\t\t<div class=\"elementor-element elementor-element-7da345d e-con-full e-flex e-con e-child\" data-id=\"7da345d\" data-element_type=\"container\" data-e-type=\"container\">\n\t\t<div class=\"elementor-element elementor-element-cd32113 e-flex e-con-boxed e-con e-child\" data-id=\"cd32113\" data-element_type=\"container\" data-e-type=\"container\">\n\t\t\t\t\t<div class=\"e-con-inner\">\n\t\t\t\t<div class=\"elementor-element elementor-element-978e713 elementor-view-default elementor-position-block-start elementor-mobile-position-block-start elementor-widget elementor-widget-icon-box\" data-id=\"978e713\" data-element_type=\"widget\" data-e-type=\"widget\" data-widget_type=\"icon-box.default\">\n\t\t\t\t<div class=\"elementor-widget-container\">\n\t\t\t\t\t\t\t<div class=\"elementor-icon-box-wrapper\">\n\n\t\t\t\t\t\t<div class=\"elementor-icon-box-icon\">\n\t\t\t\t<span  class=\"elementor-icon\">\n\t\t\t\t<svg aria-hidden=\"true\" class=\"e-font-icon-svg e-fas-photo-video\" viewBox=\"0 0 640 512\" xmlns=\"http:\/\/www.w3.org\/2000\/svg\"><path d=\"M608 0H160a32 32 0 0 0-32 32v96h160V64h192v320h128a32 32 0 0 0 32-32V32a32 32 0 0 0-32-32zM232 103a9 9 0 0 1-9 9h-30a9 9 0 0 1-9-9V73a9 9 0 0 1 9-9h30a9 9 0 0 1 9 9zm352 208a9 9 0 0 1-9 9h-30a9 9 0 0 1-9-9v-30a9 9 0 0 1 9-9h30a9 9 0 0 1 9 9zm0-104a9 9 0 0 1-9 9h-30a9 9 0 0 1-9-9v-30a9 9 0 0 1 9-9h30a9 9 0 0 1 9 9zm0-104a9 9 0 0 1-9 9h-30a9 9 0 0 1-9-9V73a9 9 0 0 1 9-9h30a9 9 0 0 1 9 9zm-168 57H32a32 32 0 0 0-32 32v288a32 32 0 0 0 32 32h384a32 32 0 0 0 32-32V192a32 32 0 0 0-32-32zM96 224a32 32 0 1 1-32 32 32 32 0 0 1 32-32zm288 224H64v-32l64-64 32 32 128-128 96 96z\"><\/path><\/svg>\t\t\t\t<\/span>\n\t\t\t<\/div>\n\t\t\t\n\t\t\t\t\t\t<div class=\"elementor-icon-box-content\">\n\n\t\t\t\t\t\t\t\t\t<h3 class=\"elementor-icon-box-title\">\n\t\t\t\t\t\t<span  >\n\t\t\t\t\t\t\tSquare frame\t\t\t\t\t\t<\/span>\n\t\t\t\t\t<\/h3>\n\t\t\t\t\n\t\t\t\t\n\t\t\t<\/div>\n\t\t\t\n\t\t<\/div>\n\t\t\t\t\t\t<\/div>\n\t\t\t\t<\/div>\n\t\t\t\t<div class=\"elementor-element elementor-element-c519348 elementor-widget elementor-widget-image\" data-id=\"c519348\" data-element_type=\"widget\" data-e-type=\"widget\" data-widget_type=\"image.default\">\n\t\t\t\t<div class=\"elementor-widget-container\">\n\t\t\t\t\t\t\t\t\t\t\t\t\t\t\t\t<a href=\"https:\/\/transvulcania.com\/wp-content\/uploads\/2025\/05\/Wall_TRV-scaled.png\" data-elementor-open-lightbox=\"yes\" data-elementor-lightbox-title=\"Wall_TRV\" data-e-action-hash=\"#elementor-action%3Aaction%3Dlightbox%26settings%3DeyJpZCI6MTQwOTEsInVybCI6Imh0dHBzOlwvXC90cmFuc3Z1bGNhbmlhLmNvbVwvd3AtY29udGVudFwvdXBsb2Fkc1wvMjAyNVwvMDVcL1dhbGxfVFJWLXNjYWxlZC5wbmcifQ%3D%3D\">\n\t\t\t\t\t\t\t<img fetchpriority=\"high\" decoding=\"async\" width=\"900\" height=\"900\" src=\"https:\/\/transvulcania.com\/wp-content\/uploads\/2025\/05\/Wall_TRV-1024x1024.png\" class=\"attachment-large size-large wp-image-14091\" alt=\"\" srcset=\"https:\/\/transvulcania.com\/wp-content\/uploads\/2025\/05\/Wall_TRV-1024x1024.png 1024w, https:\/\/transvulcania.com\/wp-content\/uploads\/2025\/05\/Wall_TRV-300x300.png 300w, https:\/\/transvulcania.com\/wp-content\/uploads\/2025\/05\/Wall_TRV-150x150.png 150w, https:\/\/transvulcania.com\/wp-content\/uploads\/2025\/05\/Wall_TRV-768x768.png 768w, https:\/\/transvulcania.com\/wp-content\/uploads\/2025\/05\/Wall_TRV-1536x1536.png 1536w, https:\/\/transvulcania.com\/wp-content\/uploads\/2025\/05\/Wall_TRV-2048x2048.png 2048w, https:\/\/transvulcania.com\/wp-content\/uploads\/2025\/05\/Wall_TRV-700x700.png 700w\" sizes=\"(max-width: 900px) 100vw, 900px\" \/>\t\t\t\t\t\t\t\t<\/a>\n\t\t\t\t\t\t\t\t\t\t\t\t\t\t\t<\/div>\n\t\t\t\t<\/div>\n\t\t\t\t<div class=\"elementor-element elementor-element-2fc6648 elementor-widget elementor-widget-eael-creative-button\" data-id=\"2fc6648\" data-element_type=\"widget\" data-e-type=\"widget\" data-widget_type=\"eael-creative-button.default\">\n\t\t\t\t<div class=\"elementor-widget-container\">\n\t\t\t\t\t        <div class=\"eael-creative-button-wrapper\">\n\n            <a class=\"eael-creative-button eael-creative-button--rayen eael-cb-icon-position-left\" href=\"https:\/\/transvulcania.com\/wp-content\/uploads\/2025\/05\/Wall_TRV-scaled.png\" target=\"_blank\" download=\"\" data-text=\"Download frame \">\n            \t    \n                <div class=\"creative-button-inner\">\n\n                                            <span class=\"eael-creative-button-icon-left\"><svg aria-hidden=\"true\" class=\"e-font-icon-svg e-fas-angle-double-down\" viewBox=\"0 0 320 512\" xmlns=\"http:\/\/www.w3.org\/2000\/svg\"><path d=\"M143 256.3L7 120.3c-9.4-9.4-9.4-24.6 0-33.9l22.6-22.6c9.4-9.4 24.6-9.4 33.9 0l96.4 96.4 96.4-96.4c9.4-9.4 24.6-9.4 33.9 0L313 86.3c9.4 9.4 9.4 24.6 0 33.9l-136 136c-9.4 9.5-24.6 9.5-34 .1zm34 192l136-136c9.4-9.4 9.4-24.6 0-33.9l-22.6-22.6c-9.4-9.4-24.6-9.4-33.9 0L160 352.1l-96.4-96.4c-9.4-9.4-24.6-9.4-33.9 0L7 278.3c-9.4 9.4-9.4 24.6 0 33.9l136 136c9.4 9.5 24.6 9.5 34 .1z\"><\/path><\/svg><\/span>                    \n                    <span class=\"cretive-button-text\">Download frame <\/span>\n\n                                    <\/div>\n\t                        <\/a>\n        <\/div>\n        \t\t\t\t<\/div>\n\t\t\t\t<\/div>\n\t\t\t\t\t<\/div>\n\t\t\t\t<\/div>\n\t\t<div class=\"elementor-element elementor-element-4553339 e-flex e-con-boxed e-con e-child\" data-id=\"4553339\" data-element_type=\"container\" data-e-type=\"container\">\n\t\t\t\t\t<div class=\"e-con-inner\">\n\t\t\t\t<div class=\"elementor-element elementor-element-1bbf33d elementor-view-default elementor-position-block-start elementor-mobile-position-block-start elementor-widget elementor-widget-icon-box\" data-id=\"1bbf33d\" data-element_type=\"widget\" data-e-type=\"widget\" data-widget_type=\"icon-box.default\">\n\t\t\t\t<div class=\"elementor-widget-container\">\n\t\t\t\t\t\t\t<div class=\"elementor-icon-box-wrapper\">\n\n\t\t\t\t\t\t<div class=\"elementor-icon-box-icon\">\n\t\t\t\t<span  class=\"elementor-icon\">\n\t\t\t\t<svg aria-hidden=\"true\" class=\"e-font-icon-svg e-fas-photo-video\" viewBox=\"0 0 640 512\" xmlns=\"http:\/\/www.w3.org\/2000\/svg\"><path d=\"M608 0H160a32 32 0 0 0-32 32v96h160V64h192v320h128a32 32 0 0 0 32-32V32a32 32 0 0 0-32-32zM232 103a9 9 0 0 1-9 9h-30a9 9 0 0 1-9-9V73a9 9 0 0 1 9-9h30a9 9 0 0 1 9 9zm352 208a9 9 0 0 1-9 9h-30a9 9 0 0 1-9-9v-30a9 9 0 0 1 9-9h30a9 9 0 0 1 9 9zm0-104a9 9 0 0 1-9 9h-30a9 9 0 0 1-9-9v-30a9 9 0 0 1 9-9h30a9 9 0 0 1 9 9zm0-104a9 9 0 0 1-9 9h-30a9 9 0 0 1-9-9V73a9 9 0 0 1 9-9h30a9 9 0 0 1 9 9zm-168 57H32a32 32 0 0 0-32 32v288a32 32 0 0 0 32 32h384a32 32 0 0 0 32-32V192a32 32 0 0 0-32-32zM96 224a32 32 0 1 1-32 32 32 32 0 0 1 32-32zm288 224H64v-32l64-64 32 32 128-128 96 96z\"><\/path><\/svg>\t\t\t\t<\/span>\n\t\t\t<\/div>\n\t\t\t\n\t\t\t\t\t\t<div class=\"elementor-icon-box-content\">\n\n\t\t\t\t\t\t\t\t\t<h3 class=\"elementor-icon-box-title\">\n\t\t\t\t\t\t<span  >\n\t\t\t\t\t\t\tVertical frame\t\t\t\t\t\t<\/span>\n\t\t\t\t\t<\/h3>\n\t\t\t\t\n\t\t\t\t\n\t\t\t<\/div>\n\t\t\t\n\t\t<\/div>\n\t\t\t\t\t\t<\/div>\n\t\t\t\t<\/div>\n\t\t\t\t<div class=\"elementor-element elementor-element-66be1dd elementor-widget elementor-widget-image\" data-id=\"66be1dd\" data-element_type=\"widget\" data-e-type=\"widget\" data-widget_type=\"image.default\">\n\t\t\t\t<div class=\"elementor-widget-container\">\n\t\t\t\t\t\t\t\t\t\t\t\t\t\t\t\t<a href=\"https:\/\/transvulcania.com\/wp-content\/uploads\/2025\/05\/Story_TRV-scaled.png\" data-elementor-open-lightbox=\"yes\" data-elementor-lightbox-title=\"Story_TRV\" data-e-action-hash=\"#elementor-action%3Aaction%3Dlightbox%26settings%3DeyJpZCI6MTQwODksInVybCI6Imh0dHBzOlwvXC90cmFuc3Z1bGNhbmlhLmNvbVwvd3AtY29udGVudFwvdXBsb2Fkc1wvMjAyNVwvMDVcL1N0b3J5X1RSVi1zY2FsZWQucG5nIn0%3D\">\n\t\t\t\t\t\t\t<img decoding=\"async\" width=\"576\" height=\"1024\" src=\"https:\/\/transvulcania.com\/wp-content\/uploads\/2025\/05\/Story_TRV-576x1024.png\" class=\"attachment-large size-large wp-image-14089\" alt=\"\" srcset=\"https:\/\/transvulcania.com\/wp-content\/uploads\/2025\/05\/Story_TRV-576x1024.png 576w, https:\/\/transvulcania.com\/wp-content\/uploads\/2025\/05\/Story_TRV-169x300.png 169w, https:\/\/transvulcania.com\/wp-content\/uploads\/2025\/05\/Story_TRV-768x1365.png 768w, https:\/\/transvulcania.com\/wp-content\/uploads\/2025\/05\/Story_TRV-864x1536.png 864w, https:\/\/transvulcania.com\/wp-content\/uploads\/2025\/05\/Story_TRV-1152x2048.png 1152w, https:\/\/transvulcania.com\/wp-content\/uploads\/2025\/05\/Story_TRV-scaled.png 1440w\" sizes=\"(max-width: 576px) 100vw, 576px\" \/>\t\t\t\t\t\t\t\t<\/a>\n\t\t\t\t\t\t\t\t\t\t\t\t\t\t\t<\/div>\n\t\t\t\t<\/div>\n\t\t\t\t<div class=\"elementor-element elementor-element-75d4b64 elementor-widget elementor-widget-eael-creative-button\" data-id=\"75d4b64\" data-element_type=\"widget\" data-e-type=\"widget\" data-widget_type=\"eael-creative-button.default\">\n\t\t\t\t<div class=\"elementor-widget-container\">\n\t\t\t\t\t        <div class=\"eael-creative-button-wrapper\">\n\n            <a class=\"eael-creative-button eael-creative-button--rayen eael-cb-icon-position-left\" href=\"https:\/\/transvulcania.com\/wp-content\/uploads\/2025\/05\/Story_TRV-scaled.png\" target=\"_blank\" download=\"\" data-text=\"Download frame \">\n            \t    \n                <div class=\"creative-button-inner\">\n\n                                            <span class=\"eael-creative-button-icon-left\"><svg aria-hidden=\"true\" class=\"e-font-icon-svg e-fas-angle-double-down\" viewBox=\"0 0 320 512\" xmlns=\"http:\/\/www.w3.org\/2000\/svg\"><path d=\"M143 256.3L7 120.3c-9.4-9.4-9.4-24.6 0-33.9l22.6-22.6c9.4-9.4 24.6-9.4 33.9 0l96.4 96.4 96.4-96.4c9.4-9.4 24.6-9.4 33.9 0L313 86.3c9.4 9.4 9.4 24.6 0 33.9l-136 136c-9.4 9.5-24.6 9.5-34 .1zm34 192l136-136c9.4-9.4 9.4-24.6 0-33.9l-22.6-22.6c-9.4-9.4-24.6-9.4-33.9 0L160 352.1l-96.4-96.4c-9.4-9.4-24.6-9.4-33.9 0L7 278.3c-9.4 9.4-9.4 24.6 0 33.9l136 136c9.4 9.5 24.6 9.5 34 .1z\"><\/path><\/svg><\/span>                    \n                    <span class=\"cretive-button-text\">Download frame <\/span>\n\n                                    <\/div>\n\t                        <\/a>\n        <\/div>\n        \t\t\t\t<\/div>\n\t\t\t\t<\/div>\n\t\t\t\t\t<\/div>\n\t\t\t\t<\/div>\n\t\t\t\t<\/div>\n\t\t\t\t\t<\/div>\n\t\t<\/div>\n\t\t\t\t\t<\/div>\n\t\t<\/section>\n\t\t\t\t<\/div>\n\t\t","protected":false},"excerpt":{"rendered":"<p>You make all this move. You are strength, you are one more heartbeat of Transvulcania.You are part of the spirit that makes this race one of the greatest in the world. Download this frame, put your best photo and shout to the world that you are also part of the legend.Because in Transvulcania adidas TERREX, &#8230; <a title=\"You are Transvulcania too!\" class=\"read-more\" href=\"https:\/\/transvulcania.com\/en\/you-are-transvulcania-too\/\" aria-label=\"Read more about You are Transvulcania too!\">Read more<\/a><\/p>\n","protected":false},"author":1,"featured_media":0,"parent":0,"menu_order":0,"comment_status":"closed","ping_status":"closed","template":"","meta":{"footnotes":""},"class_list":["post-14101","page","type-page","status-publish"],"yoast_head":"<!-- This site is optimized with the Yoast SEO Premium plugin v21.2 (Yoast SEO v21.2) - https:\/\/yoast.com\/wordpress\/plugins\/seo\/ -->\n<title>You are Transvulcania too! - Transvulcania Terrex 2025 - Ultramarathon La Palma<\/title>\n<meta name=\"robots\" content=\"index, follow, max-snippet:-1, max-image-preview:large, max-video-preview:-1\" \/>\n<link rel=\"canonical\" href=\"https:\/\/transvulcania.com\/en\/you-are-transvulcania-too\/\" \/>\n<meta property=\"og:locale\" content=\"en_US\" \/>\n<meta property=\"og:type\" content=\"article\" \/>\n<meta property=\"og:title\" content=\"You are Transvulcania too!\" \/>\n<meta property=\"og:description\" content=\"You make all this move. You are strength, you are one more heartbeat of Transvulcania.You are part of the spirit that makes this race one of the greatest in the world. Download this frame, put your best photo and shout to the world that you are also part of the legend.Because in Transvulcania adidas TERREX, ... Read more\" \/>\n<meta property=\"og:url\" content=\"https:\/\/transvulcania.com\/en\/you-are-transvulcania-too\/\" \/>\n<meta property=\"og:site_name\" content=\"Transvulcania Terrex 2025 - Ultramarathon La Palma\" \/>\n<meta property=\"article:modified_time\" content=\"2025-05-05T18:59:53+00:00\" \/>\n<meta property=\"og:image\" content=\"https:\/\/transvulcania.com\/wp-content\/uploads\/2025\/05\/Wall_TRV-1024x1024.png\" \/>\n<meta name=\"twitter:card\" content=\"summary_large_image\" \/>\n<script type=\"application\/ld+json\" class=\"yoast-schema-graph\">{\"@context\":\"https:\/\/schema.org\",\"@graph\":[{\"@type\":\"WebPage\",\"@id\":\"https:\/\/transvulcania.com\/en\/you-are-transvulcania-too\/\",\"url\":\"https:\/\/transvulcania.com\/en\/you-are-transvulcania-too\/\",\"name\":\"You are Transvulcania too! - Transvulcania Terrex 2025 - Ultramarathon La Palma\",\"isPartOf\":{\"@id\":\"https:\/\/transvulcania.com\/en\/#website\"},\"datePublished\":\"2025-05-05T18:37:16+00:00\",\"dateModified\":\"2025-05-05T18:59:53+00:00\",\"breadcrumb\":{\"@id\":\"https:\/\/transvulcania.com\/en\/you-are-transvulcania-too\/#breadcrumb\"},\"inLanguage\":\"en-US\",\"potentialAction\":[{\"@type\":\"ReadAction\",\"target\":[\"https:\/\/transvulcania.com\/en\/you-are-transvulcania-too\/\"]}]},{\"@type\":\"BreadcrumbList\",\"@id\":\"https:\/\/transvulcania.com\/en\/you-are-transvulcania-too\/#breadcrumb\",\"itemListElement\":[{\"@type\":\"ListItem\",\"position\":1,\"name\":\"Home\",\"item\":\"https:\/\/transvulcania.com\/en\/\"},{\"@type\":\"ListItem\",\"position\":2,\"name\":\"You are Transvulcania too!\"}]},{\"@type\":\"WebSite\",\"@id\":\"https:\/\/transvulcania.com\/en\/#website\",\"url\":\"https:\/\/transvulcania.com\/en\/\",\"name\":\"Transvulcania Terrex 2025 - Ultramarathon La Palma\",\"description\":\"Transvulcania 2025 - Es la XV Edici\u00f3n de la Ultramarat\u00f3n de monta\u00f1a de la Isla La Palma\",\"publisher\":{\"@id\":\"https:\/\/transvulcania.com\/en\/#organization\"},\"potentialAction\":[{\"@type\":\"SearchAction\",\"target\":{\"@type\":\"EntryPoint\",\"urlTemplate\":\"https:\/\/transvulcania.com\/en\/?s={search_term_string}\"},\"query-input\":\"required name=search_term_string\"}],\"inLanguage\":\"en-US\"},{\"@type\":\"Organization\",\"@id\":\"https:\/\/transvulcania.com\/en\/#organization\",\"name\":\"Transvulcania Terrex 2025 - Ultramarathon La Palma\",\"url\":\"https:\/\/transvulcania.com\/en\/\",\"logo\":{\"@type\":\"ImageObject\",\"inLanguage\":\"en-US\",\"@id\":\"https:\/\/transvulcania.com\/en\/#\/schema\/logo\/image\/\",\"url\":\"https:\/\/transvulcania.com\/wp-content\/uploads\/2024\/03\/Logo_Transvulcania_Terrex.png\",\"contentUrl\":\"https:\/\/transvulcania.com\/wp-content\/uploads\/2024\/03\/Logo_Transvulcania_Terrex.png\",\"width\":431,\"height\":552,\"caption\":\"Transvulcania Terrex 2025 - Ultramarathon La Palma\"},\"image\":{\"@id\":\"https:\/\/transvulcania.com\/en\/#\/schema\/logo\/image\/\"}}]}<\/script>\n<!-- \/ Yoast SEO Premium plugin. -->","yoast_head_json":{"title":"You are Transvulcania too! - Transvulcania Terrex 2025 - Ultramarathon La Palma","robots":{"index":"index","follow":"follow","max-snippet":"max-snippet:-1","max-image-preview":"max-image-preview:large","max-video-preview":"max-video-preview:-1"},"canonical":"https:\/\/transvulcania.com\/en\/you-are-transvulcania-too\/","og_locale":"en_US","og_type":"article","og_title":"You are Transvulcania too!","og_description":"You make all this move. You are strength, you are one more heartbeat of Transvulcania.You are part of the spirit that makes this race one of the greatest in the world. Download this frame, put your best photo and shout to the world that you are also part of the legend.Because in Transvulcania adidas TERREX, ... Read more","og_url":"https:\/\/transvulcania.com\/en\/you-are-transvulcania-too\/","og_site_name":"Transvulcania Terrex 2025 - Ultramarathon La Palma","article_modified_time":"2025-05-05T18:59:53+00:00","og_image":[{"url":"https:\/\/transvulcania.com\/wp-content\/uploads\/2025\/05\/Wall_TRV-1024x1024.png"}],"twitter_card":"summary_large_image","schema":{"@context":"https:\/\/schema.org","@graph":[{"@type":"WebPage","@id":"https:\/\/transvulcania.com\/en\/you-are-transvulcania-too\/","url":"https:\/\/transvulcania.com\/en\/you-are-transvulcania-too\/","name":"You are Transvulcania too! - Transvulcania Terrex 2025 - Ultramarathon La Palma","isPartOf":{"@id":"https:\/\/transvulcania.com\/en\/#website"},"datePublished":"2025-05-05T18:37:16+00:00","dateModified":"2025-05-05T18:59:53+00:00","breadcrumb":{"@id":"https:\/\/transvulcania.com\/en\/you-are-transvulcania-too\/#breadcrumb"},"inLanguage":"en-US","potentialAction":[{"@type":"ReadAction","target":["https:\/\/transvulcania.com\/en\/you-are-transvulcania-too\/"]}]},{"@type":"BreadcrumbList","@id":"https:\/\/transvulcania.com\/en\/you-are-transvulcania-too\/#breadcrumb","itemListElement":[{"@type":"ListItem","position":1,"name":"Home","item":"https:\/\/transvulcania.com\/en\/"},{"@type":"ListItem","position":2,"name":"You are Transvulcania too!"}]},{"@type":"WebSite","@id":"https:\/\/transvulcania.com\/en\/#website","url":"https:\/\/transvulcania.com\/en\/","name":"Transvulcania Terrex 2025 - Ultramarathon La Palma","description":"Transvulcania 2025 - Es la XV Edici\u00f3n de la Ultramarat\u00f3n de monta\u00f1a de la Isla La Palma","publisher":{"@id":"https:\/\/transvulcania.com\/en\/#organization"},"potentialAction":[{"@type":"SearchAction","target":{"@type":"EntryPoint","urlTemplate":"https:\/\/transvulcania.com\/en\/?s={search_term_string}"},"query-input":"required name=search_term_string"}],"inLanguage":"en-US"},{"@type":"Organization","@id":"https:\/\/transvulcania.com\/en\/#organization","name":"Transvulcania Terrex 2025 - Ultramarathon La Palma","url":"https:\/\/transvulcania.com\/en\/","logo":{"@type":"ImageObject","inLanguage":"en-US","@id":"https:\/\/transvulcania.com\/en\/#\/schema\/logo\/image\/","url":"https:\/\/transvulcania.com\/wp-content\/uploads\/2024\/03\/Logo_Transvulcania_Terrex.png","contentUrl":"https:\/\/transvulcania.com\/wp-content\/uploads\/2024\/03\/Logo_Transvulcania_Terrex.png","width":431,"height":552,"caption":"Transvulcania Terrex 2025 - Ultramarathon La Palma"},"image":{"@id":"https:\/\/transvulcania.com\/en\/#\/schema\/logo\/image\/"}}]}},"_links":{"self":[{"href":"https:\/\/transvulcania.com\/en\/wp-json\/wp\/v2\/pages\/14101","targetHints":{"allow":["GET"]}}],"collection":[{"href":"https:\/\/transvulcania.com\/en\/wp-json\/wp\/v2\/pages"}],"about":[{"href":"https:\/\/transvulcania.com\/en\/wp-json\/wp\/v2\/types\/page"}],"author":[{"embeddable":true,"href":"https:\/\/transvulcania.com\/en\/wp-json\/wp\/v2\/users\/1"}],"replies":[{"embeddable":true,"href":"https:\/\/transvulcania.com\/en\/wp-json\/wp\/v2\/comments?post=14101"}],"version-history":[{"count":0,"href":"https:\/\/transvulcania.com\/en\/wp-json\/wp\/v2\/pages\/14101\/revisions"}],"wp:attachment":[{"href":"https:\/\/transvulcania.com\/en\/wp-json\/wp\/v2\/media?parent=14101"}],"curies":[{"name":"wp","href":"https:\/\/api.w.org\/{rel}","templated":true}]}}