{"id":13035,"date":"2025-01-22T13:22:28","date_gmt":"2025-01-22T13:22:28","guid":{"rendered":"https:\/\/transvulcania.com\/pick-up-pointspuntos-de-recogida\/"},"modified":"2026-04-30T10:04:31","modified_gmt":"2026-04-30T09:04:31","slug":"shuttle-transfers","status":"publish","type":"page","link":"https:\/\/transvulcania.com\/en\/shuttle-transfers\/","title":{"rendered":"Shuttle\u00a0transfers"},"content":{"rendered":"\t\t<div data-elementor-type=\"wp-page\" data-elementor-id=\"13035\" class=\"elementor elementor-13035 elementor-13019\" data-elementor-post-type=\"page\">\n\t\t\t\t<div class=\"elementor-element elementor-element-b1b51c5 e-flex e-con-boxed e-con e-parent\" data-id=\"b1b51c5\" data-element_type=\"container\" data-e-type=\"container\" data-settings=\"{&quot;background_background&quot;:&quot;classic&quot;}\">\n\t\t\t\t\t<div class=\"e-con-inner\">\n\t\t\t\t<div class=\"elementor-element elementor-element-d84bd69 elementor-widget elementor-widget-eael-adv-tabs\" data-id=\"d84bd69\" data-element_type=\"widget\" data-e-type=\"widget\" data-widget_type=\"eael-adv-tabs.default\">\n\t\t\t\t<div class=\"elementor-widget-container\">\n\t\t\t\t\t        <div data-scroll-on-click=\"no\" data-scroll-speed=\"300\" id=\"eael-advance-tabs-d84bd69\" class=\"eael-advance-tabs eael-tabs-horizontal eael-tab-auto-active eael-tab-toggle\" data-tabid=\"d84bd69\">\n            <div class=\"eael-tabs-nav \">\n                <ul class=\"eael-tab-inline-icon\" role=\"tablist\">\n                                            <li id=\"ultramarathon\" class=\"inactive eael-tab-item-trigger eael-tab-nav-item\" aria-selected=\"true\" data-tab=\"1\" role=\"tab\" tabindex=\"0\" aria-controls=\"ultramarathon-tab\" aria-expanded=\"false\">\n                            \n                                                                <svg class=\"e-font-icon-svg e-fas-mountain\" viewBox=\"0 0 640 512\" xmlns=\"http:\/\/www.w3.org\/2000\/svg\"><path d=\"M634.92 462.7l-288-448C341.03 5.54 330.89 0 320 0s-21.03 5.54-26.92 14.7l-288 448a32.001 32.001 0 0 0-1.17 32.64A32.004 32.004 0 0 0 32 512h576c11.71 0 22.48-6.39 28.09-16.67a31.983 31.983 0 0 0-1.17-32.63zM320 91.18L405.39 224H320l-64 64-38.06-38.06L320 91.18z\"><\/path><\/svg>                                                            \n                                                            <h2 class=\"eael-tab-title title-after-icon\" >Ultramarathon<\/h2>                            \n                                                    <\/li>\n                                            <li id=\"marathon\" class=\"inactive eael-tab-item-trigger eael-tab-nav-item\" aria-selected=\"false\" data-tab=\"2\" role=\"tab\" tabindex=\"-1\" aria-controls=\"marathon-tab\" aria-expanded=\"false\">\n                            \n                                                                <svg class=\"e-font-icon-svg e-fas-mountain\" viewBox=\"0 0 640 512\" xmlns=\"http:\/\/www.w3.org\/2000\/svg\"><path d=\"M634.92 462.7l-288-448C341.03 5.54 330.89 0 320 0s-21.03 5.54-26.92 14.7l-288 448a32.001 32.001 0 0 0-1.17 32.64A32.004 32.004 0 0 0 32 512h576c11.71 0 22.48-6.39 28.09-16.67a31.983 31.983 0 0 0-1.17-32.63zM320 91.18L405.39 224H320l-64 64-38.06-38.06L320 91.18z\"><\/path><\/svg>                                                            \n                                                            <h2 class=\"eael-tab-title title-after-icon\" >Marathon<\/h2>                            \n                                                    <\/li>\n                                            <li id=\"halfmarathon\" class=\"inactive eael-tab-item-trigger eael-tab-nav-item\" aria-selected=\"false\" data-tab=\"3\" role=\"tab\" tabindex=\"-1\" aria-controls=\"halfmarathon-tab\" aria-expanded=\"false\">\n                            \n                                                                <svg class=\"e-font-icon-svg e-fas-mountain\" viewBox=\"0 0 640 512\" xmlns=\"http:\/\/www.w3.org\/2000\/svg\"><path d=\"M634.92 462.7l-288-448C341.03 5.54 330.89 0 320 0s-21.03 5.54-26.92 14.7l-288 448a32.001 32.001 0 0 0-1.17 32.64A32.004 32.004 0 0 0 32 512h576c11.71 0 22.48-6.39 28.09-16.67a31.983 31.983 0 0 0-1.17-32.63zM320 91.18L405.39 224H320l-64 64-38.06-38.06L320 91.18z\"><\/path><\/svg>                                                            \n                                                            <h2 class=\"eael-tab-title title-after-icon\" >Halfmarathon<\/h2>                            \n                                                    <\/li>\n                                            <li id=\"vertical-uphill\" class=\"inactive eael-tab-item-trigger eael-tab-nav-item\" aria-selected=\"false\" data-tab=\"4\" role=\"tab\" tabindex=\"-1\" aria-controls=\"vertical-uphill-tab\" aria-expanded=\"false\">\n                            \n                                                                <svg class=\"e-font-icon-svg e-fas-mountain\" viewBox=\"0 0 640 512\" xmlns=\"http:\/\/www.w3.org\/2000\/svg\"><path d=\"M634.92 462.7l-288-448C341.03 5.54 330.89 0 320 0s-21.03 5.54-26.92 14.7l-288 448a32.001 32.001 0 0 0-1.17 32.64A32.004 32.004 0 0 0 32 512h576c11.71 0 22.48-6.39 28.09-16.67a31.983 31.983 0 0 0-1.17-32.63zM320 91.18L405.39 224H320l-64 64-38.06-38.06L320 91.18z\"><\/path><\/svg>                                                            \n                                                            <h2 class=\"eael-tab-title title-after-icon\" >Vertical Uphill<\/h2>                            \n                                                    <\/li>\n                    \n                                  <\/ul>\n            <\/div>\n            \n            <div class=\"eael-tabs-content\">\n\t\t        \n                    <div id=\"ultramarathon-tab\" class=\"clearfix eael-tab-content-item inactive\" data-title-link=\"ultramarathon-tab\">\n\t\t\t\t        <table style=\"width: 100%\">\n<tbody>\n<tr>\n<td> <strong>BUS STOP<\/strong><\/td>\n<td><strong>TIME<\/strong><\/td>\n<td><strong>LOCATION<\/strong><\/td>\n<\/tr>\n<tr>\n<td>S\/C de La Palma Station<\/td>\n<td>03:45 h.<\/td>\n<td><a href=\"https:\/\/maps.app.goo.gl\/85Jt6TwKaX7XCaNy9\" target=\"_blank\" rel=\"noopener\">View location<\/a><\/td>\n<\/tr>\n<tr>\n<td>Los Cancajos Preferred Stop (Centro Cancajos)<\/td>\n<td>03:45 h.<\/td>\n<td><a href=\"https:\/\/maps.app.goo.gl\/CykL5iZsUtdiQqJM8\" target=\"_blank\" rel=\"noopener\">View location<\/a><\/td>\n<\/tr>\n<tr>\n<td>Tazacorte Harbour<\/td>\n<td>03:45 h.<\/td>\n<td><a href=\"https:\/\/maps.app.goo.gl\/Wi2nf2bffXQsUKEB9\" target=\"_blank\" rel=\"noopener\">View location<\/a><\/td>\n<\/tr>\n<tr>\n<td>Tazacorte Town Hall<\/td>\n<td>04:00 h.<\/td>\n<td><a href=\"https:\/\/maps.app.goo.gl\/fEJaacoR54dnZSkk9\" target=\"_blank\" rel=\"noopener\">View location<\/a><\/td>\n<\/tr>\n<tr>\n<td>Los Llanos Bus Station<\/td>\n<td>03:45 h.<\/td>\n<td><a href=\"https:\/\/maps.app.goo.gl\/1EyDPLUX6BMzNrRr8\" target=\"_blank\" rel=\"noopener\">View location<\/a><\/td>\n<\/tr>\n<tr>\n<td>El Paso<\/td>\n<td>03:45 h.<\/td>\n<td><a href=\"https:\/\/maps.app.goo.gl\/YFStzqVetsuj6NfTA\" target=\"_blank\" rel=\"noopener\">View location<\/a><\/td>\n<\/tr>\n<tr>\n<td>Hotel Meli\u00e1 La Palma<\/td>\n<td>03:45 h.<\/td>\n<td><a href=\"https:\/\/maps.app.goo.gl\/V5gkkbwuPKg4ZyXDA\" target=\"_blank\" rel=\"noopener\">View location<\/a><\/td>\n<\/tr>\n<tr>\n<td>Puerto Naos Station<\/td>\n<td>04:00 h.<\/td>\n<td><a href=\"https:\/\/maps.app.goo.gl\/tJjKD9UoVPy3aUX5A\" target=\"_blank\" rel=\"noopener\">View location<\/a><\/td>\n<\/tr>\n<tr>\n<td>Los Canarios, Fuencaliente<\/td>\n<td>04:30 h.<\/td>\n<td><a href=\"https:\/\/maps.app.goo.gl\/rJVuLam7pFRtKzEv8\" target=\"_blank\" rel=\"noopener\">View location<\/a><\/td>\n<\/tr>\n<tr>\n<td>Hotel La Palma Princess<\/td>\n<td>04:45 h.<\/td>\n<td><a href=\"https:\/\/maps.app.goo.gl\/wipvqK8ckr74vXfr5\" target=\"_blank\" rel=\"noopener\">View location<\/a><\/td>\n<\/tr>\n<\/tbody>\n<\/table>\n<p><strong>RETURN TRIPS<\/strong><\/p>\n<ul>\n  <li>To Tazacorte and Puerto Tazacorte: 19:00 h. \/ 22:00 h. \/ 00:30 h.<\/li>\n  <li>To El Paso, Cancajos and S\/C Palma: 19:00 h. \/ 22:00 h. \/ 00:30 h.<\/li>\n  <li>To Los Canarios and Hotel Princess: 19:00 h. \/ 22:00 h. \/ 00:30 h.<\/li>\n  <li>To Puerto Naos and Hotel Meli\u00e1: 19:00 h. \/ 22:00 h. \/ 00:30 h.<\/li>\n<\/ul>\n<p style=\"text-align: center;margin: 16px 0\"><a style=\"max-width: 100%;padding: 12px 24px;background-color: #d46400;color: #ffffff;text-decoration: none;border-radius: 6px;font-family: Arial, sans-serif;font-weight: bold;font-size: 15px;line-height: 1.3;white-space: normal\" href=\"https:\/\/app.turitop.com\/booking\/box\/L770\/P7\/es\/0\/0\/0\/0?loading=1\" target=\"_blank\" rel=\"noopener\">BOOK YOUR OUTBOUND JOURNEY<\/a><\/p>\n<hr \/>\n<p style=\"text-align: center;margin: 16px 0\"><a style=\"max-width: 100%;padding: 12px 24px;background-color: #d46400;color: #ffffff;text-decoration: none;border-radius: 6px;font-family: Arial, sans-serif;font-weight: bold;font-size: 15px;line-height: 1.3;white-space: normal\" href=\"https:\/\/app.turitop.com\/booking\/box\/L770\/P9\/es\/0\/0\/0\/0?loading=1\" target=\"_blank\" rel=\"noopener\">BOOK YOUR RETURN JOURNEY<\/a><\/p>                    <\/div>\n\t\t        \n                    <div id=\"marathon-tab\" class=\"clearfix eael-tab-content-item inactive\" data-title-link=\"marathon-tab\">\n\t\t\t\t        <table style=\"width: 100%\"><tbody><tr><td><strong>BUS STOP<\/strong><\/td><td><strong>TIME<\/strong><\/td><td><strong>LOCATION<\/strong><\/td><\/tr><tr><td>Hotel La Palma Princess<\/td><td>03:45 h.<\/td><td><a href=\"https:\/\/maps.app.goo.gl\/wipvqK8ckr74vXfr5\" target=\"_blank\" rel=\"noopener\">View location<\/a><\/td><\/tr><tr><td>Los Canarios, Fuencaliente<\/td><td>04:00 h.<\/td><td><a href=\"https:\/\/maps.app.goo.gl\/rJVuLam7pFRtKzEv8\" target=\"_blank\" rel=\"noopener\">View location<\/a><\/td><\/tr><tr><td>S\/C de La Palma Station<\/td><td>04:15 h.<\/td><td><a href=\"https:\/\/maps.app.goo.gl\/85Jt6TwKaX7XCaNy9\" target=\"_blank\" rel=\"noopener\">View location<\/a><\/td><\/tr><tr><td>Los Cancajos Preferred Stop (Centro Cancajos)<\/td><td>04:15 h.<\/td><td><a href=\"https:\/\/maps.app.goo.gl\/CykL5iZsUtdiQqJM8\" target=\"_blank\" rel=\"noopener\">View location<\/a><\/td><\/tr><tr><td>Tazacorte Harbour<\/td><td>04:15 h.<\/td><td><a href=\"https:\/\/maps.app.goo.gl\/Wi2nf2bffXQsUKEB9\" target=\"_blank\" rel=\"noopener\">View location<\/a><\/td><\/tr><tr><td>Tazacorte Town Hall<\/td><td>04:30 h.<\/td><td><a href=\"https:\/\/maps.app.goo.gl\/fEJaacoR54dnZSkk9\" target=\"_blank\" rel=\"noopener\">View location<\/a><\/td><\/tr><tr><td>Los Llanos Bus Station<\/td><td>04:15 h.<\/td><td><a href=\"https:\/\/maps.app.goo.gl\/1EyDPLUX6BMzNrRr8\" target=\"_blank\" rel=\"noopener\">View location<\/a><\/td><\/tr><tr><td>El Paso<\/td><td>04:30 h.<\/td><td><a href=\"https:\/\/maps.app.goo.gl\/rckEy6wVHQ48Xdk76\" target=\"_blank\" rel=\"noopener\">View location<\/a><\/td><\/tr><tr><td>Hotel Meli\u00e1 La Palma<\/td><td>04:00 h.<\/td><td><a href=\"https:\/\/maps.app.goo.gl\/V5gkkbwuPKg4ZyXDA\" target=\"_blank\" rel=\"noopener\">View location<\/a><\/td><\/tr><tr><td>Puerto Naos Station<\/td><td>04:15 h.<\/td><td><a href=\"https:\/\/maps.app.goo.gl\/tJjKD9UoVPy3aUX5A\" target=\"_blank\" rel=\"noopener\">View location<\/a><\/td><\/tr><\/tbody><\/table><p><strong>RETURN TRIPS<\/strong><\/p><ul><li>To Tazacorte and Puerto Tazacorte: 19:00 h. \/ 22:00 h. \/ 00:30 h..<\/li><li>To El Paso, Cancajos and S\/C Palma: 19:00 h. \/ 22:00 h. \/ 00:30 h..<\/li><li>To Los Canarios and Hotel Princess: 19:00 h. \/ 22:00 h. \/ 00:30 h..<\/li><li>To Puerto Naos and Hotel Meli\u00e1: 19:00 h. \/ 22:00 h. \/ 00:30 h..<\/li><\/ul><p><strong>SHUTTLE BUS<\/strong><\/p><p>There will be a shuttle bus from the Marathon finish line to Los Llanos de Aridane; no prior reservation is required.<\/p><p style=\"text-align: center;margin: 16px 0\"><a style=\"max-width: 100%;padding: 12px 24px;background-color: #d46400;color: #ffffff;text-decoration: none;border-radius: 6px;font-family: Arial, sans-serif;font-weight: bold;font-size: 15px;line-height: 1.3;white-space: normal\" href=\"https:\/\/app.turitop.com\/booking\/box\/L770\/P8\/es\/0\/0\/0\/0?loading=1\" target=\"_blank\" rel=\"noopener\">BOOK YOUR OUTBOUND JOURNEY<\/a><\/p><hr \/><p style=\"text-align: center;margin: 16px 0\"><a style=\"max-width: 100%;padding: 12px 24px;background-color: #d46400;color: #ffffff;text-decoration: none;border-radius: 6px;font-family: Arial, sans-serif;font-weight: bold;font-size: 15px;line-height: 1.3;white-space: normal\" href=\"https:\/\/app.turitop.com\/booking\/box\/L770\/P9\/es\/0\/0\/0\/0?loading=1\" target=\"_blank\" rel=\"noopener\">BOOK YOUR RETURN JOURNEY<\/a><\/p>                    <\/div>\n\t\t        \n                    <div id=\"halfmarathon-tab\" class=\"clearfix eael-tab-content-item inactive\" data-title-link=\"halfmarathon-tab\">\n\t\t\t\t        <table style=\"width: 100%\"><tbody><tr><td><strong>BUS STOP<\/strong><\/td><td><strong>TIME<\/strong><\/td><td><strong>LOCATION<\/strong><\/td><\/tr><tr><td>El Paso<\/td><td>05:15 h.<\/td><td><a href=\"https:\/\/maps.app.goo.gl\/YFStzqVetsuj6NfTA\" target=\"_blank\" rel=\"noopener\">View location<\/a><\/td><\/tr><tr><td>Tazacorte Harbour<\/td><td>05:15 h.<\/td><td><a href=\"https:\/\/maps.app.goo.gl\/Wi2nf2bffXQsUKEB9\" target=\"_blank\" rel=\"noopener\">View location<\/a><\/td><\/tr><tr><td>Hotel Meli\u00e1 La Palma<\/td><td>05:15 h.<\/td><td><a href=\"https:\/\/maps.app.goo.gl\/V5gkkbwuPKg4ZyXDA\" target=\"_blank\" rel=\"noopener\">View location<\/a><\/td><\/tr><tr><td>S\/C de La Palma Station<\/td><td>05:30 h.<\/td><td><a href=\"https:\/\/maps.app.goo.gl\/85Jt6TwKaX7XCaNy9\" target=\"_blank\" rel=\"noopener\">View location<\/a><\/td><\/tr><tr><td>Los Cancajos Preferred Stop (Centro Cancajos)<\/td><td>05:30 h.<\/td><td><a href=\"https:\/\/maps.app.goo.gl\/CykL5iZsUtdiQqJM8\" target=\"_blank\" rel=\"noopener\">View location<\/a><\/td><\/tr><tr><td>Tazacorte Town Hall<\/td><td>05:30 h.<\/td><td><a href=\"https:\/\/maps.app.goo.gl\/fEJaacoR54dnZSkk9\" target=\"_blank\" rel=\"noopener\">View location<\/a><\/td><\/tr><tr><td>Los Llanos Bus Station<\/td><td>05:30 h.<\/td><td><a href=\"https:\/\/maps.app.goo.gl\/1EyDPLUX6BMzNrRr8\" target=\"_blank\" rel=\"noopener\">View location<\/a><\/td><\/tr><tr><td>Puerto Naos Station<\/td><td>05:30 h.<\/td><td><a href=\"https:\/\/maps.app.goo.gl\/tJjKD9UoVPy3aUX5A\" target=\"_blank\" rel=\"noopener\">View location<\/a><\/td><\/tr><tr><td>Los Canarios, Fuencaliente<\/td><td>06:00 h.<\/td><td><a href=\"https:\/\/maps.app.goo.gl\/rJVuLam7pFRtKzEv8\" target=\"_blank\" rel=\"noopener\">View location<\/a><\/td><\/tr><tr><td>Hotel La Palma Princess<\/td><td>06:15 h.<\/td><td><a href=\"https:\/\/maps.app.goo.gl\/wipvqK8ckr74vXfr5\" target=\"_blank\" rel=\"noopener\">View location<\/a><\/td><\/tr><\/tbody><\/table><p><strong>RETURN TRIPS<\/strong><\/p><ul><li>To Tazacorte and Puerto Tazacorte: 19:00 h. \/ 22:00 h. \/ 00:30 h..<\/li><li>To El Paso, Cancajos and S\/C Palma: 19:00 h. \/ 22:00 h. \/ 00:30 h..<\/li><li>To Los Canarios and Hotel Princess: 19:00 h. \/ 22:00 h. \/ 00:30 h..<\/li><li>To Puerto Naos and Hotel Meli\u00e1: 19:00 h. \/ 22:00 h. \/ 00:30 h..<\/li><\/ul><p><strong>SHUTTLE BUS:<\/strong><\/p><p>There will be a shuttle bus from the Halfmarathon finish line to Los Llanos de Aridane; no prior reservation is required.<\/p><p style=\"text-align: center;margin: 16px 0\"><a style=\"max-width: 100%;padding: 12px 24px;background-color: #d46400;color: #ffffff;text-decoration: none;border-radius: 6px;font-family: Arial, sans-serif;font-weight: bold;font-size: 15px;line-height: 1.3;white-space: normal\" href=\"https:\/\/app.turitop.com\/booking\/box\/L770\/P10\/es\/0\/0\/0\/0?loading=1\" target=\"_blank\" rel=\"noopener\">BOOK YOUR OUTBOUND JOURNEY<\/a><\/p><hr \/><p style=\"text-align: center;margin: 16px 0\"><a style=\"max-width: 100%;padding: 12px 24px;background-color: #d46400;color: #ffffff;text-decoration: none;border-radius: 6px;font-family: Arial, sans-serif;font-weight: bold;font-size: 15px;line-height: 1.3;white-space: normal\" href=\"https:\/\/app.turitop.com\/booking\/box\/L770\/P9\/es\/0\/0\/0\/0?loading=1\" target=\"_blank\" rel=\"noopener\">BOOK YOUR RETURN JOURNEY<\/a><\/p>                    <\/div>\n\t\t        \n                    <div id=\"vertical-uphill-tab\" class=\"clearfix eael-tab-content-item inactive\" data-title-link=\"vertical-uphill-tab\">\n\t\t\t\t        <table style=\"width: 100%\">\n<tbody>\n<tr>\n<td><strong>STOP<\/strong><\/td>\n<td><strong>TIME<\/strong><\/td>\n<td><strong>LOCATION<\/strong><\/td>\n<\/tr>\n<tr>\n<td>Los Cancajos Preferred Stop (Centro Cancajos)<\/td>\n<td>15:00 h.<\/td>\n<td><a href=\"https:\/\/maps.app.goo.gl\/CykL5iZsUtdiQqJM8\" target=\"_blank\" rel=\"noopener\">View location<\/a><\/td>\n<\/tr>\n<tr>\n<td>Hotel La Palma Princess<\/td>\n<td>15:00 h.<\/td>\n<td><a href=\"https:\/\/maps.app.goo.gl\/wipvqK8ckr74vXfr5\" target=\"_blank\" rel=\"noopener\">View location<\/a><\/td>\n<\/tr>\n<tr>\n<td>Los Llanos Bus Station<\/td>\n<td>16:00 h.<\/td>\n<td><a href=\"https:\/\/maps.app.goo.gl\/1EyDPLUX6BMzNrRr8\" target=\"_blank\" rel=\"noopener\">View location<\/a><\/td>\n<\/tr>\n<tr>\n<td>Hotel Meli\u00e1 La Palma<\/td>\n<td>16:00 h.<\/td>\n<td><a href=\"https:\/\/maps.app.goo.gl\/V5gkkbwuPKg4ZyXDA\" target=\"_blank\" rel=\"noopener\">View location<\/a><\/td>\n<\/tr>\n<tr>\n<td>Puerto Naos Station<\/td>\n<td>16:10 h.<\/td>\n<td><a href=\"https:\/\/maps.app.goo.gl\/tJjKD9UoVPy3aUX5A\" target=\"_blank\" rel=\"noopener\">View location<\/a><\/td>\n<\/tr>\n<\/tbody>\n<\/table>\n<p><strong>RETURN TRIPS<\/strong><\/p>\n<ul>\n  <li>To Los Cancajos: 21:30 h.<\/li>\n  <li>To Hotel La Palma Princess: 21:30 h.<\/li>\n  <li>To Los Llanos Station: 21:30 h.<\/li>\n  <li>To Hotel Meli\u00e1: 21:30 h.<\/li>\n  <li>To Puerto Naos: 21:30 h.<\/li>\n<\/ul>\n<p style=\"text-align: center;margin: 16px 0\"><a style=\"max-width: 100%;padding: 12px 24px;background-color: #d46400;color: #ffffff;text-decoration: none;border-radius: 6px;font-family: Arial, sans-serif;font-weight: bold;font-size: 15px;line-height: 1.3;white-space: normal\" href=\"https:\/\/app.turitop.com\/booking\/box\/L770\/P11\/es\/0\/0\/0\/0?loading=1\" target=\"_blank\" rel=\"noopener\">BOOK YOUR OUTBOUND AND RETURN JOURNEY<\/a><\/p>                    <\/div>\n\t\t                    <\/div>\n        <\/div>\n\t\t\t\t<\/div>\n\t\t\t\t<\/div>\n\t\t\t\t\t<\/div>\n\t\t\t\t<\/div>\n\t\t\t\t<\/div>\n\t\t","protected":false},"excerpt":{"rendered":"<p>Ultramarathon Marathon Halfmarathon Vertical Uphill BUS STOP TIME LOCATION S\/C de La Palma Station 03:45 h. View location Los Cancajos Preferred Stop (Centro Cancajos) 03:45 h. View location Tazacorte Harbour 03:45 h. View location Tazacorte Town Hall 04:00 h. View location Los Llanos Bus Station 03:45 h. View location El Paso 03:45 h. View location &#8230; <a title=\"Shuttle\u00a0transfers\" class=\"read-more\" href=\"https:\/\/transvulcania.com\/en\/shuttle-transfers\/\" aria-label=\"Read more about Shuttle\u00a0transfers\">Read more<\/a><\/p>\n","protected":false},"author":1,"featured_media":0,"parent":0,"menu_order":0,"comment_status":"closed","ping_status":"closed","template":"","meta":{"footnotes":""},"class_list":["post-13035","page","type-page","status-publish"],"yoast_head":"<!-- This site is optimized with the Yoast SEO Premium plugin v21.2 (Yoast SEO v21.2) - https:\/\/yoast.com\/wordpress\/plugins\/seo\/ -->\n<title>Shuttle\u00a0transfers - Transvulcania Terrex 2025 - Ultramarathon La Palma<\/title>\n<meta name=\"description\" content=\"Transvulcania Marathon\" \/>\n<meta name=\"robots\" content=\"index, follow, max-snippet:-1, max-image-preview:large, max-video-preview:-1\" \/>\n<link rel=\"canonical\" href=\"https:\/\/transvulcania.com\/en\/shuttle-transfers\/\" \/>\n<meta property=\"og:locale\" content=\"en_US\" \/>\n<meta property=\"og:type\" content=\"article\" \/>\n<meta property=\"og:title\" content=\"Shuttle\u00a0transfers\" \/>\n<meta property=\"og:description\" content=\"Transvulcania Marathon\" \/>\n<meta property=\"og:url\" content=\"https:\/\/transvulcania.com\/en\/shuttle-transfers\/\" \/>\n<meta property=\"og:site_name\" content=\"Transvulcania Terrex 2025 - Ultramarathon La Palma\" \/>\n<meta property=\"article:modified_time\" content=\"2026-04-30T09:04:31+00:00\" \/>\n<meta name=\"twitter:card\" content=\"summary_large_image\" \/>\n<meta name=\"twitter:label1\" content=\"Est. reading time\" \/>\n\t<meta name=\"twitter:data1\" content=\"3 minutes\" \/>\n<script type=\"application\/ld+json\" class=\"yoast-schema-graph\">{\"@context\":\"https:\/\/schema.org\",\"@graph\":[{\"@type\":\"WebPage\",\"@id\":\"https:\/\/transvulcania.com\/en\/shuttle-transfers\/\",\"url\":\"https:\/\/transvulcania.com\/en\/shuttle-transfers\/\",\"name\":\"Shuttle\u00a0transfers - Transvulcania Terrex 2025 - Ultramarathon La Palma\",\"isPartOf\":{\"@id\":\"https:\/\/transvulcania.com\/en\/#website\"},\"datePublished\":\"2025-01-22T13:22:28+00:00\",\"dateModified\":\"2026-04-30T09:04:31+00:00\",\"description\":\"Transvulcania Marathon\",\"breadcrumb\":{\"@id\":\"https:\/\/transvulcania.com\/en\/shuttle-transfers\/#breadcrumb\"},\"inLanguage\":\"en-US\",\"potentialAction\":[{\"@type\":\"ReadAction\",\"target\":[\"https:\/\/transvulcania.com\/en\/shuttle-transfers\/\"]}]},{\"@type\":\"BreadcrumbList\",\"@id\":\"https:\/\/transvulcania.com\/en\/shuttle-transfers\/#breadcrumb\",\"itemListElement\":[{\"@type\":\"ListItem\",\"position\":1,\"name\":\"Home\",\"item\":\"https:\/\/transvulcania.com\/en\/\"},{\"@type\":\"ListItem\",\"position\":2,\"name\":\"Shuttle\u00a0transfers\"}]},{\"@type\":\"WebSite\",\"@id\":\"https:\/\/transvulcania.com\/en\/#website\",\"url\":\"https:\/\/transvulcania.com\/en\/\",\"name\":\"Transvulcania Terrex 2025 - Ultramarathon La Palma\",\"description\":\"Transvulcania 2025 - Es la XV Edici\u00f3n de la Ultramarat\u00f3n de monta\u00f1a de la Isla La Palma\",\"publisher\":{\"@id\":\"https:\/\/transvulcania.com\/en\/#organization\"},\"potentialAction\":[{\"@type\":\"SearchAction\",\"target\":{\"@type\":\"EntryPoint\",\"urlTemplate\":\"https:\/\/transvulcania.com\/en\/?s={search_term_string}\"},\"query-input\":\"required name=search_term_string\"}],\"inLanguage\":\"en-US\"},{\"@type\":\"Organization\",\"@id\":\"https:\/\/transvulcania.com\/en\/#organization\",\"name\":\"Transvulcania Terrex 2025 - Ultramarathon La Palma\",\"url\":\"https:\/\/transvulcania.com\/en\/\",\"logo\":{\"@type\":\"ImageObject\",\"inLanguage\":\"en-US\",\"@id\":\"https:\/\/transvulcania.com\/en\/#\/schema\/logo\/image\/\",\"url\":\"https:\/\/transvulcania.com\/wp-content\/uploads\/2024\/03\/Logo_Transvulcania_Terrex.png\",\"contentUrl\":\"https:\/\/transvulcania.com\/wp-content\/uploads\/2024\/03\/Logo_Transvulcania_Terrex.png\",\"width\":431,\"height\":552,\"caption\":\"Transvulcania Terrex 2025 - Ultramarathon La Palma\"},\"image\":{\"@id\":\"https:\/\/transvulcania.com\/en\/#\/schema\/logo\/image\/\"}}]}<\/script>\n<!-- \/ Yoast SEO Premium plugin. -->","yoast_head_json":{"title":"Shuttle\u00a0transfers - Transvulcania Terrex 2025 - Ultramarathon La Palma","description":"Transvulcania Marathon","robots":{"index":"index","follow":"follow","max-snippet":"max-snippet:-1","max-image-preview":"max-image-preview:large","max-video-preview":"max-video-preview:-1"},"canonical":"https:\/\/transvulcania.com\/en\/shuttle-transfers\/","og_locale":"en_US","og_type":"article","og_title":"Shuttle\u00a0transfers","og_description":"Transvulcania Marathon","og_url":"https:\/\/transvulcania.com\/en\/shuttle-transfers\/","og_site_name":"Transvulcania Terrex 2025 - Ultramarathon La Palma","article_modified_time":"2026-04-30T09:04:31+00:00","twitter_card":"summary_large_image","twitter_misc":{"Est. reading time":"3 minutes"},"schema":{"@context":"https:\/\/schema.org","@graph":[{"@type":"WebPage","@id":"https:\/\/transvulcania.com\/en\/shuttle-transfers\/","url":"https:\/\/transvulcania.com\/en\/shuttle-transfers\/","name":"Shuttle\u00a0transfers - Transvulcania Terrex 2025 - Ultramarathon La Palma","isPartOf":{"@id":"https:\/\/transvulcania.com\/en\/#website"},"datePublished":"2025-01-22T13:22:28+00:00","dateModified":"2026-04-30T09:04:31+00:00","description":"Transvulcania Marathon","breadcrumb":{"@id":"https:\/\/transvulcania.com\/en\/shuttle-transfers\/#breadcrumb"},"inLanguage":"en-US","potentialAction":[{"@type":"ReadAction","target":["https:\/\/transvulcania.com\/en\/shuttle-transfers\/"]}]},{"@type":"BreadcrumbList","@id":"https:\/\/transvulcania.com\/en\/shuttle-transfers\/#breadcrumb","itemListElement":[{"@type":"ListItem","position":1,"name":"Home","item":"https:\/\/transvulcania.com\/en\/"},{"@type":"ListItem","position":2,"name":"Shuttle\u00a0transfers"}]},{"@type":"WebSite","@id":"https:\/\/transvulcania.com\/en\/#website","url":"https:\/\/transvulcania.com\/en\/","name":"Transvulcania Terrex 2025 - Ultramarathon La Palma","description":"Transvulcania 2025 - Es la XV Edici\u00f3n de la Ultramarat\u00f3n de monta\u00f1a de la Isla La Palma","publisher":{"@id":"https:\/\/transvulcania.com\/en\/#organization"},"potentialAction":[{"@type":"SearchAction","target":{"@type":"EntryPoint","urlTemplate":"https:\/\/transvulcania.com\/en\/?s={search_term_string}"},"query-input":"required name=search_term_string"}],"inLanguage":"en-US"},{"@type":"Organization","@id":"https:\/\/transvulcania.com\/en\/#organization","name":"Transvulcania Terrex 2025 - Ultramarathon La Palma","url":"https:\/\/transvulcania.com\/en\/","logo":{"@type":"ImageObject","inLanguage":"en-US","@id":"https:\/\/transvulcania.com\/en\/#\/schema\/logo\/image\/","url":"https:\/\/transvulcania.com\/wp-content\/uploads\/2024\/03\/Logo_Transvulcania_Terrex.png","contentUrl":"https:\/\/transvulcania.com\/wp-content\/uploads\/2024\/03\/Logo_Transvulcania_Terrex.png","width":431,"height":552,"caption":"Transvulcania Terrex 2025 - Ultramarathon La Palma"},"image":{"@id":"https:\/\/transvulcania.com\/en\/#\/schema\/logo\/image\/"}}]}},"_links":{"self":[{"href":"https:\/\/transvulcania.com\/en\/wp-json\/wp\/v2\/pages\/13035","targetHints":{"allow":["GET"]}}],"collection":[{"href":"https:\/\/transvulcania.com\/en\/wp-json\/wp\/v2\/pages"}],"about":[{"href":"https:\/\/transvulcania.com\/en\/wp-json\/wp\/v2\/types\/page"}],"author":[{"embeddable":true,"href":"https:\/\/transvulcania.com\/en\/wp-json\/wp\/v2\/users\/1"}],"replies":[{"embeddable":true,"href":"https:\/\/transvulcania.com\/en\/wp-json\/wp\/v2\/comments?post=13035"}],"version-history":[{"count":15,"href":"https:\/\/transvulcania.com\/en\/wp-json\/wp\/v2\/pages\/13035\/revisions"}],"predecessor-version":[{"id":21282,"href":"https:\/\/transvulcania.com\/en\/wp-json\/wp\/v2\/pages\/13035\/revisions\/21282"}],"wp:attachment":[{"href":"https:\/\/transvulcania.com\/en\/wp-json\/wp\/v2\/media?parent=13035"}],"curies":[{"name":"wp","href":"https:\/\/api.w.org\/{rel}","templated":true}]}}