{"id":20724,"date":"2026-03-11T17:10:41","date_gmt":"2026-03-11T17:10:41","guid":{"rendered":"https:\/\/transvulcania.com\/sportliche-erfahrungen\/"},"modified":"2026-03-19T18:51:03","modified_gmt":"2026-03-19T18:51:03","slug":"sportliche-erfahrungen","status":"publish","type":"page","link":"https:\/\/transvulcania.com\/de\/sportliche-erfahrungen\/","title":{"rendered":"Sportliche Erfahrungen"},"content":{"rendered":"\t\t<div data-elementor-type=\"wp-page\" data-elementor-id=\"20724\" class=\"elementor elementor-20724 elementor-20683\" data-elementor-post-type=\"page\">\n\t\t\t\t<div class=\"elementor-element elementor-element-6808fbc e-flex e-con-boxed e-con e-parent\" data-id=\"6808fbc\" data-element_type=\"container\" data-e-type=\"container\">\n\t\t\t\t\t<div class=\"e-con-inner\">\n\t\t\t\t<div class=\"elementor-element elementor-element-45cdd34 elementor-widget elementor-widget-image\" data-id=\"45cdd34\" data-element_type=\"widget\" data-e-type=\"widget\" data-widget_type=\"image.default\">\n\t\t\t\t<div class=\"elementor-widget-container\">\n\t\t\t\t\t\t\t\t\t\t\t\t\t\t\t<img fetchpriority=\"high\" decoding=\"async\" width=\"2560\" height=\"960\" src=\"https:\/\/transvulcania.com\/wp-content\/uploads\/2026\/03\/Sport_Experience_2026_H-scaled.jpg\" class=\"attachment-full size-full wp-image-20699\" alt=\"\" srcset=\"https:\/\/transvulcania.com\/wp-content\/uploads\/2026\/03\/Sport_Experience_2026_H-scaled.jpg 2560w, https:\/\/transvulcania.com\/wp-content\/uploads\/2026\/03\/Sport_Experience_2026_H-300x113.jpg 300w, https:\/\/transvulcania.com\/wp-content\/uploads\/2026\/03\/Sport_Experience_2026_H-1024x384.jpg 1024w, https:\/\/transvulcania.com\/wp-content\/uploads\/2026\/03\/Sport_Experience_2026_H-768x288.jpg 768w, https:\/\/transvulcania.com\/wp-content\/uploads\/2026\/03\/Sport_Experience_2026_H-1536x576.jpg 1536w, https:\/\/transvulcania.com\/wp-content\/uploads\/2026\/03\/Sport_Experience_2026_H-2048x768.jpg 2048w\" sizes=\"(max-width: 2560px) 100vw, 2560px\" \/>\t\t\t\t\t\t\t\t\t\t\t\t\t\t\t<\/div>\n\t\t\t\t<\/div>\n\t\t\t\t\t<\/div>\n\t\t\t\t<\/div>\n\t\t<div class=\"elementor-element elementor-element-73cb12f e-flex e-con-boxed e-con e-parent\" data-id=\"73cb12f\" data-element_type=\"container\" data-e-type=\"container\">\n\t\t\t\t\t<div class=\"e-con-inner\">\n\t\t<div class=\"elementor-element elementor-element-9800840 e-con-full e-flex elementor-invisible e-con e-child\" data-id=\"9800840\" data-element_type=\"container\" data-e-type=\"container\" data-settings=\"{&quot;animation&quot;:&quot;fadeInLeft&quot;}\">\n\t\t\t\t<div class=\"elementor-element elementor-element-1bf6983 elementor-widget elementor-widget-eael-creative-button\" data-id=\"1bf6983\" data-element_type=\"widget\" data-e-type=\"widget\" data-widget_type=\"eael-creative-button.default\">\n\t\t\t\t<div class=\"elementor-widget-container\">\n\t\t\t\t\t        <div class=\"eael-creative-button-wrapper\">\n\n            <a class=\"eael-creative-button eael-creative-button--ujarak eael-cb-icon-position-left\" href=\"https:\/\/www.avaibooksports.com\/inscripcion\/sport-experience-feria-deportiva-insular-trv-expo\/\" target=\"_blank\" data-text=\"Anmelden\">\n            \t    \n                <div class=\"creative-button-inner\">\n\n                                            <span class=\"eael-creative-button-icon-left\"><svg aria-hidden=\"true\" class=\"e-font-icon-svg e-fas-pen-alt\" viewBox=\"0 0 512 512\" xmlns=\"http:\/\/www.w3.org\/2000\/svg\"><path d=\"M497.94 74.17l-60.11-60.11c-18.75-18.75-49.16-18.75-67.91 0l-56.55 56.55 128.02 128.02 56.55-56.55c18.75-18.75 18.75-49.15 0-67.91zm-246.8-20.53c-15.62-15.62-40.94-15.62-56.56 0L75.8 172.43c-6.25 6.25-6.25 16.38 0 22.62l22.63 22.63c6.25 6.25 16.38 6.25 22.63 0l101.82-101.82 22.63 22.62L93.95 290.03A327.038 327.038 0 0 0 .17 485.11l-.03.23c-1.7 15.28 11.21 28.2 26.49 26.51a327.02 327.02 0 0 0 195.34-93.8l196.79-196.79-82.77-82.77-84.85-84.85z\"><\/path><\/svg><\/span>                    \n                    <span class=\"cretive-button-text\">Anmelden<\/span>\n\n                                    <\/div>\n\t                        <\/a>\n        <\/div>\n        \t\t\t\t<\/div>\n\t\t\t\t<\/div>\n\t\t\t\t<\/div>\n\t\t<div class=\"elementor-element elementor-element-1010997 e-con-full e-flex elementor-invisible e-con e-child\" data-id=\"1010997\" data-element_type=\"container\" data-e-type=\"container\" data-settings=\"{&quot;animation&quot;:&quot;fadeInRight&quot;}\">\n\t\t\t\t<div class=\"elementor-element elementor-element-6f42170 elementor-widget elementor-widget-eael-creative-button\" data-id=\"6f42170\" data-element_type=\"widget\" data-e-type=\"widget\" data-widget_type=\"eael-creative-button.default\">\n\t\t\t\t<div class=\"elementor-widget-container\">\n\t\t\t\t\t        <div class=\"eael-creative-button-wrapper\">\n\n            <a class=\"eael-creative-button eael-creative-button--ujarak eael-cb-icon-position-left\" href=\"https:\/\/docs.google.com\/document\/d\/1pIj0WVe7W09KqPeywZxGTMChrIBvTXaZ\/edit?usp=sharing&#038;ouid=112486724901877334806&#038;rtpof=true&#038;sd=true\" target=\"_blank\" data-text=\"Regelwerk\">\n            \t    \n                <div class=\"creative-button-inner\">\n\n                                            <span class=\"eael-creative-button-icon-left\"><svg aria-hidden=\"true\" class=\"e-font-icon-svg e-far-list-alt\" viewBox=\"0 0 512 512\" xmlns=\"http:\/\/www.w3.org\/2000\/svg\"><path d=\"M464 32H48C21.49 32 0 53.49 0 80v352c0 26.51 21.49 48 48 48h416c26.51 0 48-21.49 48-48V80c0-26.51-21.49-48-48-48zm-6 400H54a6 6 0 0 1-6-6V86a6 6 0 0 1 6-6h404a6 6 0 0 1 6 6v340a6 6 0 0 1-6 6zm-42-92v24c0 6.627-5.373 12-12 12H204c-6.627 0-12-5.373-12-12v-24c0-6.627 5.373-12 12-12h200c6.627 0 12 5.373 12 12zm0-96v24c0 6.627-5.373 12-12 12H204c-6.627 0-12-5.373-12-12v-24c0-6.627 5.373-12 12-12h200c6.627 0 12 5.373 12 12zm0-96v24c0 6.627-5.373 12-12 12H204c-6.627 0-12-5.373-12-12v-24c0-6.627 5.373-12 12-12h200c6.627 0 12 5.373 12 12zm-252 12c0 19.882-16.118 36-36 36s-36-16.118-36-36 16.118-36 36-36 36 16.118 36 36zm0 96c0 19.882-16.118 36-36 36s-36-16.118-36-36 16.118-36 36-36 36 16.118 36 36zm0 96c0 19.882-16.118 36-36 36s-36-16.118-36-36 16.118-36 36-36 36 16.118 36 36z\"><\/path><\/svg><\/span>                    \n                    <span class=\"cretive-button-text\">Regelwerk<\/span>\n\n                                    <\/div>\n\t                        <\/a>\n        <\/div>\n        \t\t\t\t<\/div>\n\t\t\t\t<\/div>\n\t\t\t\t<\/div>\n\t\t\t\t\t<\/div>\n\t\t\t\t<\/div>\n\t\t<div class=\"elementor-element elementor-element-688e68d e-flex e-con-boxed e-con e-parent\" data-id=\"688e68d\" data-element_type=\"container\" data-e-type=\"container\">\n\t\t\t\t\t<div class=\"e-con-inner\">\n\t\t<div class=\"elementor-element elementor-element-f1ca3e2 e-con-full e-flex e-con e-child\" data-id=\"f1ca3e2\" data-element_type=\"container\" data-e-type=\"container\">\n\t\t\t\t<div class=\"elementor-element elementor-element-e49d3d4 elementor-widget elementor-widget-text-editor\" data-id=\"e49d3d4\" data-element_type=\"widget\" data-e-type=\"widget\" data-widget_type=\"text-editor.default\">\n\t\t\t\t<div class=\"elementor-widget-container\">\n\t\t\t\t\t\t\t\t\t<h4>Sei dabei, wenn auf La Palma der Sport im Mittelpunkt steht<\/h4>\n<p id=\"m_3585251835209713526gmail-p-rc_5e97e3ef935fe818-19\">Seien Sie Teil des spannendsten Events der Branche: der zweiten Ausgabe der Insularen Sportmesse \u201e<b>Sport Experience<\/b>\u201c. Vom 6. bis 8. Mai 2026 wird die Plaza Juan Pablo II in Los Llanos de Aridane zum zentralen Treffpunkt f\u00fcr Marken, Fachleute und Sportbegeisterte \u2013 und das alles vor der unvergleichlichen Kulisse der 16. Ausgabe des adidas Transvulcania. Es ist die perfekte Gelegenheit, in einem Umfeld mit hoher Sichtbarkeit und internationalem Prestige direkt mit Ihrer Zielgruppe in Kontakt zu treten.  <\/p>\n<h4 id=\"m_3585251835209713526gmail-p-rc_5e97e3ef935fe818-19\">Alles ist bereit, damit deine Marke gl\u00e4nzen kann<\/h4>\n<p id=\"m_3585251835209713526gmail-p-rc_5e97e3ef935fe818-20\">Queremos que tu \u00fanica preocupaci\u00f3n sea potenciar tu negocio, por eso te ofrecemos stands modulares de madera de <b>6 metros cuadrados<span aria-hidden=\"true\"><br \/><\/span><\/b> completamente equipados con mobiliario, electricidad, WiFi y servicios de limpieza y seguridad<span style=\"font-family: Google Sans Flex, Google Sans, Helvetica Neue, sans-serif;\">. <\/span>Podr\u00e1s elegir entre tres zonas estrat\u00e9gicas (A, B o C) seg\u00fan tus objetivos de visibilidad, contando adem\u00e1s con <b>tarifas bonificadas si tu empresa tiene domicilio fiscal en La Palma<\/b><span style=\"font-family: Google Sans Flex, Google Sans, Helvetica Neue, sans-serif;\">. <\/span>No dejes pasar el tren: el plazo de inscripci\u00f3n est\u00e1 abierto hasta agotar espacios disponibles o hasta el el <b>19 de abril de 2026 como m\u00e1ximo<\/b><span style=\"font-family: Google Sans Flex, Google Sans, Helvetica Neue, sans-serif;\">.<\/span><\/p>\n\t\t\t\t\t\t\t\t<\/div>\n\t\t\t\t<\/div>\n\t\t\t\t<\/div>\n\t\t<div class=\"elementor-element elementor-element-ca58aad e-con-full e-flex e-con e-child\" data-id=\"ca58aad\" data-element_type=\"container\" data-e-type=\"container\">\n\t\t\t\t<div class=\"elementor-element elementor-element-40faed3 elementor-widget elementor-widget-image\" data-id=\"40faed3\" data-element_type=\"widget\" data-e-type=\"widget\" data-widget_type=\"image.default\">\n\t\t\t\t<div class=\"elementor-widget-container\">\n\t\t\t\t\t\t\t\t\t\t\t\t\t\t\t\t<a href=\"https:\/\/transvulcania.com\/wp-content\/uploads\/2026\/03\/Mapa_Feria.jpg\" data-elementor-open-lightbox=\"yes\" data-elementor-lightbox-title=\"Mapa_Feria\" data-e-action-hash=\"#elementor-action%3Aaction%3Dlightbox%26settings%3DeyJpZCI6MjA2OTAsInVybCI6Imh0dHBzOlwvXC90cmFuc3Z1bGNhbmlhLmNvbVwvd3AtY29udGVudFwvdXBsb2Fkc1wvMjAyNlwvMDNcL01hcGFfRmVyaWEuanBnIn0%3D\">\n\t\t\t\t\t\t\t<img decoding=\"async\" width=\"900\" height=\"906\" src=\"https:\/\/transvulcania.com\/wp-content\/uploads\/2026\/03\/Mapa_Feria-1017x1024.jpg\" class=\"attachment-large size-large wp-image-20690\" alt=\"\" srcset=\"https:\/\/transvulcania.com\/wp-content\/uploads\/2026\/03\/Mapa_Feria-1017x1024.jpg 1017w, https:\/\/transvulcania.com\/wp-content\/uploads\/2026\/03\/Mapa_Feria-298x300.jpg 298w, https:\/\/transvulcania.com\/wp-content\/uploads\/2026\/03\/Mapa_Feria-150x150.jpg 150w, https:\/\/transvulcania.com\/wp-content\/uploads\/2026\/03\/Mapa_Feria-768x774.jpg 768w, https:\/\/transvulcania.com\/wp-content\/uploads\/2026\/03\/Mapa_Feria.jpg 1500w\" sizes=\"(max-width: 900px) 100vw, 900px\" \/>\t\t\t\t\t\t\t\t<\/a>\n\t\t\t\t\t\t\t\t\t\t\t\t\t\t\t<\/div>\n\t\t\t\t<\/div>\n\t\t\t\t<\/div>\n\t\t\t\t\t<\/div>\n\t\t\t\t<\/div>\n\t\t\t\t<\/div>\n\t\t","protected":false},"excerpt":{"rendered":"<p>Anmelden Regelwerk Sei dabei, wenn auf La Palma der Sport im Mittelpunkt steht Seien Sie Teil des spannendsten Events der Branche: der zweiten Ausgabe der Insularen Sportmesse \u201eSport Experience\u201c. Vom 6. bis 8. Mai 2026 wird die Plaza Juan Pablo II in Los Llanos de Aridane zum zentralen Treffpunkt f\u00fcr Marken, Fachleute und Sportbegeisterte \u2013 &#8230; <a title=\"Sportliche Erfahrungen\" class=\"read-more\" href=\"https:\/\/transvulcania.com\/de\/sportliche-erfahrungen\/\" aria-label=\"Mehr Informationen \u00fcber Sportliche Erfahrungen\">Weiterlesen<\/a><\/p>\n","protected":false},"author":1,"featured_media":0,"parent":0,"menu_order":0,"comment_status":"closed","ping_status":"closed","template":"","meta":{"footnotes":""},"class_list":["post-20724","page","type-page","status-publish"],"yoast_head":"<!-- This site is optimized with the Yoast SEO Premium plugin v21.2 (Yoast SEO v21.2) - https:\/\/yoast.com\/wordpress\/plugins\/seo\/ -->\n<title>Marathon-Modus bei Transvulcania<\/title>\n<meta name=\"description\" content=\"Insular-Sportmesse + TRV Expo\" \/>\n<meta name=\"robots\" content=\"index, follow, max-snippet:-1, max-image-preview:large, max-video-preview:-1\" \/>\n<link rel=\"canonical\" href=\"https:\/\/transvulcania.com\/de\/sportliche-erfahrungen\/\" \/>\n<meta property=\"og:locale\" content=\"de_DE\" \/>\n<meta property=\"og:type\" content=\"article\" \/>\n<meta property=\"og:title\" content=\"Sportliche Erfahrungen\" \/>\n<meta property=\"og:description\" content=\"Insular-Sportmesse + TRV Expo\" \/>\n<meta property=\"og:url\" content=\"https:\/\/transvulcania.com\/de\/sportliche-erfahrungen\/\" \/>\n<meta property=\"og:site_name\" content=\"Transvulcania Terrex 2026 - Ultramarathon La Palma\" \/>\n<meta property=\"article:modified_time\" content=\"2026-03-19T18:51:03+00:00\" \/>\n<meta property=\"og:image\" content=\"https:\/\/transvulcania.com\/wp-content\/uploads\/2026\/03\/Sport_Experience_2026_H-scaled.jpg\" \/>\n<meta name=\"twitter:card\" content=\"summary_large_image\" \/>\n<meta name=\"twitter:label1\" content=\"Gesch\u00e4tzte Lesezeit\" \/>\n\t<meta name=\"twitter:data1\" content=\"2\u00a0Minuten\" \/>\n<script type=\"application\/ld+json\" class=\"yoast-schema-graph\">{\"@context\":\"https:\/\/schema.org\",\"@graph\":[{\"@type\":\"WebPage\",\"@id\":\"https:\/\/transvulcania.com\/de\/sportliche-erfahrungen\/\",\"url\":\"https:\/\/transvulcania.com\/de\/sportliche-erfahrungen\/\",\"name\":\"Marathon-Modus bei Transvulcania\",\"isPartOf\":{\"@id\":\"https:\/\/transvulcania.com\/de\/#website\"},\"datePublished\":\"2026-03-11T17:10:41+00:00\",\"dateModified\":\"2026-03-19T18:51:03+00:00\",\"description\":\"Insular-Sportmesse + TRV Expo\",\"breadcrumb\":{\"@id\":\"https:\/\/transvulcania.com\/de\/sportliche-erfahrungen\/#breadcrumb\"},\"inLanguage\":\"de\",\"potentialAction\":[{\"@type\":\"ReadAction\",\"target\":[\"https:\/\/transvulcania.com\/de\/sportliche-erfahrungen\/\"]}]},{\"@type\":\"BreadcrumbList\",\"@id\":\"https:\/\/transvulcania.com\/de\/sportliche-erfahrungen\/#breadcrumb\",\"itemListElement\":[{\"@type\":\"ListItem\",\"position\":1,\"name\":\"Home\",\"item\":\"https:\/\/transvulcania.com\/de\/\"},{\"@type\":\"ListItem\",\"position\":2,\"name\":\"Sportliche Erfahrungen\"}]},{\"@type\":\"WebSite\",\"@id\":\"https:\/\/transvulcania.com\/de\/#website\",\"url\":\"https:\/\/transvulcania.com\/de\/\",\"name\":\"Transvulcania Terrex 2026 - Ultramarathon La Palma\",\"description\":\"Transvulcania Terrex 2026 - XVI Edici\u00f3n de la Ultramarat\u00f3n de monta\u00f1a de la Isla La Palma\",\"publisher\":{\"@id\":\"https:\/\/transvulcania.com\/de\/#organization\"},\"potentialAction\":[{\"@type\":\"SearchAction\",\"target\":{\"@type\":\"EntryPoint\",\"urlTemplate\":\"https:\/\/transvulcania.com\/de\/?s={search_term_string}\"},\"query-input\":\"required name=search_term_string\"}],\"inLanguage\":\"de\"},{\"@type\":\"Organization\",\"@id\":\"https:\/\/transvulcania.com\/de\/#organization\",\"name\":\"Transvulcania Terrex 2026 - Ultramarathon La Palma\",\"url\":\"https:\/\/transvulcania.com\/de\/\",\"logo\":{\"@type\":\"ImageObject\",\"inLanguage\":\"de\",\"@id\":\"https:\/\/transvulcania.com\/de\/#\/schema\/logo\/image\/\",\"url\":\"https:\/\/transvulcania.com\/wp-content\/uploads\/2024\/03\/Logo_Transvulcania_Terrex.png\",\"contentUrl\":\"https:\/\/transvulcania.com\/wp-content\/uploads\/2024\/03\/Logo_Transvulcania_Terrex.png\",\"width\":431,\"height\":552,\"caption\":\"Transvulcania Terrex 2026 - Ultramarathon La Palma\"},\"image\":{\"@id\":\"https:\/\/transvulcania.com\/de\/#\/schema\/logo\/image\/\"}}]}<\/script>\n<!-- \/ Yoast SEO Premium plugin. -->","yoast_head_json":{"title":"Marathon-Modus bei Transvulcania","description":"Insular-Sportmesse + TRV Expo","robots":{"index":"index","follow":"follow","max-snippet":"max-snippet:-1","max-image-preview":"max-image-preview:large","max-video-preview":"max-video-preview:-1"},"canonical":"https:\/\/transvulcania.com\/de\/sportliche-erfahrungen\/","og_locale":"de_DE","og_type":"article","og_title":"Sportliche Erfahrungen","og_description":"Insular-Sportmesse + TRV Expo","og_url":"https:\/\/transvulcania.com\/de\/sportliche-erfahrungen\/","og_site_name":"Transvulcania Terrex 2026 - Ultramarathon La Palma","article_modified_time":"2026-03-19T18:51:03+00:00","og_image":[{"url":"https:\/\/transvulcania.com\/wp-content\/uploads\/2026\/03\/Sport_Experience_2026_H-scaled.jpg"}],"twitter_card":"summary_large_image","twitter_misc":{"Gesch\u00e4tzte Lesezeit":"2\u00a0Minuten"},"schema":{"@context":"https:\/\/schema.org","@graph":[{"@type":"WebPage","@id":"https:\/\/transvulcania.com\/de\/sportliche-erfahrungen\/","url":"https:\/\/transvulcania.com\/de\/sportliche-erfahrungen\/","name":"Marathon-Modus bei Transvulcania","isPartOf":{"@id":"https:\/\/transvulcania.com\/de\/#website"},"datePublished":"2026-03-11T17:10:41+00:00","dateModified":"2026-03-19T18:51:03+00:00","description":"Insular-Sportmesse + TRV Expo","breadcrumb":{"@id":"https:\/\/transvulcania.com\/de\/sportliche-erfahrungen\/#breadcrumb"},"inLanguage":"de","potentialAction":[{"@type":"ReadAction","target":["https:\/\/transvulcania.com\/de\/sportliche-erfahrungen\/"]}]},{"@type":"BreadcrumbList","@id":"https:\/\/transvulcania.com\/de\/sportliche-erfahrungen\/#breadcrumb","itemListElement":[{"@type":"ListItem","position":1,"name":"Home","item":"https:\/\/transvulcania.com\/de\/"},{"@type":"ListItem","position":2,"name":"Sportliche Erfahrungen"}]},{"@type":"WebSite","@id":"https:\/\/transvulcania.com\/de\/#website","url":"https:\/\/transvulcania.com\/de\/","name":"Transvulcania Terrex 2026 - Ultramarathon La Palma","description":"Transvulcania Terrex 2026 - XVI Edici\u00f3n de la Ultramarat\u00f3n de monta\u00f1a de la Isla La Palma","publisher":{"@id":"https:\/\/transvulcania.com\/de\/#organization"},"potentialAction":[{"@type":"SearchAction","target":{"@type":"EntryPoint","urlTemplate":"https:\/\/transvulcania.com\/de\/?s={search_term_string}"},"query-input":"required name=search_term_string"}],"inLanguage":"de"},{"@type":"Organization","@id":"https:\/\/transvulcania.com\/de\/#organization","name":"Transvulcania Terrex 2026 - Ultramarathon La Palma","url":"https:\/\/transvulcania.com\/de\/","logo":{"@type":"ImageObject","inLanguage":"de","@id":"https:\/\/transvulcania.com\/de\/#\/schema\/logo\/image\/","url":"https:\/\/transvulcania.com\/wp-content\/uploads\/2024\/03\/Logo_Transvulcania_Terrex.png","contentUrl":"https:\/\/transvulcania.com\/wp-content\/uploads\/2024\/03\/Logo_Transvulcania_Terrex.png","width":431,"height":552,"caption":"Transvulcania Terrex 2026 - Ultramarathon La Palma"},"image":{"@id":"https:\/\/transvulcania.com\/de\/#\/schema\/logo\/image\/"}}]}},"_links":{"self":[{"href":"https:\/\/transvulcania.com\/de\/wp-json\/wp\/v2\/pages\/20724","targetHints":{"allow":["GET"]}}],"collection":[{"href":"https:\/\/transvulcania.com\/de\/wp-json\/wp\/v2\/pages"}],"about":[{"href":"https:\/\/transvulcania.com\/de\/wp-json\/wp\/v2\/types\/page"}],"author":[{"embeddable":true,"href":"https:\/\/transvulcania.com\/de\/wp-json\/wp\/v2\/users\/1"}],"replies":[{"embeddable":true,"href":"https:\/\/transvulcania.com\/de\/wp-json\/wp\/v2\/comments?post=20724"}],"version-history":[{"count":3,"href":"https:\/\/transvulcania.com\/de\/wp-json\/wp\/v2\/pages\/20724\/revisions"}],"predecessor-version":[{"id":20748,"href":"https:\/\/transvulcania.com\/de\/wp-json\/wp\/v2\/pages\/20724\/revisions\/20748"}],"wp:attachment":[{"href":"https:\/\/transvulcania.com\/de\/wp-json\/wp\/v2\/media?parent=20724"}],"curies":[{"name":"wp","href":"https:\/\/api.w.org\/{rel}","templated":true}]}}