{"id":19593,"date":"2023-09-28T07:48:18","date_gmt":"2023-09-28T06:48:18","guid":{"rendered":"https:\/\/transvulcania.com\/datenschutzerklaerung\/"},"modified":"2025-09-30T21:58:21","modified_gmt":"2025-09-30T20:58:21","slug":"datenschutzerklaerung","status":"publish","type":"page","link":"https:\/\/transvulcania.com\/de\/datenschutzerklaerung\/","title":{"rendered":"Datenschutzerkl\u00e4rung"},"content":{"rendered":"\t\t<div data-elementor-type=\"wp-page\" data-elementor-id=\"19593\" class=\"elementor elementor-19593 elementor-3\" data-elementor-post-type=\"page\">\n\t\t\t\t<div class=\"elementor-element elementor-element-57f08079 e-flex e-con-boxed e-con e-parent\" data-id=\"57f08079\" data-element_type=\"container\" data-e-type=\"container\">\n\t\t\t\t\t<div class=\"e-con-inner\">\n\t\t\t\t<div class=\"elementor-element elementor-element-7ee68108 elementor-widget elementor-widget-text-editor\" data-id=\"7ee68108\" data-element_type=\"widget\" data-e-type=\"widget\" data-widget_type=\"text-editor.default\">\n\t\t\t\t<div class=\"elementor-widget-container\">\n\t\t\t\t\t\t\t\t\t<h3>Allgemeine Informationen<\/h3>\n<p>Gem\u00e4\u00df der Informationspflicht gem\u00e4\u00df Gesetz 34\/2002 vom 11. Juli \u00fcber Dienste der Informationsgesellschaft und des elektronischen Handels werden im Folgenden die allgemeinen Informationen zur Website aufgef\u00fchrt:<\/p>\n<ul>\n<li>SOCIEDAD DE PROMOCION Y DESARROLLO ECONOMICO DE LA ISLA DE LA PALMA SAU- A38732566<\/li>\n<li>AVENIDA DE LOS INDIANOS 14 2\u00baB- 38700 &#8211; SANTA CRUZ DE LA PALMA<\/li>\n<li>Handelsregister von Santa Cruz de La Palma, Band 46, Blatt 211, Seite IP-2049, Eintragung 1.<\/li>\n<li>Telefon: 922417323<\/li>\n<li>E-Mail: gerencia@sodepal.es<\/li>\n<\/ul>\n<h3>Nutzungsbedingungen<\/h3>\n<p>Der Zugriff auf und die Nutzung dieser Website verleihen dem Besucher den Status eines Nutzers. Dies bedeutet, dass der Nutzer die jeweils geltenden Nutzungsbedingungen akzeptiert und sich verpflichtet, die Inhalte der Website angemessen zu nutzen und die Bestimmungen dieser Mitteilung sowie die geltenden Vorschriften strikt zu beachten und einzuhalten. <\/p>\n<p>Der Nutzer verpflichtet sich au\u00dferdem:<br \/>Wahrheitsgem\u00e4\u00dfe Angaben bei der Registrierung zu machen und diese auf dem neuesten Stand zu halten;<br \/>Keine Inhalte zu verbreiten, die gegen das Gesetz oder die W\u00fcrde des Menschen versto\u00dfen, die aufgrund von Geburt, Rasse, Geschlecht, Religion, Meinung oder anderen pers\u00f6nlichen oder sozialen Umst\u00e4nden diskriminierend sind oder in irgendeiner Weise gegen das Gesetz und die \u00f6ffentliche Ordnung versto\u00dfen.<br \/><strong>SOCIEDAD DE PROMOCION Y DESARROLLO ECONOMICO DE LA ISLA DE LA PALMA SAU<\/strong> beh\u00e4lt sich das Recht vor, \u00c4nderungen vorzunehmen, die es f\u00fcr angemessen h\u00e4lt, indem es Inhalte oder Dienstleistungen, die \u00fcber die Website angeboten werden, hinzuf\u00fcgt, \u00e4ndert oder entfernt, sowie Beitr\u00e4ge oder Kommentare zu l\u00f6schen, die gegen die oben beschriebenen Regeln versto\u00dfen.<br \/><strong>SOCIEDAD DE PROMOCION Y DESARROLLO ECONOMICO DE LA ISLA DE LA PALMA SAU<\/strong> \u00fcbernimmt keinerlei Verantwortung f\u00fcr die Meinungen, die der Nutzer \u00fcber die auf der Website angebotenen Beteiligungsinstrumente \u00e4u\u00dfert.<br \/>Der Zugang zur Website ist f\u00fcr den Nutzer in allen Bereichen, Inhalten usw. frei und kostenlos.<br \/>Der Nutzer erkl\u00e4rt unter seiner Verantwortung, vollj\u00e4hrig zu sein und \u00fcber die erforderliche Gesch\u00e4ftsf\u00e4higkeit zu verf\u00fcgen, um sich an die vorliegenden Bedingungen zu binden.<\/p>\n<h3><\/h3>\n<\/p>\n<h4><strong><\/strong><\/h4>\n<ul>\n<li><\/li>\n<li><\/li>\n<li><\/li>\n<li><\/li>\n<\/ul>\n<h4><strong><\/strong><\/h4>\n<ul>\n<li><\/li>\n<li><\/li>\n<\/ul>\n<h4><strong><\/strong><\/h4>\n<\/p>\n<h4><strong><\/strong><\/h4>\n<\/p>\n<h4><strong><\/strong><\/h4>\n<\/p>\n<h4><strong><\/strong><\/h4>\n<\/p>\n<h4><strong><\/strong><\/h4>\n<\/p>\n<h3><\/h3>\n<\/p>\n<h4><\/h4>\n<\/p><\/p>\n\t\t\t\t\t\t\t\t<\/div>\n\t\t\t\t<\/div>\n\t\t\t\t\t<\/div>\n\t\t\t\t<\/div>\n\t\t\t\t<\/div>\n\t\t","protected":false},"excerpt":{"rendered":"<p>Allgemeine Informationen Gem\u00e4\u00df der Informationspflicht gem\u00e4\u00df Gesetz 34\/2002 vom 11. Juli \u00fcber Dienste der Informationsgesellschaft und des elektronischen Handels werden im Folgenden die allgemeinen Informationen zur Website aufgef\u00fchrt: SOCIEDAD DE PROMOCION Y DESARROLLO ECONOMICO DE LA ISLA DE LA PALMA SAU- A38732566 AVENIDA DE LOS INDIANOS 14 2\u00baB- 38700 &#8211; SANTA CRUZ DE LA PALMA &#8230; <a title=\"Datenschutzerkl\u00e4rung\" class=\"read-more\" href=\"https:\/\/transvulcania.com\/de\/datenschutzerklaerung\/\" aria-label=\"Mehr Informationen \u00fcber Datenschutzerkl\u00e4rung\">Weiterlesen<\/a><\/p>\n","protected":false},"author":1,"featured_media":0,"parent":0,"menu_order":0,"comment_status":"closed","ping_status":"closed","template":"","meta":{"footnotes":""},"class_list":["post-19593","page","type-page","status-publish"],"yoast_head":"<!-- This site is optimized with the Yoast SEO Premium plugin v21.2 (Yoast SEO v21.2) - https:\/\/yoast.com\/wordpress\/plugins\/seo\/ -->\n<title>Datenschutzerkl\u00e4rung - Transvulcania Terrex 2026 - Ultramarathon La Palma<\/title>\n<meta name=\"description\" content=\"Datenschutzerkl\u00e4rung\" \/>\n<meta name=\"robots\" content=\"index, follow, max-snippet:-1, max-image-preview:large, max-video-preview:-1\" \/>\n<link rel=\"canonical\" href=\"https:\/\/transvulcania.com\/de\/datenschutzerklaerung\/\" \/>\n<meta property=\"og:locale\" content=\"de_DE\" \/>\n<meta property=\"og:type\" content=\"article\" \/>\n<meta property=\"og:title\" content=\"Datenschutzerkl\u00e4rung\" \/>\n<meta property=\"og:description\" content=\"Datenschutzerkl\u00e4rung\" \/>\n<meta property=\"og:url\" content=\"https:\/\/transvulcania.com\/de\/datenschutzerklaerung\/\" \/>\n<meta property=\"og:site_name\" content=\"Transvulcania Terrex 2026 - Ultramarathon La Palma\" \/>\n<meta property=\"article:modified_time\" content=\"2025-09-30T20:58:21+00:00\" \/>\n<meta name=\"twitter:card\" content=\"summary_large_image\" \/>\n<meta name=\"twitter:label1\" content=\"Gesch\u00e4tzte Lesezeit\" \/>\n\t<meta name=\"twitter:data1\" content=\"2\u00a0Minuten\" \/>\n<script type=\"application\/ld+json\" class=\"yoast-schema-graph\">{\"@context\":\"https:\/\/schema.org\",\"@graph\":[{\"@type\":\"WebPage\",\"@id\":\"https:\/\/transvulcania.com\/de\/datenschutzerklaerung\/\",\"url\":\"https:\/\/transvulcania.com\/de\/datenschutzerklaerung\/\",\"name\":\"Datenschutzerkl\u00e4rung - Transvulcania Terrex 2026 - Ultramarathon La Palma\",\"isPartOf\":{\"@id\":\"https:\/\/transvulcania.com\/de\/#website\"},\"datePublished\":\"2023-09-28T06:48:18+00:00\",\"dateModified\":\"2025-09-30T20:58:21+00:00\",\"description\":\"Datenschutzerkl\u00e4rung\",\"breadcrumb\":{\"@id\":\"https:\/\/transvulcania.com\/de\/datenschutzerklaerung\/#breadcrumb\"},\"inLanguage\":\"de\",\"potentialAction\":[{\"@type\":\"ReadAction\",\"target\":[\"https:\/\/transvulcania.com\/de\/datenschutzerklaerung\/\"]}]},{\"@type\":\"BreadcrumbList\",\"@id\":\"https:\/\/transvulcania.com\/de\/datenschutzerklaerung\/#breadcrumb\",\"itemListElement\":[{\"@type\":\"ListItem\",\"position\":1,\"name\":\"Home\",\"item\":\"https:\/\/transvulcania.com\/de\/\"},{\"@type\":\"ListItem\",\"position\":2,\"name\":\"Datenschutzerkl\u00e4rung\"}]},{\"@type\":\"WebSite\",\"@id\":\"https:\/\/transvulcania.com\/de\/#website\",\"url\":\"https:\/\/transvulcania.com\/de\/\",\"name\":\"Transvulcania Terrex 2026 - Ultramarathon La Palma\",\"description\":\"Transvulcania Terrex 2026 - XVI Edici\u00f3n de la Ultramarat\u00f3n de monta\u00f1a de la Isla La Palma\",\"publisher\":{\"@id\":\"https:\/\/transvulcania.com\/de\/#organization\"},\"potentialAction\":[{\"@type\":\"SearchAction\",\"target\":{\"@type\":\"EntryPoint\",\"urlTemplate\":\"https:\/\/transvulcania.com\/de\/?s={search_term_string}\"},\"query-input\":\"required name=search_term_string\"}],\"inLanguage\":\"de\"},{\"@type\":\"Organization\",\"@id\":\"https:\/\/transvulcania.com\/de\/#organization\",\"name\":\"Transvulcania Terrex 2026 - Ultramarathon La Palma\",\"url\":\"https:\/\/transvulcania.com\/de\/\",\"logo\":{\"@type\":\"ImageObject\",\"inLanguage\":\"de\",\"@id\":\"https:\/\/transvulcania.com\/de\/#\/schema\/logo\/image\/\",\"url\":\"https:\/\/transvulcania.com\/wp-content\/uploads\/2024\/03\/Logo_Transvulcania_Terrex.png\",\"contentUrl\":\"https:\/\/transvulcania.com\/wp-content\/uploads\/2024\/03\/Logo_Transvulcania_Terrex.png\",\"width\":431,\"height\":552,\"caption\":\"Transvulcania Terrex 2026 - Ultramarathon La Palma\"},\"image\":{\"@id\":\"https:\/\/transvulcania.com\/de\/#\/schema\/logo\/image\/\"}}]}<\/script>\n<!-- \/ Yoast SEO Premium plugin. -->","yoast_head_json":{"title":"Datenschutzerkl\u00e4rung - Transvulcania Terrex 2026 - Ultramarathon La Palma","description":"Datenschutzerkl\u00e4rung","robots":{"index":"index","follow":"follow","max-snippet":"max-snippet:-1","max-image-preview":"max-image-preview:large","max-video-preview":"max-video-preview:-1"},"canonical":"https:\/\/transvulcania.com\/de\/datenschutzerklaerung\/","og_locale":"de_DE","og_type":"article","og_title":"Datenschutzerkl\u00e4rung","og_description":"Datenschutzerkl\u00e4rung","og_url":"https:\/\/transvulcania.com\/de\/datenschutzerklaerung\/","og_site_name":"Transvulcania Terrex 2026 - Ultramarathon La Palma","article_modified_time":"2025-09-30T20:58:21+00:00","twitter_card":"summary_large_image","twitter_misc":{"Gesch\u00e4tzte Lesezeit":"2\u00a0Minuten"},"schema":{"@context":"https:\/\/schema.org","@graph":[{"@type":"WebPage","@id":"https:\/\/transvulcania.com\/de\/datenschutzerklaerung\/","url":"https:\/\/transvulcania.com\/de\/datenschutzerklaerung\/","name":"Datenschutzerkl\u00e4rung - Transvulcania Terrex 2026 - Ultramarathon La Palma","isPartOf":{"@id":"https:\/\/transvulcania.com\/de\/#website"},"datePublished":"2023-09-28T06:48:18+00:00","dateModified":"2025-09-30T20:58:21+00:00","description":"Datenschutzerkl\u00e4rung","breadcrumb":{"@id":"https:\/\/transvulcania.com\/de\/datenschutzerklaerung\/#breadcrumb"},"inLanguage":"de","potentialAction":[{"@type":"ReadAction","target":["https:\/\/transvulcania.com\/de\/datenschutzerklaerung\/"]}]},{"@type":"BreadcrumbList","@id":"https:\/\/transvulcania.com\/de\/datenschutzerklaerung\/#breadcrumb","itemListElement":[{"@type":"ListItem","position":1,"name":"Home","item":"https:\/\/transvulcania.com\/de\/"},{"@type":"ListItem","position":2,"name":"Datenschutzerkl\u00e4rung"}]},{"@type":"WebSite","@id":"https:\/\/transvulcania.com\/de\/#website","url":"https:\/\/transvulcania.com\/de\/","name":"Transvulcania Terrex 2026 - Ultramarathon La Palma","description":"Transvulcania Terrex 2026 - XVI Edici\u00f3n de la Ultramarat\u00f3n de monta\u00f1a de la Isla La Palma","publisher":{"@id":"https:\/\/transvulcania.com\/de\/#organization"},"potentialAction":[{"@type":"SearchAction","target":{"@type":"EntryPoint","urlTemplate":"https:\/\/transvulcania.com\/de\/?s={search_term_string}"},"query-input":"required name=search_term_string"}],"inLanguage":"de"},{"@type":"Organization","@id":"https:\/\/transvulcania.com\/de\/#organization","name":"Transvulcania Terrex 2026 - Ultramarathon La Palma","url":"https:\/\/transvulcania.com\/de\/","logo":{"@type":"ImageObject","inLanguage":"de","@id":"https:\/\/transvulcania.com\/de\/#\/schema\/logo\/image\/","url":"https:\/\/transvulcania.com\/wp-content\/uploads\/2024\/03\/Logo_Transvulcania_Terrex.png","contentUrl":"https:\/\/transvulcania.com\/wp-content\/uploads\/2024\/03\/Logo_Transvulcania_Terrex.png","width":431,"height":552,"caption":"Transvulcania Terrex 2026 - Ultramarathon La Palma"},"image":{"@id":"https:\/\/transvulcania.com\/de\/#\/schema\/logo\/image\/"}}]}},"_links":{"self":[{"href":"https:\/\/transvulcania.com\/de\/wp-json\/wp\/v2\/pages\/19593","targetHints":{"allow":["GET"]}}],"collection":[{"href":"https:\/\/transvulcania.com\/de\/wp-json\/wp\/v2\/pages"}],"about":[{"href":"https:\/\/transvulcania.com\/de\/wp-json\/wp\/v2\/types\/page"}],"author":[{"embeddable":true,"href":"https:\/\/transvulcania.com\/de\/wp-json\/wp\/v2\/users\/1"}],"replies":[{"embeddable":true,"href":"https:\/\/transvulcania.com\/de\/wp-json\/wp\/v2\/comments?post=19593"}],"version-history":[{"count":0,"href":"https:\/\/transvulcania.com\/de\/wp-json\/wp\/v2\/pages\/19593\/revisions"}],"wp:attachment":[{"href":"https:\/\/transvulcania.com\/de\/wp-json\/wp\/v2\/media?parent=19593"}],"curies":[{"name":"wp","href":"https:\/\/api.w.org\/{rel}","templated":true}]}}