{"id":19591,"date":"2023-09-28T11:04:15","date_gmt":"2023-09-28T10:04:15","guid":{"rendered":"https:\/\/transvulcania.com\/cookie-richtlinie\/"},"modified":"2025-11-03T10:28:52","modified_gmt":"2025-11-03T10:28:52","slug":"cookie-richtlinie","status":"publish","type":"page","link":"https:\/\/transvulcania.com\/de\/cookie-richtlinie\/","title":{"rendered":"Cookie-Richtlinie"},"content":{"rendered":"\t\t<div data-elementor-type=\"wp-page\" data-elementor-id=\"19591\" class=\"elementor elementor-19591 elementor-115\" data-elementor-post-type=\"page\">\n\t\t\t\t<div class=\"elementor-element elementor-element-57f08079 e-flex e-con-boxed e-con e-parent\" data-id=\"57f08079\" data-element_type=\"container\" data-e-type=\"container\">\n\t\t\t\t\t<div class=\"e-con-inner\">\n\t\t\t\t<div class=\"elementor-element elementor-element-7ee68108 elementor-widget elementor-widget-text-editor\" data-id=\"7ee68108\" data-element_type=\"widget\" data-e-type=\"widget\" data-widget_type=\"text-editor.default\">\n\t\t\t\t<div class=\"elementor-widget-container\">\n\t\t\t\t\t\t\t\t\t<h3><strong>Was sind Cookies?<\/strong><\/h3><p>Ein Cookie ist eine Datei, die beim Zugriff auf bestimmte Websites auf Ihren Computer heruntergeladen wird. Cookies erm\u00f6glichen es einer Website unter anderem, Informationen \u00fcber die Surfgewohnheiten eines Benutzers oder seines Computers zu speichern und abzurufen. Je nach den darin enthaltenen Informationen und der Art und Weise, wie Sie Ihren Computer nutzen, k\u00f6nnen sie dazu verwendet werden, den Benutzer wiederzuerkennen.<\/p><p>Diese Website verwendet Cookies und\/oder \u00e4hnliche Technologien, die Informationen speichern und abrufen, wenn Sie surfen. Im Allgemeinen k\u00f6nnen diese Technologien f\u00fcr sehr unterschiedliche Zwecke eingesetzt werden, z. B. um Sie als Benutzer zu erkennen, Informationen \u00fcber Ihre Surfgewohnheiten zu erhalten oder die Darstellung der Inhalte anzupassen. Die konkreten Verwendungszwecke dieser Technologien werden im Folgenden beschrieben.<\/p><p><strong>Welche Arten von Cookies gibt es? <\/strong><\/p><p>Je nachdem, wer sie verwaltet:<\/p><ul><li>Eigene Cookies: Dies sind Cookies, die von der Domain, die von der besuchten Website verwaltet wird und von der aus die vom Benutzer angeforderte Dienstleistung erbracht wird, an den Computer des Benutzers gesendet werden.<\/li><li>Cookies von Drittanbietern: Diese Cookies werden von einer Domain an den Computer des Nutzers gesendet, die nicht von der besuchten Website selbst verwaltet wird, sondern von einem anderen Unternehmen, das Daten verarbeitet.<\/li><\/ul><p>Je nach Zweck:<\/p><ul><li>Technische Cookies: Diese Cookies erm\u00f6glichen es dem Benutzer, auf einer Website zu navigieren und die verschiedenen Optionen oder Dienste zu nutzen, die dort angeboten werden, einschlie\u00dflich derjenigen, die uns die Verwaltung und den Betrieb der Website erm\u00f6glichen und deren Funktionen und Dienste aktivieren, wie z. B. die Kontrolle des Datenverkehrs und der Datenkommunikation, die Identifizierung der Sitzung, den Zugriff auf Bereiche mit eingeschr\u00e4nktem Zugriff, die Elemente einer Bestellung zu speichern, den Kaufvorgang einer Bestellung durchzuf\u00fchren, die Zahlung zu verwalten, Betrug zu kontrollieren, die Anmeldung oder Teilnahme an einer Veranstaltung zu beantragen, Besuche zu z\u00e4hlen usw.<\/li><li>Technische Cookies: Diese Cookies erm\u00f6glichen es dem Benutzer, auf einer Website zu navigieren und die verschiedenen Optionen oder Dienste zu nutzen, die dort angeboten werden, einschlie\u00dflich derjenigen, die uns die Verwaltung und den Betrieb der Website erm\u00f6glichen und deren Funktionen und Dienste aktivieren, wie z. B. die Kontrolle des Datenverkehrs und der Datenkommunikation, die Identifizierung der Sitzung, den Zugriff auf Bereiche mit eingeschr\u00e4nktem Zugriff, die Elemente einer Bestellung zu speichern, den Kaufvorgang einer Bestellung durchzuf\u00fchren, die Zahlung zu verwalten, Betrug zu kontrollieren, die Anmeldung oder Teilnahme an einer Veranstaltung zu beantragen, Besuche zu z\u00e4hlen usw.<\/li><li>Analyse-Cookies: Diese Cookies erm\u00f6glichen es uns, die Anzahl der Nutzer zu quantifizieren und so die Nutzung des angebotenen Dienstes durch die Nutzer zu messen und statistisch auszuwerten. Zu diesem Zweck wird Ihr Surfverhalten auf unserer Website analysiert, um das Angebot an Produkten oder Dienstleistungen, die wir Ihnen anbieten, zu verbessern.<\/li><li>Werbe-Cookies: Diese Cookies erm\u00f6glichen es uns, die Werbefl\u00e4chen auf der Website so effizient wie m\u00f6glich zu verwalten, indem wir den Inhalt der Werbung an den Inhalt der angeforderten Dienstleistung oder an Ihre Nutzung unserer Website anpassen. Zu diesem Zweck k\u00f6nnen wir Ihre Surfgewohnheiten im Internet analysieren und Ihnen Werbung anzeigen, die Ihrem Surfprofil entspricht.<\/li><\/ul><p>Je nach Mindestvertragslaufzeit:<\/p><ul><li>Sitzungscookies: Diese Cookies dienen dazu, Daten zu sammeln und zu speichern, w\u00e4hrend der Nutzer auf eine Website zugreift. Sie werden in der Regel verwendet, um Informationen zu speichern, die nur f\u00fcr die einmalige Erbringung der vom Nutzer angeforderten Dienstleistung von Interesse sind (z. B. eine Liste der gekauften Produkte) und verschwinden nach Beendigung der Sitzung.<\/li><li>Persistente Cookies: Hierbei handelt es sich um Cookies, bei denen die Daten weiterhin auf dem Endger\u00e4t gespeichert bleiben und w\u00e4hrend eines vom Verantwortlichen f\u00fcr das Cookie festgelegten Zeitraums, der von wenigen Minuten bis zu mehreren Jahren reichen kann, abgerufen und verarbeitet werden k\u00f6nnen.<\/li><\/ul><h3><strong>Informationen \u00fcber die Art der Cookies und ihren Zweck <\/strong><\/h3><p><strong>Welche Cookies verwenden wir?<\/strong><\/p><p><a href=\"https:\/\/transvulcania.com\" target=\"_blank\" rel=\"noopener\">transvulcania.com<\/a> verwendet auf seiner Website die folgenden Arten von Cookies:<\/p><ul><li>Technische Cookies<br \/>Sie erm\u00f6glichen dem Benutzer die Navigation auf der Website.<\/li><li>Personalisierungs-Cookies<br \/>Sie erm\u00f6glichen es, die Pr\u00e4ferenzen des Benutzers zu erfahren: Sprache, besuchte Produkte&#8230;<\/li><li>Analyse-Cookies<br \/>Wir verwenden Cookies von Google Analytics, um die Anzahl der Nutzer zu erfassen, die unsere Website besuchen. Diese Cookies erm\u00f6glichen es uns, zu messen und zu analysieren, wie Nutzer auf unserer Website navigieren. Diese Informationen erm\u00f6glichen es SOCIEDAD DE PROMOCION Y DESARROLLO ECONOMICO DE LA ISLA DE LA PALMA SAU, seine Dienstleistungen und die Nutzererfahrung auf der Website kontinuierlich zu verbessern. Weitere Informationen finden Sie auf der Datenschutzseite von Google Analytics:<br \/>https:\/\/developers.google.com\/analytics\/devguides\/collection\/analyticsjs\/cookie-usage<br \/>.<\/li><\/ul><p>\u00a0<\/p><table border=\"\" width=\"\" cellpadding=\"\"><tbody><tr><td height=\"\">\u00a0<\/td><td><p align=\"\">\u00a0<\/p><\/td><td><p align=\"\">\u00a0<\/p><\/td><td><p align=\"\">\u00a0<\/p><\/td><td><p align=\"\">\u00a0<\/p><\/td><\/tr><tr><td width=\"\"><p align=\"\">\u00a0<\/p><\/td><td width=\"\"><p align=\"\">\u00a0<\/p><\/td><td width=\"\"><p align=\"\">\u00a0<\/p><\/td><td width=\"\"><p align=\"\">\u00a0<\/p><\/td><td width=\"\"><p align=\"\">\u00a0<\/p><\/td><\/tr><tr><td width=\"\"><p align=\"\">\u00a0<\/p><\/td><td width=\"\"><p align=\"\">\u00a0<\/p><\/td><td width=\"\"><p align=\"\">\u00a0<\/p><\/td><td width=\"\"><p align=\"\">\u00a0<\/p><\/td><td width=\"\"><p align=\"\">\u00a0<\/p><\/td><\/tr><tr><td width=\"\"><p align=\"\">\u00a0<\/p><\/td><td width=\"\"><p align=\"\">\u00a0<\/p><\/td><td width=\"\"><p align=\"\">\u00a0<\/p><\/td><td width=\"\"><p align=\"\">\u00a0<\/p><\/td><td width=\"\"><p align=\"\">\u00a0<\/p><\/td><\/tr><tr><td width=\"\"><p align=\"\">\u00a0<\/p><\/td><td width=\"\"><p align=\"\">\u00a0<\/p><\/td><td width=\"\"><p align=\"\">\u00a0<\/p><\/td><td width=\"\"><p align=\"\">\u00a0<\/p><\/td><td width=\"\"><p align=\"\">\u00a0<\/p><\/td><\/tr><tr><td width=\"\"><p align=\"\">\u00a0<\/p><\/td><td width=\"\"><p align=\"\">\u00a0<\/p><\/td><td width=\"\"><p align=\"\">\u00a0<\/p><\/td><td width=\"\"><p align=\"\">\u00a0<\/p><\/td><td width=\"\"><p align=\"\">\u00a0<\/p><\/td><\/tr><tr><td width=\"\"><p align=\"\">\u00a0<\/p><\/td><td width=\"\"><p align=\"\">\u00a0<\/p><\/td><td width=\"\"><p align=\"\">\u00a0<\/p><\/td><td width=\"\"><p align=\"\">\u00a0<\/p><\/td><td width=\"\"><p align=\"\">\u00a0<\/p><\/td><\/tr><tr><td width=\"\"><p align=\"\">\u00a0<\/p><\/td><td width=\"\"><p align=\"\">\u00a0<\/p><\/td><td width=\"\"><p align=\"\">\u00a0<\/p><\/td><td width=\"\"><p align=\"\">\u00a0<\/p><\/td><td width=\"\"><p align=\"\">\u00a0<\/p><\/td><\/tr><\/tbody><\/table><p>\u00a0<\/p><table border=\"\" width=\"\" cellpadding=\"\" align=\"\"><tbody><tr><td>\u00a0<\/td><td><p align=\"\">\u00a0<\/p><\/td><td><p align=\"\">\u00a0<\/p><\/td><td><p align=\"\">\u00a0<\/p><\/td><td><p align=\"\">\u00a0<\/p><\/td><\/tr><tr><td width=\"\"><p align=\"\">\u00a0<\/p><\/td><td width=\"\"><p align=\"\">\u00a0<\/p><\/td><td width=\"\"><p align=\"\">\u00a0<\/p><\/td><td width=\"\"><p align=\"\">\u00a0<\/p><\/td><td width=\"\"><p align=\"\">\u00a0<\/p><\/td><\/tr><\/tbody><\/table><p>\u00a0<\/p><h3>\u00a0<\/h3>\t\t\t\t\t\t\t\t<\/div>\n\t\t\t\t<\/div>\n\t\t\t\t\t<\/div>\n\t\t\t\t<\/div>\n\t\t\t\t<\/div>\n\t\t","protected":false},"excerpt":{"rendered":"<p>Was sind Cookies? Ein Cookie ist eine Datei, die beim Zugriff auf bestimmte Websites auf Ihren Computer heruntergeladen wird. Cookies erm\u00f6glichen es einer Website unter anderem, Informationen \u00fcber die Surfgewohnheiten eines Benutzers oder seines Computers zu speichern und abzurufen. Je nach den darin enthaltenen Informationen und der Art und Weise, wie Sie Ihren Computer nutzen, &#8230; <a title=\"Cookie-Richtlinie\" class=\"read-more\" href=\"https:\/\/transvulcania.com\/de\/cookie-richtlinie\/\" aria-label=\"Mehr Informationen \u00fcber Cookie-Richtlinie\">Weiterlesen<\/a><\/p>\n","protected":false},"author":1,"featured_media":0,"parent":0,"menu_order":0,"comment_status":"closed","ping_status":"closed","template":"","meta":{"footnotes":""},"class_list":["post-19591","page","type-page","status-publish"],"yoast_head":"<!-- This site is optimized with the Yoast SEO Premium plugin v21.2 (Yoast SEO v21.2) - https:\/\/yoast.com\/wordpress\/plugins\/seo\/ -->\n<title>Cookie-Richtlinie - Transvulcania Terrex 2026 - Ultramarathon La Palma<\/title>\n<meta name=\"description\" content=\"Cookie-Richtlinie\" \/>\n<meta name=\"robots\" content=\"index, follow, max-snippet:-1, max-image-preview:large, max-video-preview:-1\" \/>\n<link rel=\"canonical\" href=\"https:\/\/transvulcania.com\/de\/cookie-richtlinie\/\" \/>\n<meta property=\"og:locale\" content=\"de_DE\" \/>\n<meta property=\"og:type\" content=\"article\" \/>\n<meta property=\"og:title\" content=\"Cookie-Richtlinie\" \/>\n<meta property=\"og:description\" content=\"Cookie-Richtlinie\" \/>\n<meta property=\"og:url\" content=\"https:\/\/transvulcania.com\/de\/cookie-richtlinie\/\" \/>\n<meta property=\"og:site_name\" content=\"Transvulcania Terrex 2026 - Ultramarathon La Palma\" \/>\n<meta property=\"article:modified_time\" content=\"2025-11-03T10:28:52+00:00\" \/>\n<meta name=\"twitter:card\" content=\"summary_large_image\" \/>\n<meta name=\"twitter:label1\" content=\"Gesch\u00e4tzte Lesezeit\" \/>\n\t<meta name=\"twitter:data1\" content=\"4\u00a0Minuten\" \/>\n<script type=\"application\/ld+json\" class=\"yoast-schema-graph\">{\"@context\":\"https:\/\/schema.org\",\"@graph\":[{\"@type\":\"WebPage\",\"@id\":\"https:\/\/transvulcania.com\/de\/cookie-richtlinie\/\",\"url\":\"https:\/\/transvulcania.com\/de\/cookie-richtlinie\/\",\"name\":\"Cookie-Richtlinie - Transvulcania Terrex 2026 - Ultramarathon La Palma\",\"isPartOf\":{\"@id\":\"https:\/\/transvulcania.com\/de\/#website\"},\"datePublished\":\"2023-09-28T10:04:15+00:00\",\"dateModified\":\"2025-11-03T10:28:52+00:00\",\"description\":\"Cookie-Richtlinie\",\"breadcrumb\":{\"@id\":\"https:\/\/transvulcania.com\/de\/cookie-richtlinie\/#breadcrumb\"},\"inLanguage\":\"de\",\"potentialAction\":[{\"@type\":\"ReadAction\",\"target\":[\"https:\/\/transvulcania.com\/de\/cookie-richtlinie\/\"]}]},{\"@type\":\"BreadcrumbList\",\"@id\":\"https:\/\/transvulcania.com\/de\/cookie-richtlinie\/#breadcrumb\",\"itemListElement\":[{\"@type\":\"ListItem\",\"position\":1,\"name\":\"Home\",\"item\":\"https:\/\/transvulcania.com\/de\/\"},{\"@type\":\"ListItem\",\"position\":2,\"name\":\"Cookie-Richtlinie\"}]},{\"@type\":\"WebSite\",\"@id\":\"https:\/\/transvulcania.com\/de\/#website\",\"url\":\"https:\/\/transvulcania.com\/de\/\",\"name\":\"Transvulcania Terrex 2026 - Ultramarathon La Palma\",\"description\":\"Transvulcania Terrex 2026 - XVI Edici\u00f3n de la Ultramarat\u00f3n de monta\u00f1a de la Isla La Palma\",\"publisher\":{\"@id\":\"https:\/\/transvulcania.com\/de\/#organization\"},\"potentialAction\":[{\"@type\":\"SearchAction\",\"target\":{\"@type\":\"EntryPoint\",\"urlTemplate\":\"https:\/\/transvulcania.com\/de\/?s={search_term_string}\"},\"query-input\":\"required name=search_term_string\"}],\"inLanguage\":\"de\"},{\"@type\":\"Organization\",\"@id\":\"https:\/\/transvulcania.com\/de\/#organization\",\"name\":\"Transvulcania Terrex 2026 - Ultramarathon La Palma\",\"url\":\"https:\/\/transvulcania.com\/de\/\",\"logo\":{\"@type\":\"ImageObject\",\"inLanguage\":\"de\",\"@id\":\"https:\/\/transvulcania.com\/de\/#\/schema\/logo\/image\/\",\"url\":\"https:\/\/transvulcania.com\/wp-content\/uploads\/2024\/03\/Logo_Transvulcania_Terrex.png\",\"contentUrl\":\"https:\/\/transvulcania.com\/wp-content\/uploads\/2024\/03\/Logo_Transvulcania_Terrex.png\",\"width\":431,\"height\":552,\"caption\":\"Transvulcania Terrex 2026 - Ultramarathon La Palma\"},\"image\":{\"@id\":\"https:\/\/transvulcania.com\/de\/#\/schema\/logo\/image\/\"}}]}<\/script>\n<!-- \/ Yoast SEO Premium plugin. -->","yoast_head_json":{"title":"Cookie-Richtlinie - Transvulcania Terrex 2026 - Ultramarathon La Palma","description":"Cookie-Richtlinie","robots":{"index":"index","follow":"follow","max-snippet":"max-snippet:-1","max-image-preview":"max-image-preview:large","max-video-preview":"max-video-preview:-1"},"canonical":"https:\/\/transvulcania.com\/de\/cookie-richtlinie\/","og_locale":"de_DE","og_type":"article","og_title":"Cookie-Richtlinie","og_description":"Cookie-Richtlinie","og_url":"https:\/\/transvulcania.com\/de\/cookie-richtlinie\/","og_site_name":"Transvulcania Terrex 2026 - Ultramarathon La Palma","article_modified_time":"2025-11-03T10:28:52+00:00","twitter_card":"summary_large_image","twitter_misc":{"Gesch\u00e4tzte Lesezeit":"4\u00a0Minuten"},"schema":{"@context":"https:\/\/schema.org","@graph":[{"@type":"WebPage","@id":"https:\/\/transvulcania.com\/de\/cookie-richtlinie\/","url":"https:\/\/transvulcania.com\/de\/cookie-richtlinie\/","name":"Cookie-Richtlinie - Transvulcania Terrex 2026 - Ultramarathon La Palma","isPartOf":{"@id":"https:\/\/transvulcania.com\/de\/#website"},"datePublished":"2023-09-28T10:04:15+00:00","dateModified":"2025-11-03T10:28:52+00:00","description":"Cookie-Richtlinie","breadcrumb":{"@id":"https:\/\/transvulcania.com\/de\/cookie-richtlinie\/#breadcrumb"},"inLanguage":"de","potentialAction":[{"@type":"ReadAction","target":["https:\/\/transvulcania.com\/de\/cookie-richtlinie\/"]}]},{"@type":"BreadcrumbList","@id":"https:\/\/transvulcania.com\/de\/cookie-richtlinie\/#breadcrumb","itemListElement":[{"@type":"ListItem","position":1,"name":"Home","item":"https:\/\/transvulcania.com\/de\/"},{"@type":"ListItem","position":2,"name":"Cookie-Richtlinie"}]},{"@type":"WebSite","@id":"https:\/\/transvulcania.com\/de\/#website","url":"https:\/\/transvulcania.com\/de\/","name":"Transvulcania Terrex 2026 - Ultramarathon La Palma","description":"Transvulcania Terrex 2026 - XVI Edici\u00f3n de la Ultramarat\u00f3n de monta\u00f1a de la Isla La Palma","publisher":{"@id":"https:\/\/transvulcania.com\/de\/#organization"},"potentialAction":[{"@type":"SearchAction","target":{"@type":"EntryPoint","urlTemplate":"https:\/\/transvulcania.com\/de\/?s={search_term_string}"},"query-input":"required name=search_term_string"}],"inLanguage":"de"},{"@type":"Organization","@id":"https:\/\/transvulcania.com\/de\/#organization","name":"Transvulcania Terrex 2026 - Ultramarathon La Palma","url":"https:\/\/transvulcania.com\/de\/","logo":{"@type":"ImageObject","inLanguage":"de","@id":"https:\/\/transvulcania.com\/de\/#\/schema\/logo\/image\/","url":"https:\/\/transvulcania.com\/wp-content\/uploads\/2024\/03\/Logo_Transvulcania_Terrex.png","contentUrl":"https:\/\/transvulcania.com\/wp-content\/uploads\/2024\/03\/Logo_Transvulcania_Terrex.png","width":431,"height":552,"caption":"Transvulcania Terrex 2026 - Ultramarathon La Palma"},"image":{"@id":"https:\/\/transvulcania.com\/de\/#\/schema\/logo\/image\/"}}]}},"_links":{"self":[{"href":"https:\/\/transvulcania.com\/de\/wp-json\/wp\/v2\/pages\/19591","targetHints":{"allow":["GET"]}}],"collection":[{"href":"https:\/\/transvulcania.com\/de\/wp-json\/wp\/v2\/pages"}],"about":[{"href":"https:\/\/transvulcania.com\/de\/wp-json\/wp\/v2\/types\/page"}],"author":[{"embeddable":true,"href":"https:\/\/transvulcania.com\/de\/wp-json\/wp\/v2\/users\/1"}],"replies":[{"embeddable":true,"href":"https:\/\/transvulcania.com\/de\/wp-json\/wp\/v2\/comments?post=19591"}],"version-history":[{"count":3,"href":"https:\/\/transvulcania.com\/de\/wp-json\/wp\/v2\/pages\/19591\/revisions"}],"predecessor-version":[{"id":20092,"href":"https:\/\/transvulcania.com\/de\/wp-json\/wp\/v2\/pages\/19591\/revisions\/20092"}],"wp:attachment":[{"href":"https:\/\/transvulcania.com\/de\/wp-json\/wp\/v2\/media?parent=19591"}],"curies":[{"name":"wp","href":"https:\/\/api.w.org\/{rel}","templated":true}]}}