{"id":19564,"date":"2024-02-23T12:34:43","date_gmt":"2024-02-23T12:34:43","guid":{"rendered":"https:\/\/transvulcania.com\/?page_id=19564"},"modified":"2026-03-05T14:41:03","modified_gmt":"2026-03-05T14:41:03","slug":"werde-freiwilliger-freiwillige","status":"publish","type":"page","link":"https:\/\/transvulcania.com\/de\/werde-freiwilliger-freiwillige\/","title":{"rendered":"Werde Freiwilliger\/Freiwillige"},"content":{"rendered":"\t\t<div data-elementor-type=\"wp-page\" data-elementor-id=\"19564\" class=\"elementor elementor-19564 elementor-2863\" data-elementor-post-type=\"page\">\n\t\t\t\t<div class=\"elementor-element elementor-element-8bfb0cd e-flex e-con-boxed e-con e-parent\" data-id=\"8bfb0cd\" data-element_type=\"container\" data-e-type=\"container\">\n\t\t\t\t\t<div class=\"e-con-inner\">\n\t\t\t\t<div class=\"elementor-element elementor-element-e16f867 elementor-widget elementor-widget-html\" data-id=\"e16f867\" data-element_type=\"widget\" data-e-type=\"widget\" data-widget_type=\"html.default\">\n\t\t\t\t<div class=\"elementor-widget-container\">\n\t\t\t\t\t<iframe src=\"https:\/\/forms.gle\/DTqBHFx3MKpvrX2EA\" frameborder=\"0\" embedded=\"true\" style=\"width: 100%; height: 4400px; border: none; overflow: hidden;\" allowfullscreen=\"\">Wird geladen\u2026<\/iframe>\t\t\t\t<\/div>\n\t\t\t\t<\/div>\n\t\t\t\t\t<\/div>\n\t\t\t\t<\/div>\n\t\t\t\t<\/div>\n\t\t","protected":false},"excerpt":{"rendered":"<p>Wird geladen\u2026<\/p>\n","protected":false},"author":1,"featured_media":0,"parent":0,"menu_order":0,"comment_status":"closed","ping_status":"closed","template":"","meta":{"footnotes":""},"class_list":["post-19564","page","type-page","status-publish"],"yoast_head":"<!-- This site is optimized with the Yoast SEO Premium plugin v21.2 (Yoast SEO v21.2) - https:\/\/yoast.com\/wordpress\/plugins\/seo\/ -->\n<title>Werde Freiwilliger\/Freiwillige - Transvulcania Terrex 2026 - Ultramarathon La Palma<\/title>\n<meta name=\"robots\" content=\"index, follow, max-snippet:-1, max-image-preview:large, max-video-preview:-1\" \/>\n<link rel=\"canonical\" href=\"https:\/\/transvulcania.com\/de\/werde-freiwilliger-freiwillige\/\" \/>\n<meta property=\"og:locale\" content=\"de_DE\" \/>\n<meta property=\"og:type\" content=\"article\" \/>\n<meta property=\"og:title\" content=\"Werde Freiwilliger\/Freiwillige\" \/>\n<meta property=\"og:description\" content=\"Wird geladen\u2026\" \/>\n<meta property=\"og:url\" content=\"https:\/\/transvulcania.com\/de\/werde-freiwilliger-freiwillige\/\" \/>\n<meta property=\"og:site_name\" content=\"Transvulcania Terrex 2026 - Ultramarathon La Palma\" \/>\n<meta property=\"article:modified_time\" content=\"2026-03-05T14:41:03+00:00\" \/>\n<meta name=\"twitter:card\" content=\"summary_large_image\" \/>\n<meta name=\"twitter:label1\" content=\"Gesch\u00e4tzte Lesezeit\" \/>\n\t<meta name=\"twitter:data1\" content=\"1\u00a0Minute\" \/>\n<script type=\"application\/ld+json\" class=\"yoast-schema-graph\">{\"@context\":\"https:\/\/schema.org\",\"@graph\":[{\"@type\":\"WebPage\",\"@id\":\"https:\/\/transvulcania.com\/de\/werde-freiwilliger-freiwillige\/\",\"url\":\"https:\/\/transvulcania.com\/de\/werde-freiwilliger-freiwillige\/\",\"name\":\"Werde Freiwilliger\/Freiwillige - Transvulcania Terrex 2026 - Ultramarathon La Palma\",\"isPartOf\":{\"@id\":\"https:\/\/transvulcania.com\/de\/#website\"},\"datePublished\":\"2024-02-23T12:34:43+00:00\",\"dateModified\":\"2026-03-05T14:41:03+00:00\",\"breadcrumb\":{\"@id\":\"https:\/\/transvulcania.com\/de\/werde-freiwilliger-freiwillige\/#breadcrumb\"},\"inLanguage\":\"de\",\"potentialAction\":[{\"@type\":\"ReadAction\",\"target\":[\"https:\/\/transvulcania.com\/de\/werde-freiwilliger-freiwillige\/\"]}]},{\"@type\":\"BreadcrumbList\",\"@id\":\"https:\/\/transvulcania.com\/de\/werde-freiwilliger-freiwillige\/#breadcrumb\",\"itemListElement\":[{\"@type\":\"ListItem\",\"position\":1,\"name\":\"Home\",\"item\":\"https:\/\/transvulcania.com\/de\/\"},{\"@type\":\"ListItem\",\"position\":2,\"name\":\"Werde Freiwilliger\/Freiwillige\"}]},{\"@type\":\"WebSite\",\"@id\":\"https:\/\/transvulcania.com\/de\/#website\",\"url\":\"https:\/\/transvulcania.com\/de\/\",\"name\":\"Transvulcania Terrex 2026 - Ultramarathon La Palma\",\"description\":\"Transvulcania Terrex 2026 - XVI Edici\u00f3n de la Ultramarat\u00f3n de monta\u00f1a de la Isla La Palma\",\"publisher\":{\"@id\":\"https:\/\/transvulcania.com\/de\/#organization\"},\"potentialAction\":[{\"@type\":\"SearchAction\",\"target\":{\"@type\":\"EntryPoint\",\"urlTemplate\":\"https:\/\/transvulcania.com\/de\/?s={search_term_string}\"},\"query-input\":\"required name=search_term_string\"}],\"inLanguage\":\"de\"},{\"@type\":\"Organization\",\"@id\":\"https:\/\/transvulcania.com\/de\/#organization\",\"name\":\"Transvulcania Terrex 2026 - Ultramarathon La Palma\",\"url\":\"https:\/\/transvulcania.com\/de\/\",\"logo\":{\"@type\":\"ImageObject\",\"inLanguage\":\"de\",\"@id\":\"https:\/\/transvulcania.com\/de\/#\/schema\/logo\/image\/\",\"url\":\"https:\/\/transvulcania.com\/wp-content\/uploads\/2024\/03\/Logo_Transvulcania_Terrex.png\",\"contentUrl\":\"https:\/\/transvulcania.com\/wp-content\/uploads\/2024\/03\/Logo_Transvulcania_Terrex.png\",\"width\":431,\"height\":552,\"caption\":\"Transvulcania Terrex 2026 - Ultramarathon La Palma\"},\"image\":{\"@id\":\"https:\/\/transvulcania.com\/de\/#\/schema\/logo\/image\/\"}}]}<\/script>\n<!-- \/ Yoast SEO Premium plugin. -->","yoast_head_json":{"title":"Werde Freiwilliger\/Freiwillige - Transvulcania Terrex 2026 - Ultramarathon La Palma","robots":{"index":"index","follow":"follow","max-snippet":"max-snippet:-1","max-image-preview":"max-image-preview:large","max-video-preview":"max-video-preview:-1"},"canonical":"https:\/\/transvulcania.com\/de\/werde-freiwilliger-freiwillige\/","og_locale":"de_DE","og_type":"article","og_title":"Werde Freiwilliger\/Freiwillige","og_description":"Wird geladen\u2026","og_url":"https:\/\/transvulcania.com\/de\/werde-freiwilliger-freiwillige\/","og_site_name":"Transvulcania Terrex 2026 - Ultramarathon La Palma","article_modified_time":"2026-03-05T14:41:03+00:00","twitter_card":"summary_large_image","twitter_misc":{"Gesch\u00e4tzte Lesezeit":"1\u00a0Minute"},"schema":{"@context":"https:\/\/schema.org","@graph":[{"@type":"WebPage","@id":"https:\/\/transvulcania.com\/de\/werde-freiwilliger-freiwillige\/","url":"https:\/\/transvulcania.com\/de\/werde-freiwilliger-freiwillige\/","name":"Werde Freiwilliger\/Freiwillige - Transvulcania Terrex 2026 - Ultramarathon La Palma","isPartOf":{"@id":"https:\/\/transvulcania.com\/de\/#website"},"datePublished":"2024-02-23T12:34:43+00:00","dateModified":"2026-03-05T14:41:03+00:00","breadcrumb":{"@id":"https:\/\/transvulcania.com\/de\/werde-freiwilliger-freiwillige\/#breadcrumb"},"inLanguage":"de","potentialAction":[{"@type":"ReadAction","target":["https:\/\/transvulcania.com\/de\/werde-freiwilliger-freiwillige\/"]}]},{"@type":"BreadcrumbList","@id":"https:\/\/transvulcania.com\/de\/werde-freiwilliger-freiwillige\/#breadcrumb","itemListElement":[{"@type":"ListItem","position":1,"name":"Home","item":"https:\/\/transvulcania.com\/de\/"},{"@type":"ListItem","position":2,"name":"Werde Freiwilliger\/Freiwillige"}]},{"@type":"WebSite","@id":"https:\/\/transvulcania.com\/de\/#website","url":"https:\/\/transvulcania.com\/de\/","name":"Transvulcania Terrex 2026 - Ultramarathon La Palma","description":"Transvulcania Terrex 2026 - XVI Edici\u00f3n de la Ultramarat\u00f3n de monta\u00f1a de la Isla La Palma","publisher":{"@id":"https:\/\/transvulcania.com\/de\/#organization"},"potentialAction":[{"@type":"SearchAction","target":{"@type":"EntryPoint","urlTemplate":"https:\/\/transvulcania.com\/de\/?s={search_term_string}"},"query-input":"required name=search_term_string"}],"inLanguage":"de"},{"@type":"Organization","@id":"https:\/\/transvulcania.com\/de\/#organization","name":"Transvulcania Terrex 2026 - Ultramarathon La Palma","url":"https:\/\/transvulcania.com\/de\/","logo":{"@type":"ImageObject","inLanguage":"de","@id":"https:\/\/transvulcania.com\/de\/#\/schema\/logo\/image\/","url":"https:\/\/transvulcania.com\/wp-content\/uploads\/2024\/03\/Logo_Transvulcania_Terrex.png","contentUrl":"https:\/\/transvulcania.com\/wp-content\/uploads\/2024\/03\/Logo_Transvulcania_Terrex.png","width":431,"height":552,"caption":"Transvulcania Terrex 2026 - Ultramarathon La Palma"},"image":{"@id":"https:\/\/transvulcania.com\/de\/#\/schema\/logo\/image\/"}}]}},"_links":{"self":[{"href":"https:\/\/transvulcania.com\/de\/wp-json\/wp\/v2\/pages\/19564","targetHints":{"allow":["GET"]}}],"collection":[{"href":"https:\/\/transvulcania.com\/de\/wp-json\/wp\/v2\/pages"}],"about":[{"href":"https:\/\/transvulcania.com\/de\/wp-json\/wp\/v2\/types\/page"}],"author":[{"embeddable":true,"href":"https:\/\/transvulcania.com\/de\/wp-json\/wp\/v2\/users\/1"}],"replies":[{"embeddable":true,"href":"https:\/\/transvulcania.com\/de\/wp-json\/wp\/v2\/comments?post=19564"}],"version-history":[{"count":3,"href":"https:\/\/transvulcania.com\/de\/wp-json\/wp\/v2\/pages\/19564\/revisions"}],"predecessor-version":[{"id":20659,"href":"https:\/\/transvulcania.com\/de\/wp-json\/wp\/v2\/pages\/19564\/revisions\/20659"}],"wp:attachment":[{"href":"https:\/\/transvulcania.com\/de\/wp-json\/wp\/v2\/media?parent=19564"}],"curies":[{"name":"wp","href":"https:\/\/api.w.org\/{rel}","templated":true}]}}