{"id":19469,"date":"2025-05-13T20:08:07","date_gmt":"2025-05-13T19:08:07","guid":{"rendered":"https:\/\/transvulcania.com\/laden-sie-ihre-fotos-herunter\/"},"modified":"2025-09-30T11:45:46","modified_gmt":"2025-09-30T10:45:46","slug":"laden-sie-ihre-fotos-herunter","status":"publish","type":"page","link":"https:\/\/transvulcania.com\/de\/laden-sie-ihre-fotos-herunter\/","title":{"rendered":"Laden Sie Ihre Fotos herunter"},"content":{"rendered":"\t\t<div data-elementor-type=\"wp-page\" data-elementor-id=\"19469\" class=\"elementor elementor-19469 elementor-14472\" data-elementor-post-type=\"page\">\n\t\t\t\t\t\t<section class=\"elementor-section elementor-top-section elementor-element elementor-element-b9286b3 elementor-section-stretched elementor-section-boxed elementor-section-height-default elementor-section-height-default elementor-invisible\" data-id=\"b9286b3\" data-element_type=\"section\" data-e-type=\"section\" data-settings=\"{&quot;background_background&quot;:&quot;classic&quot;,&quot;stretch_section&quot;:&quot;section-stretched&quot;,&quot;animation&quot;:&quot;fadeInUp&quot;}\">\n\t\t\t\t\t\t\t<div class=\"elementor-background-overlay\"><\/div>\n\t\t\t\t\t\t\t<div class=\"elementor-container elementor-column-gap-no\">\n\t\t\t\t\t<div class=\"elementor-column elementor-col-100 elementor-top-column elementor-element elementor-element-2700d2a elementor-invisible\" data-id=\"2700d2a\" data-element_type=\"column\" data-e-type=\"column\" data-settings=\"{&quot;animation&quot;:&quot;fadeInUp&quot;}\">\n\t\t\t<div class=\"elementor-widget-wrap elementor-element-populated\">\n\t\t\t\t\t\t<div class=\"elementor-element elementor-element-89cf61b elementor-widget elementor-widget-heading\" data-id=\"89cf61b\" data-element_type=\"widget\" data-e-type=\"widget\" data-widget_type=\"heading.default\">\n\t\t\t\t<div class=\"elementor-widget-container\">\n\t\t\t\t\t<h4 class=\"elementor-heading-title elementor-size-default\">W\u00e4hrend du im Rennen alles gegeben hast, haben die Fotografen von Sportograf<br>jeden Augenblick f\u00fcr die Ewigkeit festgehalten.<\/h4>\t\t\t\t<\/div>\n\t\t\t\t<\/div>\n\t\t\t\t<div class=\"elementor-element elementor-element-1c176af elementor-widget elementor-widget-heading\" data-id=\"1c176af\" data-element_type=\"widget\" data-e-type=\"widget\" data-widget_type=\"heading.default\">\n\t\t\t\t<div class=\"elementor-widget-container\">\n\t\t\t\t\t<h4 class=\"elementor-heading-title elementor-size-default\">Laden Sie JETZT Ihre pers\u00f6nlichen Fotos herunter und teilen Sie sie mit Ihren Liebsten.<br>Klicken Sie hier und erleben Sie die Emotionen noch einmal:<\/h4>\t\t\t\t<\/div>\n\t\t\t\t<\/div>\n\t\t\t\t\t<\/div>\n\t\t<\/div>\n\t\t\t\t\t<\/div>\n\t\t<\/section>\n\t\t\t\t<section class=\"elementor-section elementor-top-section elementor-element elementor-element-253e9f8 elementor-section-stretched elementor-section-boxed elementor-section-height-default elementor-section-height-default elementor-invisible\" data-id=\"253e9f8\" data-element_type=\"section\" data-e-type=\"section\" data-settings=\"{&quot;background_background&quot;:&quot;classic&quot;,&quot;stretch_section&quot;:&quot;section-stretched&quot;,&quot;animation&quot;:&quot;fadeInUp&quot;}\">\n\t\t\t\t\t\t\t<div class=\"elementor-background-overlay\"><\/div>\n\t\t\t\t\t\t\t<div class=\"elementor-container elementor-column-gap-no\">\n\t\t\t\t\t<div class=\"elementor-column elementor-col-100 elementor-top-column elementor-element elementor-element-b78b060 elementor-invisible\" data-id=\"b78b060\" data-element_type=\"column\" data-e-type=\"column\" data-settings=\"{&quot;animation&quot;:&quot;fadeInUp&quot;}\">\n\t\t\t<div class=\"elementor-widget-wrap elementor-element-populated\">\n\t\t\t\t\t\t<div class=\"elementor-element elementor-element-8bcba44 elementor-view-default elementor-position-block-start elementor-mobile-position-block-start elementor-widget elementor-widget-icon-box\" data-id=\"8bcba44\" data-element_type=\"widget\" data-e-type=\"widget\" data-widget_type=\"icon-box.default\">\n\t\t\t\t<div class=\"elementor-widget-container\">\n\t\t\t\t\t\t\t<div class=\"elementor-icon-box-wrapper\">\n\n\t\t\t\t\t\t<div class=\"elementor-icon-box-icon\">\n\t\t\t\t<span  class=\"elementor-icon\">\n\t\t\t\t<svg aria-hidden=\"true\" class=\"e-font-icon-svg e-fas-camera\" viewBox=\"0 0 512 512\" xmlns=\"http:\/\/www.w3.org\/2000\/svg\"><path d=\"M512 144v288c0 26.5-21.5 48-48 48H48c-26.5 0-48-21.5-48-48V144c0-26.5 21.5-48 48-48h88l12.3-32.9c7-18.7 24.9-31.1 44.9-31.1h125.5c20 0 37.9 12.4 44.9 31.1L376 96h88c26.5 0 48 21.5 48 48zM376 288c0-66.2-53.8-120-120-120s-120 53.8-120 120 53.8 120 120 120 120-53.8 120-120zm-32 0c0 48.5-39.5 88-88 88s-88-39.5-88-88 39.5-88 88-88 88 39.5 88 88z\"><\/path><\/svg>\t\t\t\t<\/span>\n\t\t\t<\/div>\n\t\t\t\n\t\t\t\t\t\t<div class=\"elementor-icon-box-content\">\n\n\t\t\t\t\t\t\t\t\t<h3 class=\"elementor-icon-box-title\">\n\t\t\t\t\t\t<span  >\n\t\t\t\t\t\t\tLaden Sie Ihre Fotos herunter:\t\t\t\t\t\t<\/span>\n\t\t\t\t\t<\/h3>\n\t\t\t\t\n\t\t\t\t\n\t\t\t<\/div>\n\t\t\t\n\t\t<\/div>\n\t\t\t\t\t\t<\/div>\n\t\t\t\t<\/div>\n\t\t<div class=\"elementor-element elementor-element-7da345d e-con-full e-flex e-con e-child\" data-id=\"7da345d\" data-element_type=\"container\" data-e-type=\"container\">\n\t\t<div class=\"elementor-element elementor-element-cd32113 e-flex e-con-boxed e-con e-child\" data-id=\"cd32113\" data-element_type=\"container\" data-e-type=\"container\">\n\t\t\t\t\t<div class=\"e-con-inner\">\n\t\t\t\t<div class=\"elementor-element elementor-element-c3222fc elementor-widget elementor-widget-image\" data-id=\"c3222fc\" data-element_type=\"widget\" data-e-type=\"widget\" data-widget_type=\"image.default\">\n\t\t\t\t<div class=\"elementor-widget-container\">\n\t\t\t\t\t\t\t\t\t\t\t\t\t\t\t\t<a href=\"https:\/\/www.sportograf.com\/event\/15805\" target=\"_blank\">\n\t\t\t\t\t\t\t<img fetchpriority=\"high\" decoding=\"async\" width=\"851\" height=\"656\" src=\"https:\/\/transvulcania.com\/wp-content\/uploads\/2024\/08\/Ultramaraton_25.jpg\" class=\"attachment-large size-large wp-image-4624\" alt=\"\" srcset=\"https:\/\/transvulcania.com\/wp-content\/uploads\/2024\/08\/Ultramaraton_25.jpg 851w, https:\/\/transvulcania.com\/wp-content\/uploads\/2024\/08\/Ultramaraton_25-300x231.jpg 300w, https:\/\/transvulcania.com\/wp-content\/uploads\/2024\/08\/Ultramaraton_25-768x592.jpg 768w\" sizes=\"(max-width: 851px) 100vw, 851px\" \/>\t\t\t\t\t\t\t\t<\/a>\n\t\t\t\t\t\t\t\t\t\t\t\t\t\t\t<\/div>\n\t\t\t\t<\/div>\n\t\t\t\t\t<\/div>\n\t\t\t\t<\/div>\n\t\t<div class=\"elementor-element elementor-element-4553339 e-flex e-con-boxed e-con e-child\" data-id=\"4553339\" data-element_type=\"container\" data-e-type=\"container\">\n\t\t\t\t\t<div class=\"e-con-inner\">\n\t\t\t\t<div class=\"elementor-element elementor-element-11145a6 elementor-widget elementor-widget-image\" data-id=\"11145a6\" data-element_type=\"widget\" data-e-type=\"widget\" data-widget_type=\"image.default\">\n\t\t\t\t<div class=\"elementor-widget-container\">\n\t\t\t\t\t\t\t\t\t\t\t\t\t\t\t\t<a href=\"https:\/\/www.sportograf.com\/event\/15804\" target=\"_blank\">\n\t\t\t\t\t\t\t<img decoding=\"async\" width=\"851\" height=\"656\" src=\"https:\/\/transvulcania.com\/wp-content\/uploads\/2024\/08\/Maraton_25.jpg\" class=\"attachment-large size-large wp-image-4628\" alt=\"\" srcset=\"https:\/\/transvulcania.com\/wp-content\/uploads\/2024\/08\/Maraton_25.jpg 851w, https:\/\/transvulcania.com\/wp-content\/uploads\/2024\/08\/Maraton_25-300x231.jpg 300w, https:\/\/transvulcania.com\/wp-content\/uploads\/2024\/08\/Maraton_25-768x592.jpg 768w\" sizes=\"(max-width: 851px) 100vw, 851px\" \/>\t\t\t\t\t\t\t\t<\/a>\n\t\t\t\t\t\t\t\t\t\t\t\t\t\t\t<\/div>\n\t\t\t\t<\/div>\n\t\t\t\t\t<\/div>\n\t\t\t\t<\/div>\n\t\t<div class=\"elementor-element elementor-element-27a9b49 e-flex e-con-boxed e-con e-child\" data-id=\"27a9b49\" data-element_type=\"container\" data-e-type=\"container\">\n\t\t\t\t\t<div class=\"e-con-inner\">\n\t\t\t\t<div class=\"elementor-element elementor-element-3dd5389 elementor-widget elementor-widget-image\" data-id=\"3dd5389\" data-element_type=\"widget\" data-e-type=\"widget\" data-widget_type=\"image.default\">\n\t\t\t\t<div class=\"elementor-widget-container\">\n\t\t\t\t\t\t\t\t\t\t\t\t\t\t\t\t<a href=\"https:\/\/www.sportograf.com\/event\/14332\" target=\"_blank\">\n\t\t\t\t\t\t\t<img decoding=\"async\" width=\"851\" height=\"656\" src=\"https:\/\/transvulcania.com\/wp-content\/uploads\/2024\/08\/Mediamaraton_25.jpg\" class=\"attachment-large size-large wp-image-4630\" alt=\"\" srcset=\"https:\/\/transvulcania.com\/wp-content\/uploads\/2024\/08\/Mediamaraton_25.jpg 851w, https:\/\/transvulcania.com\/wp-content\/uploads\/2024\/08\/Mediamaraton_25-300x231.jpg 300w, https:\/\/transvulcania.com\/wp-content\/uploads\/2024\/08\/Mediamaraton_25-768x592.jpg 768w\" sizes=\"(max-width: 851px) 100vw, 851px\" \/>\t\t\t\t\t\t\t\t<\/a>\n\t\t\t\t\t\t\t\t\t\t\t\t\t\t\t<\/div>\n\t\t\t\t<\/div>\n\t\t\t\t\t<\/div>\n\t\t\t\t<\/div>\n\t\t<div class=\"elementor-element elementor-element-f56581a e-flex e-con-boxed e-con e-child\" data-id=\"f56581a\" data-element_type=\"container\" data-e-type=\"container\">\n\t\t\t\t\t<div class=\"e-con-inner\">\n\t\t\t\t<div class=\"elementor-element elementor-element-45a35e7 elementor-widget elementor-widget-image\" data-id=\"45a35e7\" data-element_type=\"widget\" data-e-type=\"widget\" data-widget_type=\"image.default\">\n\t\t\t\t<div class=\"elementor-widget-container\">\n\t\t\t\t\t\t\t\t\t\t\t\t\t\t\t\t<a href=\"https:\/\/www.sportograf.com\/event\/14496\" target=\"_blank\">\n\t\t\t\t\t\t\t<img loading=\"lazy\" decoding=\"async\" width=\"851\" height=\"656\" src=\"https:\/\/transvulcania.com\/wp-content\/uploads\/2023\/12\/km_vertical.jpg\" class=\"attachment-large size-large wp-image-3319\" alt=\"\" srcset=\"https:\/\/transvulcania.com\/wp-content\/uploads\/2023\/12\/km_vertical.jpg 851w, https:\/\/transvulcania.com\/wp-content\/uploads\/2023\/12\/km_vertical-300x231.jpg 300w, https:\/\/transvulcania.com\/wp-content\/uploads\/2023\/12\/km_vertical-768x592.jpg 768w\" sizes=\"(max-width: 851px) 100vw, 851px\" \/>\t\t\t\t\t\t\t\t<\/a>\n\t\t\t\t\t\t\t\t\t\t\t\t\t\t\t<\/div>\n\t\t\t\t<\/div>\n\t\t\t\t\t<\/div>\n\t\t\t\t<\/div>\n\t\t\t\t<\/div>\n\t\t\t\t\t<\/div>\n\t\t<\/div>\n\t\t\t\t\t<\/div>\n\t\t<\/section>\n\t\t\t\t<\/div>\n\t\t","protected":false},"excerpt":{"rendered":"<p>W\u00e4hrend du im Rennen alles gegeben hast, haben die Fotografen von Sportografjeden Augenblick f\u00fcr die Ewigkeit festgehalten. Laden Sie JETZT Ihre pers\u00f6nlichen Fotos herunter und teilen Sie sie mit Ihren Liebsten.Klicken Sie hier und erleben Sie die Emotionen noch einmal: Laden Sie Ihre Fotos herunter:<\/p>\n","protected":false},"author":1,"featured_media":0,"parent":0,"menu_order":0,"comment_status":"closed","ping_status":"closed","template":"","meta":{"footnotes":""},"class_list":["post-19469","page","type-page","status-publish"],"yoast_head":"<!-- This site is optimized with the Yoast SEO Premium plugin v21.2 (Yoast SEO v21.2) - https:\/\/yoast.com\/wordpress\/plugins\/seo\/ -->\n<title>Laden Sie Ihre Fotos herunter - Transvulcania Terrex 2026 - Ultramarathon La Palma<\/title>\n<meta name=\"description\" content=\"Laden Sie Ihre Fotos von Ihrer Teilnahme an der Transvulcania 2025 herunter.\" \/>\n<meta name=\"robots\" content=\"index, follow, max-snippet:-1, max-image-preview:large, max-video-preview:-1\" \/>\n<link rel=\"canonical\" href=\"https:\/\/transvulcania.com\/de\/laden-sie-ihre-fotos-herunter\/\" \/>\n<meta property=\"og:locale\" content=\"de_DE\" \/>\n<meta property=\"og:type\" content=\"article\" \/>\n<meta property=\"og:title\" content=\"Laden Sie Ihre Fotos herunter\" \/>\n<meta property=\"og:description\" content=\"Laden Sie Ihre Fotos von Ihrer Teilnahme an der Transvulcania 2025 herunter.\" \/>\n<meta property=\"og:url\" content=\"https:\/\/transvulcania.com\/de\/laden-sie-ihre-fotos-herunter\/\" \/>\n<meta property=\"og:site_name\" content=\"Transvulcania Terrex 2026 - Ultramarathon La Palma\" \/>\n<meta property=\"article:modified_time\" content=\"2025-09-30T10:45:46+00:00\" \/>\n<meta property=\"og:image\" content=\"https:\/\/transvulcania.com\/wp-content\/uploads\/2024\/08\/Ultramaraton_25.jpg\" \/>\n<meta name=\"twitter:card\" content=\"summary_large_image\" \/>\n<script type=\"application\/ld+json\" class=\"yoast-schema-graph\">{\"@context\":\"https:\/\/schema.org\",\"@graph\":[{\"@type\":\"WebPage\",\"@id\":\"https:\/\/transvulcania.com\/de\/laden-sie-ihre-fotos-herunter\/\",\"url\":\"https:\/\/transvulcania.com\/de\/laden-sie-ihre-fotos-herunter\/\",\"name\":\"Laden Sie Ihre Fotos herunter - Transvulcania Terrex 2026 - Ultramarathon La Palma\",\"isPartOf\":{\"@id\":\"https:\/\/transvulcania.com\/de\/#website\"},\"datePublished\":\"2025-05-13T19:08:07+00:00\",\"dateModified\":\"2025-09-30T10:45:46+00:00\",\"description\":\"Laden Sie Ihre Fotos von Ihrer Teilnahme an der Transvulcania 2025 herunter.\",\"breadcrumb\":{\"@id\":\"https:\/\/transvulcania.com\/de\/laden-sie-ihre-fotos-herunter\/#breadcrumb\"},\"inLanguage\":\"de\",\"potentialAction\":[{\"@type\":\"ReadAction\",\"target\":[\"https:\/\/transvulcania.com\/de\/laden-sie-ihre-fotos-herunter\/\"]}]},{\"@type\":\"BreadcrumbList\",\"@id\":\"https:\/\/transvulcania.com\/de\/laden-sie-ihre-fotos-herunter\/#breadcrumb\",\"itemListElement\":[{\"@type\":\"ListItem\",\"position\":1,\"name\":\"Home\",\"item\":\"https:\/\/transvulcania.com\/de\/\"},{\"@type\":\"ListItem\",\"position\":2,\"name\":\"Laden Sie Ihre Fotos herunter\"}]},{\"@type\":\"WebSite\",\"@id\":\"https:\/\/transvulcania.com\/de\/#website\",\"url\":\"https:\/\/transvulcania.com\/de\/\",\"name\":\"Transvulcania Terrex 2026 - Ultramarathon La Palma\",\"description\":\"Transvulcania Terrex 2026 - XVI Edici\u00f3n de la Ultramarat\u00f3n de monta\u00f1a de la Isla La Palma\",\"publisher\":{\"@id\":\"https:\/\/transvulcania.com\/de\/#organization\"},\"potentialAction\":[{\"@type\":\"SearchAction\",\"target\":{\"@type\":\"EntryPoint\",\"urlTemplate\":\"https:\/\/transvulcania.com\/de\/?s={search_term_string}\"},\"query-input\":\"required name=search_term_string\"}],\"inLanguage\":\"de\"},{\"@type\":\"Organization\",\"@id\":\"https:\/\/transvulcania.com\/de\/#organization\",\"name\":\"Transvulcania Terrex 2026 - Ultramarathon La Palma\",\"url\":\"https:\/\/transvulcania.com\/de\/\",\"logo\":{\"@type\":\"ImageObject\",\"inLanguage\":\"de\",\"@id\":\"https:\/\/transvulcania.com\/de\/#\/schema\/logo\/image\/\",\"url\":\"https:\/\/transvulcania.com\/wp-content\/uploads\/2024\/03\/Logo_Transvulcania_Terrex.png\",\"contentUrl\":\"https:\/\/transvulcania.com\/wp-content\/uploads\/2024\/03\/Logo_Transvulcania_Terrex.png\",\"width\":431,\"height\":552,\"caption\":\"Transvulcania Terrex 2026 - Ultramarathon La Palma\"},\"image\":{\"@id\":\"https:\/\/transvulcania.com\/de\/#\/schema\/logo\/image\/\"}}]}<\/script>\n<!-- \/ Yoast SEO Premium plugin. -->","yoast_head_json":{"title":"Laden Sie Ihre Fotos herunter - Transvulcania Terrex 2026 - Ultramarathon La Palma","description":"Laden Sie Ihre Fotos von Ihrer Teilnahme an der Transvulcania 2025 herunter.","robots":{"index":"index","follow":"follow","max-snippet":"max-snippet:-1","max-image-preview":"max-image-preview:large","max-video-preview":"max-video-preview:-1"},"canonical":"https:\/\/transvulcania.com\/de\/laden-sie-ihre-fotos-herunter\/","og_locale":"de_DE","og_type":"article","og_title":"Laden Sie Ihre Fotos herunter","og_description":"Laden Sie Ihre Fotos von Ihrer Teilnahme an der Transvulcania 2025 herunter.","og_url":"https:\/\/transvulcania.com\/de\/laden-sie-ihre-fotos-herunter\/","og_site_name":"Transvulcania Terrex 2026 - Ultramarathon La Palma","article_modified_time":"2025-09-30T10:45:46+00:00","og_image":[{"url":"https:\/\/transvulcania.com\/wp-content\/uploads\/2024\/08\/Ultramaraton_25.jpg"}],"twitter_card":"summary_large_image","schema":{"@context":"https:\/\/schema.org","@graph":[{"@type":"WebPage","@id":"https:\/\/transvulcania.com\/de\/laden-sie-ihre-fotos-herunter\/","url":"https:\/\/transvulcania.com\/de\/laden-sie-ihre-fotos-herunter\/","name":"Laden Sie Ihre Fotos herunter - Transvulcania Terrex 2026 - Ultramarathon La Palma","isPartOf":{"@id":"https:\/\/transvulcania.com\/de\/#website"},"datePublished":"2025-05-13T19:08:07+00:00","dateModified":"2025-09-30T10:45:46+00:00","description":"Laden Sie Ihre Fotos von Ihrer Teilnahme an der Transvulcania 2025 herunter.","breadcrumb":{"@id":"https:\/\/transvulcania.com\/de\/laden-sie-ihre-fotos-herunter\/#breadcrumb"},"inLanguage":"de","potentialAction":[{"@type":"ReadAction","target":["https:\/\/transvulcania.com\/de\/laden-sie-ihre-fotos-herunter\/"]}]},{"@type":"BreadcrumbList","@id":"https:\/\/transvulcania.com\/de\/laden-sie-ihre-fotos-herunter\/#breadcrumb","itemListElement":[{"@type":"ListItem","position":1,"name":"Home","item":"https:\/\/transvulcania.com\/de\/"},{"@type":"ListItem","position":2,"name":"Laden Sie Ihre Fotos herunter"}]},{"@type":"WebSite","@id":"https:\/\/transvulcania.com\/de\/#website","url":"https:\/\/transvulcania.com\/de\/","name":"Transvulcania Terrex 2026 - Ultramarathon La Palma","description":"Transvulcania Terrex 2026 - XVI Edici\u00f3n de la Ultramarat\u00f3n de monta\u00f1a de la Isla La Palma","publisher":{"@id":"https:\/\/transvulcania.com\/de\/#organization"},"potentialAction":[{"@type":"SearchAction","target":{"@type":"EntryPoint","urlTemplate":"https:\/\/transvulcania.com\/de\/?s={search_term_string}"},"query-input":"required name=search_term_string"}],"inLanguage":"de"},{"@type":"Organization","@id":"https:\/\/transvulcania.com\/de\/#organization","name":"Transvulcania Terrex 2026 - Ultramarathon La Palma","url":"https:\/\/transvulcania.com\/de\/","logo":{"@type":"ImageObject","inLanguage":"de","@id":"https:\/\/transvulcania.com\/de\/#\/schema\/logo\/image\/","url":"https:\/\/transvulcania.com\/wp-content\/uploads\/2024\/03\/Logo_Transvulcania_Terrex.png","contentUrl":"https:\/\/transvulcania.com\/wp-content\/uploads\/2024\/03\/Logo_Transvulcania_Terrex.png","width":431,"height":552,"caption":"Transvulcania Terrex 2026 - Ultramarathon La Palma"},"image":{"@id":"https:\/\/transvulcania.com\/de\/#\/schema\/logo\/image\/"}}]}},"_links":{"self":[{"href":"https:\/\/transvulcania.com\/de\/wp-json\/wp\/v2\/pages\/19469","targetHints":{"allow":["GET"]}}],"collection":[{"href":"https:\/\/transvulcania.com\/de\/wp-json\/wp\/v2\/pages"}],"about":[{"href":"https:\/\/transvulcania.com\/de\/wp-json\/wp\/v2\/types\/page"}],"author":[{"embeddable":true,"href":"https:\/\/transvulcania.com\/de\/wp-json\/wp\/v2\/users\/1"}],"replies":[{"embeddable":true,"href":"https:\/\/transvulcania.com\/de\/wp-json\/wp\/v2\/comments?post=19469"}],"version-history":[{"count":0,"href":"https:\/\/transvulcania.com\/de\/wp-json\/wp\/v2\/pages\/19469\/revisions"}],"wp:attachment":[{"href":"https:\/\/transvulcania.com\/de\/wp-json\/wp\/v2\/media?parent=19469"}],"curies":[{"name":"wp","href":"https:\/\/api.w.org\/{rel}","templated":true}]}}