{"id":19220,"date":"2023-09-28T14:10:27","date_gmt":"2023-09-28T13:10:27","guid":{"rendered":"https:\/\/transvulcania.com\/lernen-sie-transvulcania-kennen\/"},"modified":"2025-09-30T10:29:36","modified_gmt":"2025-09-30T09:29:36","slug":"lernen-sie-transvulcania-kennen","status":"publish","type":"page","link":"https:\/\/transvulcania.com\/de\/lernen-sie-transvulcania-kennen\/","title":{"rendered":"Lernen Sie Transvulcania kennen"},"content":{"rendered":"\t\t<div data-elementor-type=\"wp-page\" data-elementor-id=\"19220\" class=\"elementor elementor-19220 elementor-215\" data-elementor-post-type=\"page\">\n\t\t\t\t<div class=\"elementor-element elementor-element-c3b6671 e-flex e-con-boxed e-con e-parent\" data-id=\"c3b6671\" data-element_type=\"container\" data-e-type=\"container\">\n\t\t\t\t\t<div class=\"e-con-inner\">\n\t\t\t\t<div class=\"elementor-element elementor-element-b2806c4 elementor-widget elementor-widget-text-editor\" data-id=\"b2806c4\" data-element_type=\"widget\" data-e-type=\"widget\" data-widget_type=\"text-editor.default\">\n\t\t\t\t<div class=\"elementor-widget-container\">\n\t\t\t\t\t\t\t\t\t<p>Bei Transvulcania erwartet Sie eine ebenso anspruchsvolle wie spektakul\u00e4re Strecke. Auf der bekannten Ruta del Bast\u00f3n haben Sie das Gef\u00fchl, \u00fcber den Nationalpark La Caldera de Taburiente zu fliegen, w\u00e4hrend Sie beim Aufstieg zum Roque de los Muchachos das unglaubliche Wolkenmeer unter Ihren F\u00fc\u00dfen zur\u00fccklassen. Und das alles, w\u00e4hrend Sie sich mit den besten Ultra-Trail-L\u00e4ufern der Welt messen.  <\/p>\n\t\t\t\t\t\t\t\t<\/div>\n\t\t\t\t<\/div>\n\t\t\t\t<div class=\"elementor-element elementor-element-05e0b26 elementor-widget elementor-widget-heading\" data-id=\"05e0b26\" data-element_type=\"widget\" data-e-type=\"widget\" data-widget_type=\"heading.default\">\n\t\t\t\t<div class=\"elementor-widget-container\">\n\t\t\t\t\t<h2 class=\"elementor-heading-title elementor-size-default\">Bist du bereit?<\/h2>\t\t\t\t<\/div>\n\t\t\t\t<\/div>\n\t\t\t\t<div class=\"elementor-element elementor-element-c3a5ba5 elementor-widget elementor-widget-image\" data-id=\"c3a5ba5\" data-element_type=\"widget\" data-e-type=\"widget\" data-widget_type=\"image.default\">\n\t\t\t\t<div class=\"elementor-widget-container\">\n\t\t\t\t\t\t\t\t\t\t\t\t\t\t\t<img fetchpriority=\"high\" decoding=\"async\" width=\"742\" height=\"489\" src=\"https:\/\/transvulcania.com\/wp-content\/uploads\/2023\/09\/La_Palma.jpg\" class=\"attachment-large size-large wp-image-262\" alt=\"\" srcset=\"https:\/\/transvulcania.com\/wp-content\/uploads\/2023\/09\/La_Palma.jpg 742w, https:\/\/transvulcania.com\/wp-content\/uploads\/2023\/09\/La_Palma-300x198.jpg 300w\" sizes=\"(max-width: 742px) 100vw, 742px\" \/>\t\t\t\t\t\t\t\t\t\t\t\t\t\t\t<\/div>\n\t\t\t\t<\/div>\n\t\t\t\t<div class=\"elementor-element elementor-element-e3fff11 elementor-widget elementor-widget-text-editor\" data-id=\"e3fff11\" data-element_type=\"widget\" data-e-type=\"widget\" data-widget_type=\"text-editor.default\">\n\t\t\t\t<div class=\"elementor-widget-container\">\n\t\t\t\t\t\t\t\t\t<p>La Palma ist wegen ihrer unglaublichen Landschaften, imposanten Vulkane, tiefen W\u00e4lder, einladenden Str\u00e4nde und sternenklaren Nachthimmel als \u201edie sch\u00f6ne Insel\u201d bekannt.<\/p>\n<p>Der klare Himmel und strenge Gesetze gegen Lichtverschmutzung machen La Palma zu einem fantastischen Ort f\u00fcr Sternbeobachtungen, weshalb die Insel auch als Starlight-Reservat ausgezeichnet wurde. Im Jahr 2002 erkl\u00e4rte die UNESCO die gesamte Insel La Palma zum Weltbiosph\u00e4renreservat. <\/p>\n<p>Diese Vulkaninsel scheint aufgrund ihres dichten pr\u00e4historischen Waldes gr\u00fcn zu sein. Verbinden Sie sich mit der Natur unter einem der klarsten Himmel der Welt, entspannen Sie sich an den einladenden Str\u00e4nden oder wandern Sie durch tiefe Schluchten und entlang von Vulkanen. Die Wanderwege von La Palma f\u00fchren Sie zu Wasserf\u00e4llen und bis zu den Gipfeln der Insel. Wenn Sie den Gipfel erreicht haben, schauen Sie nach oben. Der Nachthimmel ist unvergesslich.<br \/>La Palma ist die n\u00f6rdlichste Insel der Kanaren und geh\u00f6rt zur Provinz Santa Cruz de Tenerife. Sie erstreckt sich \u00fcber 708 Quadratkilometer und hat mehr als 85.000 Einwohner. Aufgeteilt in 14 Gemeinden, bietet sie eine gro\u00dfe landschaftliche und klimatische Vielfalt. Rau, sch\u00f6n, hoch, \u00fcberraschend, wunderbar, spektakul\u00e4r&#8230; das sind nur einige der Adjektive, die ihren Spitznamen \u201ela isla bonita\u201d (die sch\u00f6ne Insel) rechtfertigen k\u00f6nnten. Eine ideale Insel, um sich zu verlieren&#8230;<br \/>Das Wanderwegenetz von La Palma verbindet das gesamte Inselgebiet \u00fcber traditionelle Wege, die seit Jahrhunderten von den Bewohnern der Insel begangen werden. Wanderer entdecken eine gro\u00dfe Vielfalt an Klimazonen, Reliefs und Landschaften.<br \/>Das Wanderwegenetz von La Palma verbindet das gesamte Inselgebiet \u00fcber traditionelle Pfade, die seit Jahrhunderten von den Bewohnern der Insel begangen werden. Wanderer entdecken auf La Palma eine gro\u00dfe Vielfalt an Klimazonen, Reliefs sowie Natur- und Kulturlandschaften.         <\/p>\n<p>Die Wanderwege von La Palma bieten Wanderern die M\u00f6glichkeit, die gesamte Insel auf einfache und sichere Weise zu erkunden. Die Wanderwege sind durch Initialen und eine Nummer deutlich gekennzeichnet. Grunds\u00e4tzlich gibt es drei Arten:  <\/p>\n<ul>\n<li>GR Fernwanderwege Wanderwege: mehrt\u00e4gige Wanderungen<\/li>\n<li>PR Kurze Wanderwege Wanderwege: Tagesausfl\u00fcge<\/li>\n<li>SL Lokale Wanderwege: Weniger als 10 Kilometer lang<\/li>\n<\/ul>\n\t\t\t\t\t\t\t\t<\/div>\n\t\t\t\t<\/div>\n\t\t\t\t<div class=\"elementor-element elementor-element-4ace6e6 elementor-widget elementor-widget-image\" data-id=\"4ace6e6\" data-element_type=\"widget\" data-e-type=\"widget\" data-widget_type=\"image.default\">\n\t\t\t\t<div class=\"elementor-widget-container\">\n\t\t\t\t\t\t\t\t\t\t\t\t\t\t\t<img decoding=\"async\" width=\"766\" height=\"273\" src=\"https:\/\/transvulcania.com\/wp-content\/uploads\/2023\/09\/corredores.jpg\" class=\"attachment-large size-large wp-image-266\" alt=\"Transvulcania corredores\" srcset=\"https:\/\/transvulcania.com\/wp-content\/uploads\/2023\/09\/corredores.jpg 766w, https:\/\/transvulcania.com\/wp-content\/uploads\/2023\/09\/corredores-300x107.jpg 300w\" sizes=\"(max-width: 766px) 100vw, 766px\" \/>\t\t\t\t\t\t\t\t\t\t\t\t\t\t\t<\/div>\n\t\t\t\t<\/div>\n\t\t\t\t\t<\/div>\n\t\t\t\t<\/div>\n\t\t\t\t<\/div>\n\t\t","protected":false},"excerpt":{"rendered":"<p>Bei Transvulcania erwartet Sie eine ebenso anspruchsvolle wie spektakul\u00e4re Strecke. Auf der bekannten Ruta del Bast\u00f3n haben Sie das Gef\u00fchl, \u00fcber den Nationalpark La Caldera de Taburiente zu fliegen, w\u00e4hrend Sie beim Aufstieg zum Roque de los Muchachos das unglaubliche Wolkenmeer unter Ihren F\u00fc\u00dfen zur\u00fccklassen. Und das alles, w\u00e4hrend Sie sich mit den besten Ultra-Trail-L\u00e4ufern &#8230; <a title=\"Lernen Sie Transvulcania kennen\" class=\"read-more\" href=\"https:\/\/transvulcania.com\/de\/lernen-sie-transvulcania-kennen\/\" aria-label=\"Mehr Informationen \u00fcber Lernen Sie Transvulcania kennen\">Weiterlesen<\/a><\/p>\n","protected":false},"author":1,"featured_media":0,"parent":0,"menu_order":0,"comment_status":"closed","ping_status":"closed","template":"","meta":{"footnotes":""},"class_list":["post-19220","page","type-page","status-publish"],"yoast_head":"<!-- This site is optimized with the Yoast SEO Premium plugin v21.2 (Yoast SEO v21.2) - https:\/\/yoast.com\/wordpress\/plugins\/seo\/ -->\n<title>Lernen Sie Transvulcania kennen - Transvulcania Terrex 2026 - Ultramarathon La Palma<\/title>\n<meta name=\"description\" content=\"Erfahren Sie mehr \u00fcber eines der wichtigsten Bergl\u00e4ufe der Kanarischen Inseln und Spaniens.\" \/>\n<meta name=\"robots\" content=\"index, follow, max-snippet:-1, max-image-preview:large, max-video-preview:-1\" \/>\n<link rel=\"canonical\" href=\"https:\/\/transvulcania.com\/de\/lernen-sie-transvulcania-kennen\/\" \/>\n<meta property=\"og:locale\" content=\"de_DE\" \/>\n<meta property=\"og:type\" content=\"article\" \/>\n<meta property=\"og:title\" content=\"Lernen Sie Transvulcania kennen\" \/>\n<meta property=\"og:description\" content=\"Erfahren Sie mehr \u00fcber eines der wichtigsten Bergl\u00e4ufe der Kanarischen Inseln und Spaniens.\" \/>\n<meta property=\"og:url\" content=\"https:\/\/transvulcania.com\/de\/lernen-sie-transvulcania-kennen\/\" \/>\n<meta property=\"og:site_name\" content=\"Transvulcania Terrex 2026 - Ultramarathon La Palma\" \/>\n<meta property=\"article:modified_time\" content=\"2025-09-30T09:29:36+00:00\" \/>\n<meta property=\"og:image\" content=\"https:\/\/transvulcania.com\/wp-content\/uploads\/2023\/09\/La_Palma.jpg\" \/>\n<meta name=\"twitter:card\" content=\"summary_large_image\" \/>\n<meta name=\"twitter:label1\" content=\"Gesch\u00e4tzte Lesezeit\" \/>\n\t<meta name=\"twitter:data1\" content=\"2\u00a0Minuten\" \/>\n<script type=\"application\/ld+json\" class=\"yoast-schema-graph\">{\"@context\":\"https:\/\/schema.org\",\"@graph\":[{\"@type\":\"WebPage\",\"@id\":\"https:\/\/transvulcania.com\/de\/lernen-sie-transvulcania-kennen\/\",\"url\":\"https:\/\/transvulcania.com\/de\/lernen-sie-transvulcania-kennen\/\",\"name\":\"Lernen Sie Transvulcania kennen - Transvulcania Terrex 2026 - Ultramarathon La Palma\",\"isPartOf\":{\"@id\":\"https:\/\/transvulcania.com\/de\/#website\"},\"datePublished\":\"2023-09-28T13:10:27+00:00\",\"dateModified\":\"2025-09-30T09:29:36+00:00\",\"description\":\"Erfahren Sie mehr \u00fcber eines der wichtigsten Bergl\u00e4ufe der Kanarischen Inseln und Spaniens.\",\"breadcrumb\":{\"@id\":\"https:\/\/transvulcania.com\/de\/lernen-sie-transvulcania-kennen\/#breadcrumb\"},\"inLanguage\":\"de\",\"potentialAction\":[{\"@type\":\"ReadAction\",\"target\":[\"https:\/\/transvulcania.com\/de\/lernen-sie-transvulcania-kennen\/\"]}]},{\"@type\":\"BreadcrumbList\",\"@id\":\"https:\/\/transvulcania.com\/de\/lernen-sie-transvulcania-kennen\/#breadcrumb\",\"itemListElement\":[{\"@type\":\"ListItem\",\"position\":1,\"name\":\"Home\",\"item\":\"https:\/\/transvulcania.com\/de\/\"},{\"@type\":\"ListItem\",\"position\":2,\"name\":\"Lernen Sie Transvulcania kennen\"}]},{\"@type\":\"WebSite\",\"@id\":\"https:\/\/transvulcania.com\/de\/#website\",\"url\":\"https:\/\/transvulcania.com\/de\/\",\"name\":\"Transvulcania Terrex 2026 - Ultramarathon La Palma\",\"description\":\"Transvulcania Terrex 2026 - XVI Edici\u00f3n de la Ultramarat\u00f3n de monta\u00f1a de la Isla La Palma\",\"publisher\":{\"@id\":\"https:\/\/transvulcania.com\/de\/#organization\"},\"potentialAction\":[{\"@type\":\"SearchAction\",\"target\":{\"@type\":\"EntryPoint\",\"urlTemplate\":\"https:\/\/transvulcania.com\/de\/?s={search_term_string}\"},\"query-input\":\"required name=search_term_string\"}],\"inLanguage\":\"de\"},{\"@type\":\"Organization\",\"@id\":\"https:\/\/transvulcania.com\/de\/#organization\",\"name\":\"Transvulcania Terrex 2026 - Ultramarathon La Palma\",\"url\":\"https:\/\/transvulcania.com\/de\/\",\"logo\":{\"@type\":\"ImageObject\",\"inLanguage\":\"de\",\"@id\":\"https:\/\/transvulcania.com\/de\/#\/schema\/logo\/image\/\",\"url\":\"https:\/\/transvulcania.com\/wp-content\/uploads\/2024\/03\/Logo_Transvulcania_Terrex.png\",\"contentUrl\":\"https:\/\/transvulcania.com\/wp-content\/uploads\/2024\/03\/Logo_Transvulcania_Terrex.png\",\"width\":431,\"height\":552,\"caption\":\"Transvulcania Terrex 2026 - Ultramarathon La Palma\"},\"image\":{\"@id\":\"https:\/\/transvulcania.com\/de\/#\/schema\/logo\/image\/\"}}]}<\/script>\n<!-- \/ Yoast SEO Premium plugin. -->","yoast_head_json":{"title":"Lernen Sie Transvulcania kennen - Transvulcania Terrex 2026 - Ultramarathon La Palma","description":"Erfahren Sie mehr \u00fcber eines der wichtigsten Bergl\u00e4ufe der Kanarischen Inseln und Spaniens.","robots":{"index":"index","follow":"follow","max-snippet":"max-snippet:-1","max-image-preview":"max-image-preview:large","max-video-preview":"max-video-preview:-1"},"canonical":"https:\/\/transvulcania.com\/de\/lernen-sie-transvulcania-kennen\/","og_locale":"de_DE","og_type":"article","og_title":"Lernen Sie Transvulcania kennen","og_description":"Erfahren Sie mehr \u00fcber eines der wichtigsten Bergl\u00e4ufe der Kanarischen Inseln und Spaniens.","og_url":"https:\/\/transvulcania.com\/de\/lernen-sie-transvulcania-kennen\/","og_site_name":"Transvulcania Terrex 2026 - Ultramarathon La Palma","article_modified_time":"2025-09-30T09:29:36+00:00","og_image":[{"url":"https:\/\/transvulcania.com\/wp-content\/uploads\/2023\/09\/La_Palma.jpg"}],"twitter_card":"summary_large_image","twitter_misc":{"Gesch\u00e4tzte Lesezeit":"2\u00a0Minuten"},"schema":{"@context":"https:\/\/schema.org","@graph":[{"@type":"WebPage","@id":"https:\/\/transvulcania.com\/de\/lernen-sie-transvulcania-kennen\/","url":"https:\/\/transvulcania.com\/de\/lernen-sie-transvulcania-kennen\/","name":"Lernen Sie Transvulcania kennen - Transvulcania Terrex 2026 - Ultramarathon La Palma","isPartOf":{"@id":"https:\/\/transvulcania.com\/de\/#website"},"datePublished":"2023-09-28T13:10:27+00:00","dateModified":"2025-09-30T09:29:36+00:00","description":"Erfahren Sie mehr \u00fcber eines der wichtigsten Bergl\u00e4ufe der Kanarischen Inseln und Spaniens.","breadcrumb":{"@id":"https:\/\/transvulcania.com\/de\/lernen-sie-transvulcania-kennen\/#breadcrumb"},"inLanguage":"de","potentialAction":[{"@type":"ReadAction","target":["https:\/\/transvulcania.com\/de\/lernen-sie-transvulcania-kennen\/"]}]},{"@type":"BreadcrumbList","@id":"https:\/\/transvulcania.com\/de\/lernen-sie-transvulcania-kennen\/#breadcrumb","itemListElement":[{"@type":"ListItem","position":1,"name":"Home","item":"https:\/\/transvulcania.com\/de\/"},{"@type":"ListItem","position":2,"name":"Lernen Sie Transvulcania kennen"}]},{"@type":"WebSite","@id":"https:\/\/transvulcania.com\/de\/#website","url":"https:\/\/transvulcania.com\/de\/","name":"Transvulcania Terrex 2026 - Ultramarathon La Palma","description":"Transvulcania Terrex 2026 - XVI Edici\u00f3n de la Ultramarat\u00f3n de monta\u00f1a de la Isla La Palma","publisher":{"@id":"https:\/\/transvulcania.com\/de\/#organization"},"potentialAction":[{"@type":"SearchAction","target":{"@type":"EntryPoint","urlTemplate":"https:\/\/transvulcania.com\/de\/?s={search_term_string}"},"query-input":"required name=search_term_string"}],"inLanguage":"de"},{"@type":"Organization","@id":"https:\/\/transvulcania.com\/de\/#organization","name":"Transvulcania Terrex 2026 - Ultramarathon La Palma","url":"https:\/\/transvulcania.com\/de\/","logo":{"@type":"ImageObject","inLanguage":"de","@id":"https:\/\/transvulcania.com\/de\/#\/schema\/logo\/image\/","url":"https:\/\/transvulcania.com\/wp-content\/uploads\/2024\/03\/Logo_Transvulcania_Terrex.png","contentUrl":"https:\/\/transvulcania.com\/wp-content\/uploads\/2024\/03\/Logo_Transvulcania_Terrex.png","width":431,"height":552,"caption":"Transvulcania Terrex 2026 - Ultramarathon La Palma"},"image":{"@id":"https:\/\/transvulcania.com\/de\/#\/schema\/logo\/image\/"}}]}},"_links":{"self":[{"href":"https:\/\/transvulcania.com\/de\/wp-json\/wp\/v2\/pages\/19220","targetHints":{"allow":["GET"]}}],"collection":[{"href":"https:\/\/transvulcania.com\/de\/wp-json\/wp\/v2\/pages"}],"about":[{"href":"https:\/\/transvulcania.com\/de\/wp-json\/wp\/v2\/types\/page"}],"author":[{"embeddable":true,"href":"https:\/\/transvulcania.com\/de\/wp-json\/wp\/v2\/users\/1"}],"replies":[{"embeddable":true,"href":"https:\/\/transvulcania.com\/de\/wp-json\/wp\/v2\/comments?post=19220"}],"version-history":[{"count":0,"href":"https:\/\/transvulcania.com\/de\/wp-json\/wp\/v2\/pages\/19220\/revisions"}],"wp:attachment":[{"href":"https:\/\/transvulcania.com\/de\/wp-json\/wp\/v2\/media?parent=19220"}],"curies":[{"name":"wp","href":"https:\/\/api.w.org\/{rel}","templated":true}]}}