{"id":19216,"date":"2025-05-05T19:37:16","date_gmt":"2025-05-05T18:37:16","guid":{"rendered":"https:\/\/transvulcania.com\/auch-du-bist-transvulcania\/"},"modified":"2025-09-30T10:25:54","modified_gmt":"2025-09-30T09:25:54","slug":"auch-du-bist-transvulcania","status":"publish","type":"page","link":"https:\/\/transvulcania.com\/de\/auch-du-bist-transvulcania\/","title":{"rendered":"Auch du bist Transvulcania!"},"content":{"rendered":"\t\t<div data-elementor-type=\"wp-page\" data-elementor-id=\"19216\" class=\"elementor elementor-19216 elementor-14087\" data-elementor-post-type=\"page\">\n\t\t\t\t\t\t<section class=\"elementor-section elementor-top-section elementor-element elementor-element-b9286b3 elementor-section-stretched elementor-section-boxed elementor-section-height-default elementor-section-height-default elementor-invisible\" data-id=\"b9286b3\" data-element_type=\"section\" data-e-type=\"section\" data-settings=\"{&quot;background_background&quot;:&quot;classic&quot;,&quot;stretch_section&quot;:&quot;section-stretched&quot;,&quot;animation&quot;:&quot;fadeInUp&quot;}\">\n\t\t\t\t\t\t\t<div class=\"elementor-background-overlay\"><\/div>\n\t\t\t\t\t\t\t<div class=\"elementor-container elementor-column-gap-no\">\n\t\t\t\t\t<div class=\"elementor-column elementor-col-100 elementor-top-column elementor-element elementor-element-2700d2a elementor-invisible\" data-id=\"2700d2a\" data-element_type=\"column\" data-e-type=\"column\" data-settings=\"{&quot;animation&quot;:&quot;fadeInUp&quot;}\">\n\t\t\t<div class=\"elementor-widget-wrap elementor-element-populated\">\n\t\t\t\t\t\t<div class=\"elementor-element elementor-element-89cf61b elementor-widget elementor-widget-heading\" data-id=\"89cf61b\" data-element_type=\"widget\" data-e-type=\"widget\" data-widget_type=\"heading.default\">\n\t\t\t\t<div class=\"elementor-widget-container\">\n\t\t\t\t\t<h4 class=\"elementor-heading-title elementor-size-default\">Du bringst all dies in Bewegung. Du bist Kraft, du bist ein weiterer Herzschlag von Transvulcania.<br>Du bist Teil des Geistes, der dieses Rennen zu einem der gr\u00f6\u00dften der Welt macht. <\/h4>\t\t\t\t<\/div>\n\t\t\t\t<\/div>\n\t\t\t\t<div class=\"elementor-element elementor-element-1c176af elementor-widget elementor-widget-heading\" data-id=\"1c176af\" data-element_type=\"widget\" data-e-type=\"widget\" data-widget_type=\"heading.default\">\n\t\t\t\t<div class=\"elementor-widget-container\">\n\t\t\t\t\t<h4 class=\"elementor-heading-title elementor-size-default\">Lade diesen Rahmen herunter, f\u00fcge dein bestes Foto ein und zeige der Welt, dass auch du Teil der Legende bist.<br>Denn ohne dich w\u00e4re all das bei Transvulcania adidas TERREX nicht m\u00f6glich.<br>Du hast zwei Formate zur Auswahl!<\/h4>\t\t\t\t<\/div>\n\t\t\t\t<\/div>\n\t\t\t\t\t<\/div>\n\t\t<\/div>\n\t\t\t\t\t<\/div>\n\t\t<\/section>\n\t\t\t\t<section class=\"elementor-section elementor-top-section elementor-element elementor-element-253e9f8 elementor-section-stretched elementor-section-boxed elementor-section-height-default elementor-section-height-default elementor-invisible\" data-id=\"253e9f8\" data-element_type=\"section\" data-e-type=\"section\" data-settings=\"{&quot;background_background&quot;:&quot;classic&quot;,&quot;stretch_section&quot;:&quot;section-stretched&quot;,&quot;animation&quot;:&quot;fadeInUp&quot;}\">\n\t\t\t\t\t\t\t<div class=\"elementor-background-overlay\"><\/div>\n\t\t\t\t\t\t\t<div class=\"elementor-container elementor-column-gap-no\">\n\t\t\t\t\t<div class=\"elementor-column elementor-col-100 elementor-top-column elementor-element elementor-element-b78b060 elementor-invisible\" data-id=\"b78b060\" data-element_type=\"column\" data-e-type=\"column\" data-settings=\"{&quot;animation&quot;:&quot;fadeInUp&quot;}\">\n\t\t\t<div class=\"elementor-widget-wrap elementor-element-populated\">\n\t\t\t\t<div class=\"elementor-element elementor-element-7da345d e-con-full e-flex e-con e-child\" data-id=\"7da345d\" data-element_type=\"container\" data-e-type=\"container\">\n\t\t<div class=\"elementor-element elementor-element-cd32113 e-flex e-con-boxed e-con e-child\" data-id=\"cd32113\" data-element_type=\"container\" data-e-type=\"container\">\n\t\t\t\t\t<div class=\"e-con-inner\">\n\t\t\t\t<div class=\"elementor-element elementor-element-978e713 elementor-view-default elementor-position-block-start elementor-mobile-position-block-start elementor-widget elementor-widget-icon-box\" data-id=\"978e713\" data-element_type=\"widget\" data-e-type=\"widget\" data-widget_type=\"icon-box.default\">\n\t\t\t\t<div class=\"elementor-widget-container\">\n\t\t\t\t\t\t\t<div class=\"elementor-icon-box-wrapper\">\n\n\t\t\t\t\t\t<div class=\"elementor-icon-box-icon\">\n\t\t\t\t<span  class=\"elementor-icon\">\n\t\t\t\t<svg aria-hidden=\"true\" class=\"e-font-icon-svg e-fas-photo-video\" viewBox=\"0 0 640 512\" xmlns=\"http:\/\/www.w3.org\/2000\/svg\"><path d=\"M608 0H160a32 32 0 0 0-32 32v96h160V64h192v320h128a32 32 0 0 0 32-32V32a32 32 0 0 0-32-32zM232 103a9 9 0 0 1-9 9h-30a9 9 0 0 1-9-9V73a9 9 0 0 1 9-9h30a9 9 0 0 1 9 9zm352 208a9 9 0 0 1-9 9h-30a9 9 0 0 1-9-9v-30a9 9 0 0 1 9-9h30a9 9 0 0 1 9 9zm0-104a9 9 0 0 1-9 9h-30a9 9 0 0 1-9-9v-30a9 9 0 0 1 9-9h30a9 9 0 0 1 9 9zm0-104a9 9 0 0 1-9 9h-30a9 9 0 0 1-9-9V73a9 9 0 0 1 9-9h30a9 9 0 0 1 9 9zm-168 57H32a32 32 0 0 0-32 32v288a32 32 0 0 0 32 32h384a32 32 0 0 0 32-32V192a32 32 0 0 0-32-32zM96 224a32 32 0 1 1-32 32 32 32 0 0 1 32-32zm288 224H64v-32l64-64 32 32 128-128 96 96z\"><\/path><\/svg>\t\t\t\t<\/span>\n\t\t\t<\/div>\n\t\t\t\n\t\t\t\t\t\t<div class=\"elementor-icon-box-content\">\n\n\t\t\t\t\t\t\t\t\t<h3 class=\"elementor-icon-box-title\">\n\t\t\t\t\t\t<span  >\n\t\t\t\t\t\t\tQuadratischer Rahmen\t\t\t\t\t\t<\/span>\n\t\t\t\t\t<\/h3>\n\t\t\t\t\n\t\t\t\t\n\t\t\t<\/div>\n\t\t\t\n\t\t<\/div>\n\t\t\t\t\t\t<\/div>\n\t\t\t\t<\/div>\n\t\t\t\t<div class=\"elementor-element elementor-element-c519348 elementor-widget elementor-widget-image\" data-id=\"c519348\" data-element_type=\"widget\" data-e-type=\"widget\" data-widget_type=\"image.default\">\n\t\t\t\t<div class=\"elementor-widget-container\">\n\t\t\t\t\t\t\t\t\t\t\t\t\t\t\t\t<a href=\"https:\/\/transvulcania.com\/wp-content\/uploads\/2025\/05\/Wall_TRV-scaled.png\" data-elementor-open-lightbox=\"yes\" data-elementor-lightbox-title=\"Wall_TRV\" data-e-action-hash=\"#elementor-action%3Aaction%3Dlightbox%26settings%3DeyJpZCI6MTQwOTEsInVybCI6Imh0dHBzOlwvXC90cmFuc3Z1bGNhbmlhLmNvbVwvd3AtY29udGVudFwvdXBsb2Fkc1wvMjAyNVwvMDVcL1dhbGxfVFJWLXNjYWxlZC5wbmcifQ%3D%3D\">\n\t\t\t\t\t\t\t<img fetchpriority=\"high\" decoding=\"async\" width=\"900\" height=\"900\" src=\"https:\/\/transvulcania.com\/wp-content\/uploads\/2025\/05\/Wall_TRV-1024x1024.png\" class=\"attachment-large size-large wp-image-14091\" alt=\"\" srcset=\"https:\/\/transvulcania.com\/wp-content\/uploads\/2025\/05\/Wall_TRV-1024x1024.png 1024w, https:\/\/transvulcania.com\/wp-content\/uploads\/2025\/05\/Wall_TRV-300x300.png 300w, https:\/\/transvulcania.com\/wp-content\/uploads\/2025\/05\/Wall_TRV-150x150.png 150w, https:\/\/transvulcania.com\/wp-content\/uploads\/2025\/05\/Wall_TRV-768x768.png 768w, https:\/\/transvulcania.com\/wp-content\/uploads\/2025\/05\/Wall_TRV-1536x1536.png 1536w, https:\/\/transvulcania.com\/wp-content\/uploads\/2025\/05\/Wall_TRV-2048x2048.png 2048w, https:\/\/transvulcania.com\/wp-content\/uploads\/2025\/05\/Wall_TRV-700x700.png 700w\" sizes=\"(max-width: 900px) 100vw, 900px\" \/>\t\t\t\t\t\t\t\t<\/a>\n\t\t\t\t\t\t\t\t\t\t\t\t\t\t\t<\/div>\n\t\t\t\t<\/div>\n\t\t\t\t<div class=\"elementor-element elementor-element-2fc6648 elementor-widget elementor-widget-eael-creative-button\" data-id=\"2fc6648\" data-element_type=\"widget\" data-e-type=\"widget\" data-widget_type=\"eael-creative-button.default\">\n\t\t\t\t<div class=\"elementor-widget-container\">\n\t\t\t\t\t        <div class=\"eael-creative-button-wrapper\">\n\n            <a class=\"eael-creative-button eael-creative-button--rayen eael-cb-icon-position-left\" href=\"https:\/\/transvulcania.com\/wp-content\/uploads\/2025\/05\/Wall_TRV-scaled.png\" target=\"_blank\" download=\"\" data-text=\"Rahmen herunterladen \">\n            \t    \n                <div class=\"creative-button-inner\">\n\n                                            <span class=\"eael-creative-button-icon-left\"><svg aria-hidden=\"true\" class=\"e-font-icon-svg e-fas-angle-double-down\" viewBox=\"0 0 320 512\" xmlns=\"http:\/\/www.w3.org\/2000\/svg\"><path d=\"M143 256.3L7 120.3c-9.4-9.4-9.4-24.6 0-33.9l22.6-22.6c9.4-9.4 24.6-9.4 33.9 0l96.4 96.4 96.4-96.4c9.4-9.4 24.6-9.4 33.9 0L313 86.3c9.4 9.4 9.4 24.6 0 33.9l-136 136c-9.4 9.5-24.6 9.5-34 .1zm34 192l136-136c9.4-9.4 9.4-24.6 0-33.9l-22.6-22.6c-9.4-9.4-24.6-9.4-33.9 0L160 352.1l-96.4-96.4c-9.4-9.4-24.6-9.4-33.9 0L7 278.3c-9.4 9.4-9.4 24.6 0 33.9l136 136c9.4 9.5 24.6 9.5 34 .1z\"><\/path><\/svg><\/span>                    \n                    <span class=\"cretive-button-text\">Rahmen herunterladen <\/span>\n\n                                    <\/div>\n\t                        <\/a>\n        <\/div>\n        \t\t\t\t<\/div>\n\t\t\t\t<\/div>\n\t\t\t\t\t<\/div>\n\t\t\t\t<\/div>\n\t\t<div class=\"elementor-element elementor-element-4553339 e-flex e-con-boxed e-con e-child\" data-id=\"4553339\" data-element_type=\"container\" data-e-type=\"container\">\n\t\t\t\t\t<div class=\"e-con-inner\">\n\t\t\t\t<div class=\"elementor-element elementor-element-1bbf33d elementor-view-default elementor-position-block-start elementor-mobile-position-block-start elementor-widget elementor-widget-icon-box\" data-id=\"1bbf33d\" data-element_type=\"widget\" data-e-type=\"widget\" data-widget_type=\"icon-box.default\">\n\t\t\t\t<div class=\"elementor-widget-container\">\n\t\t\t\t\t\t\t<div class=\"elementor-icon-box-wrapper\">\n\n\t\t\t\t\t\t<div class=\"elementor-icon-box-icon\">\n\t\t\t\t<span  class=\"elementor-icon\">\n\t\t\t\t<svg aria-hidden=\"true\" class=\"e-font-icon-svg e-fas-photo-video\" viewBox=\"0 0 640 512\" xmlns=\"http:\/\/www.w3.org\/2000\/svg\"><path d=\"M608 0H160a32 32 0 0 0-32 32v96h160V64h192v320h128a32 32 0 0 0 32-32V32a32 32 0 0 0-32-32zM232 103a9 9 0 0 1-9 9h-30a9 9 0 0 1-9-9V73a9 9 0 0 1 9-9h30a9 9 0 0 1 9 9zm352 208a9 9 0 0 1-9 9h-30a9 9 0 0 1-9-9v-30a9 9 0 0 1 9-9h30a9 9 0 0 1 9 9zm0-104a9 9 0 0 1-9 9h-30a9 9 0 0 1-9-9v-30a9 9 0 0 1 9-9h30a9 9 0 0 1 9 9zm0-104a9 9 0 0 1-9 9h-30a9 9 0 0 1-9-9V73a9 9 0 0 1 9-9h30a9 9 0 0 1 9 9zm-168 57H32a32 32 0 0 0-32 32v288a32 32 0 0 0 32 32h384a32 32 0 0 0 32-32V192a32 32 0 0 0-32-32zM96 224a32 32 0 1 1-32 32 32 32 0 0 1 32-32zm288 224H64v-32l64-64 32 32 128-128 96 96z\"><\/path><\/svg>\t\t\t\t<\/span>\n\t\t\t<\/div>\n\t\t\t\n\t\t\t\t\t\t<div class=\"elementor-icon-box-content\">\n\n\t\t\t\t\t\t\t\t\t<h3 class=\"elementor-icon-box-title\">\n\t\t\t\t\t\t<span  >\n\t\t\t\t\t\t\tVertikaler Rahmen\t\t\t\t\t\t<\/span>\n\t\t\t\t\t<\/h3>\n\t\t\t\t\n\t\t\t\t\n\t\t\t<\/div>\n\t\t\t\n\t\t<\/div>\n\t\t\t\t\t\t<\/div>\n\t\t\t\t<\/div>\n\t\t\t\t<div class=\"elementor-element elementor-element-66be1dd elementor-widget elementor-widget-image\" data-id=\"66be1dd\" data-element_type=\"widget\" data-e-type=\"widget\" data-widget_type=\"image.default\">\n\t\t\t\t<div class=\"elementor-widget-container\">\n\t\t\t\t\t\t\t\t\t\t\t\t\t\t\t\t<a href=\"https:\/\/transvulcania.com\/wp-content\/uploads\/2025\/05\/Story_TRV-scaled.png\" data-elementor-open-lightbox=\"yes\" data-elementor-lightbox-title=\"Story_TRV\" data-e-action-hash=\"#elementor-action%3Aaction%3Dlightbox%26settings%3DeyJpZCI6MTQwODksInVybCI6Imh0dHBzOlwvXC90cmFuc3Z1bGNhbmlhLmNvbVwvd3AtY29udGVudFwvdXBsb2Fkc1wvMjAyNVwvMDVcL1N0b3J5X1RSVi1zY2FsZWQucG5nIn0%3D\">\n\t\t\t\t\t\t\t<img decoding=\"async\" width=\"576\" height=\"1024\" src=\"https:\/\/transvulcania.com\/wp-content\/uploads\/2025\/05\/Story_TRV-576x1024.png\" class=\"attachment-large size-large wp-image-14089\" alt=\"\" srcset=\"https:\/\/transvulcania.com\/wp-content\/uploads\/2025\/05\/Story_TRV-576x1024.png 576w, https:\/\/transvulcania.com\/wp-content\/uploads\/2025\/05\/Story_TRV-169x300.png 169w, https:\/\/transvulcania.com\/wp-content\/uploads\/2025\/05\/Story_TRV-768x1365.png 768w, https:\/\/transvulcania.com\/wp-content\/uploads\/2025\/05\/Story_TRV-864x1536.png 864w, https:\/\/transvulcania.com\/wp-content\/uploads\/2025\/05\/Story_TRV-1152x2048.png 1152w, https:\/\/transvulcania.com\/wp-content\/uploads\/2025\/05\/Story_TRV-scaled.png 1440w\" sizes=\"(max-width: 576px) 100vw, 576px\" \/>\t\t\t\t\t\t\t\t<\/a>\n\t\t\t\t\t\t\t\t\t\t\t\t\t\t\t<\/div>\n\t\t\t\t<\/div>\n\t\t\t\t<div class=\"elementor-element elementor-element-75d4b64 elementor-widget elementor-widget-eael-creative-button\" data-id=\"75d4b64\" data-element_type=\"widget\" data-e-type=\"widget\" data-widget_type=\"eael-creative-button.default\">\n\t\t\t\t<div class=\"elementor-widget-container\">\n\t\t\t\t\t        <div class=\"eael-creative-button-wrapper\">\n\n            <a class=\"eael-creative-button eael-creative-button--rayen eael-cb-icon-position-left\" href=\"https:\/\/transvulcania.com\/wp-content\/uploads\/2025\/05\/Story_TRV-scaled.png\" target=\"_blank\" download=\"\" data-text=\"Rahmen herunterladen \">\n            \t    \n                <div class=\"creative-button-inner\">\n\n                                            <span class=\"eael-creative-button-icon-left\"><svg aria-hidden=\"true\" class=\"e-font-icon-svg e-fas-angle-double-down\" viewBox=\"0 0 320 512\" xmlns=\"http:\/\/www.w3.org\/2000\/svg\"><path d=\"M143 256.3L7 120.3c-9.4-9.4-9.4-24.6 0-33.9l22.6-22.6c9.4-9.4 24.6-9.4 33.9 0l96.4 96.4 96.4-96.4c9.4-9.4 24.6-9.4 33.9 0L313 86.3c9.4 9.4 9.4 24.6 0 33.9l-136 136c-9.4 9.5-24.6 9.5-34 .1zm34 192l136-136c9.4-9.4 9.4-24.6 0-33.9l-22.6-22.6c-9.4-9.4-24.6-9.4-33.9 0L160 352.1l-96.4-96.4c-9.4-9.4-24.6-9.4-33.9 0L7 278.3c-9.4 9.4-9.4 24.6 0 33.9l136 136c9.4 9.5 24.6 9.5 34 .1z\"><\/path><\/svg><\/span>                    \n                    <span class=\"cretive-button-text\">Rahmen herunterladen <\/span>\n\n                                    <\/div>\n\t                        <\/a>\n        <\/div>\n        \t\t\t\t<\/div>\n\t\t\t\t<\/div>\n\t\t\t\t\t<\/div>\n\t\t\t\t<\/div>\n\t\t\t\t<\/div>\n\t\t\t\t\t<\/div>\n\t\t<\/div>\n\t\t\t\t\t<\/div>\n\t\t<\/section>\n\t\t\t\t<\/div>\n\t\t","protected":false},"excerpt":{"rendered":"<p>Du bringst all dies in Bewegung. Du bist Kraft, du bist ein weiterer Herzschlag von Transvulcania.Du bist Teil des Geistes, der dieses Rennen zu einem der gr\u00f6\u00dften der Welt macht. Lade diesen Rahmen herunter, f\u00fcge dein bestes Foto ein und zeige der Welt, dass auch du Teil der Legende bist.Denn ohne dich w\u00e4re all das &#8230; <a title=\"Auch du bist Transvulcania!\" class=\"read-more\" href=\"https:\/\/transvulcania.com\/de\/auch-du-bist-transvulcania\/\" aria-label=\"Mehr Informationen \u00fcber Auch du bist Transvulcania!\">Weiterlesen<\/a><\/p>\n","protected":false},"author":1,"featured_media":0,"parent":0,"menu_order":0,"comment_status":"closed","ping_status":"closed","template":"","meta":{"footnotes":""},"class_list":["post-19216","page","type-page","status-publish"],"yoast_head":"<!-- This site is optimized with the Yoast SEO Premium plugin v21.2 (Yoast SEO v21.2) - https:\/\/yoast.com\/wordpress\/plugins\/seo\/ -->\n<title>Auch du bist Transvulcania! - Transvulcania Terrex 2026 - Ultramarathon La Palma<\/title>\n<meta name=\"description\" content=\"Laden Sie diesen Rahmen herunter, f\u00fcgen Sie Ihr bestes Foto ein und zeigen Sie der Welt, dass auch Sie Teil von Transvulcania sind.\" \/>\n<meta name=\"robots\" content=\"index, follow, max-snippet:-1, max-image-preview:large, max-video-preview:-1\" \/>\n<link rel=\"canonical\" href=\"https:\/\/transvulcania.com\/de\/auch-du-bist-transvulcania\/\" \/>\n<meta property=\"og:locale\" content=\"de_DE\" \/>\n<meta property=\"og:type\" content=\"article\" \/>\n<meta property=\"og:title\" content=\"Auch du bist Transvulcania!\" \/>\n<meta property=\"og:description\" content=\"Laden Sie diesen Rahmen herunter, f\u00fcgen Sie Ihr bestes Foto ein und zeigen Sie der Welt, dass auch Sie Teil von Transvulcania sind.\" \/>\n<meta property=\"og:url\" content=\"https:\/\/transvulcania.com\/de\/auch-du-bist-transvulcania\/\" \/>\n<meta property=\"og:site_name\" content=\"Transvulcania Terrex 2026 - Ultramarathon La Palma\" \/>\n<meta property=\"article:modified_time\" content=\"2025-09-30T09:25:54+00:00\" \/>\n<meta property=\"og:image\" content=\"https:\/\/transvulcania.com\/wp-content\/uploads\/2025\/05\/Wall_TRV-1024x1024.png\" \/>\n<meta name=\"twitter:card\" content=\"summary_large_image\" \/>\n<script type=\"application\/ld+json\" class=\"yoast-schema-graph\">{\"@context\":\"https:\/\/schema.org\",\"@graph\":[{\"@type\":\"WebPage\",\"@id\":\"https:\/\/transvulcania.com\/de\/auch-du-bist-transvulcania\/\",\"url\":\"https:\/\/transvulcania.com\/de\/auch-du-bist-transvulcania\/\",\"name\":\"Auch du bist Transvulcania! - Transvulcania Terrex 2026 - Ultramarathon La Palma\",\"isPartOf\":{\"@id\":\"https:\/\/transvulcania.com\/de\/#website\"},\"datePublished\":\"2025-05-05T18:37:16+00:00\",\"dateModified\":\"2025-09-30T09:25:54+00:00\",\"description\":\"Laden Sie diesen Rahmen herunter, f\u00fcgen Sie Ihr bestes Foto ein und zeigen Sie der Welt, dass auch Sie Teil von Transvulcania sind.\",\"breadcrumb\":{\"@id\":\"https:\/\/transvulcania.com\/de\/auch-du-bist-transvulcania\/#breadcrumb\"},\"inLanguage\":\"de\",\"potentialAction\":[{\"@type\":\"ReadAction\",\"target\":[\"https:\/\/transvulcania.com\/de\/auch-du-bist-transvulcania\/\"]}]},{\"@type\":\"BreadcrumbList\",\"@id\":\"https:\/\/transvulcania.com\/de\/auch-du-bist-transvulcania\/#breadcrumb\",\"itemListElement\":[{\"@type\":\"ListItem\",\"position\":1,\"name\":\"Home\",\"item\":\"https:\/\/transvulcania.com\/de\/\"},{\"@type\":\"ListItem\",\"position\":2,\"name\":\"Auch du bist Transvulcania!\"}]},{\"@type\":\"WebSite\",\"@id\":\"https:\/\/transvulcania.com\/de\/#website\",\"url\":\"https:\/\/transvulcania.com\/de\/\",\"name\":\"Transvulcania Terrex 2026 - Ultramarathon La Palma\",\"description\":\"Transvulcania Terrex 2026 - XVI Edici\u00f3n de la Ultramarat\u00f3n de monta\u00f1a de la Isla La Palma\",\"publisher\":{\"@id\":\"https:\/\/transvulcania.com\/de\/#organization\"},\"potentialAction\":[{\"@type\":\"SearchAction\",\"target\":{\"@type\":\"EntryPoint\",\"urlTemplate\":\"https:\/\/transvulcania.com\/de\/?s={search_term_string}\"},\"query-input\":\"required name=search_term_string\"}],\"inLanguage\":\"de\"},{\"@type\":\"Organization\",\"@id\":\"https:\/\/transvulcania.com\/de\/#organization\",\"name\":\"Transvulcania Terrex 2026 - Ultramarathon La Palma\",\"url\":\"https:\/\/transvulcania.com\/de\/\",\"logo\":{\"@type\":\"ImageObject\",\"inLanguage\":\"de\",\"@id\":\"https:\/\/transvulcania.com\/de\/#\/schema\/logo\/image\/\",\"url\":\"https:\/\/transvulcania.com\/wp-content\/uploads\/2024\/03\/Logo_Transvulcania_Terrex.png\",\"contentUrl\":\"https:\/\/transvulcania.com\/wp-content\/uploads\/2024\/03\/Logo_Transvulcania_Terrex.png\",\"width\":431,\"height\":552,\"caption\":\"Transvulcania Terrex 2026 - Ultramarathon La Palma\"},\"image\":{\"@id\":\"https:\/\/transvulcania.com\/de\/#\/schema\/logo\/image\/\"}}]}<\/script>\n<!-- \/ Yoast SEO Premium plugin. -->","yoast_head_json":{"title":"Auch du bist Transvulcania! - Transvulcania Terrex 2026 - Ultramarathon La Palma","description":"Laden Sie diesen Rahmen herunter, f\u00fcgen Sie Ihr bestes Foto ein und zeigen Sie der Welt, dass auch Sie Teil von Transvulcania sind.","robots":{"index":"index","follow":"follow","max-snippet":"max-snippet:-1","max-image-preview":"max-image-preview:large","max-video-preview":"max-video-preview:-1"},"canonical":"https:\/\/transvulcania.com\/de\/auch-du-bist-transvulcania\/","og_locale":"de_DE","og_type":"article","og_title":"Auch du bist Transvulcania!","og_description":"Laden Sie diesen Rahmen herunter, f\u00fcgen Sie Ihr bestes Foto ein und zeigen Sie der Welt, dass auch Sie Teil von Transvulcania sind.","og_url":"https:\/\/transvulcania.com\/de\/auch-du-bist-transvulcania\/","og_site_name":"Transvulcania Terrex 2026 - Ultramarathon La Palma","article_modified_time":"2025-09-30T09:25:54+00:00","og_image":[{"url":"https:\/\/transvulcania.com\/wp-content\/uploads\/2025\/05\/Wall_TRV-1024x1024.png"}],"twitter_card":"summary_large_image","schema":{"@context":"https:\/\/schema.org","@graph":[{"@type":"WebPage","@id":"https:\/\/transvulcania.com\/de\/auch-du-bist-transvulcania\/","url":"https:\/\/transvulcania.com\/de\/auch-du-bist-transvulcania\/","name":"Auch du bist Transvulcania! - Transvulcania Terrex 2026 - Ultramarathon La Palma","isPartOf":{"@id":"https:\/\/transvulcania.com\/de\/#website"},"datePublished":"2025-05-05T18:37:16+00:00","dateModified":"2025-09-30T09:25:54+00:00","description":"Laden Sie diesen Rahmen herunter, f\u00fcgen Sie Ihr bestes Foto ein und zeigen Sie der Welt, dass auch Sie Teil von Transvulcania sind.","breadcrumb":{"@id":"https:\/\/transvulcania.com\/de\/auch-du-bist-transvulcania\/#breadcrumb"},"inLanguage":"de","potentialAction":[{"@type":"ReadAction","target":["https:\/\/transvulcania.com\/de\/auch-du-bist-transvulcania\/"]}]},{"@type":"BreadcrumbList","@id":"https:\/\/transvulcania.com\/de\/auch-du-bist-transvulcania\/#breadcrumb","itemListElement":[{"@type":"ListItem","position":1,"name":"Home","item":"https:\/\/transvulcania.com\/de\/"},{"@type":"ListItem","position":2,"name":"Auch du bist Transvulcania!"}]},{"@type":"WebSite","@id":"https:\/\/transvulcania.com\/de\/#website","url":"https:\/\/transvulcania.com\/de\/","name":"Transvulcania Terrex 2026 - Ultramarathon La Palma","description":"Transvulcania Terrex 2026 - XVI Edici\u00f3n de la Ultramarat\u00f3n de monta\u00f1a de la Isla La Palma","publisher":{"@id":"https:\/\/transvulcania.com\/de\/#organization"},"potentialAction":[{"@type":"SearchAction","target":{"@type":"EntryPoint","urlTemplate":"https:\/\/transvulcania.com\/de\/?s={search_term_string}"},"query-input":"required name=search_term_string"}],"inLanguage":"de"},{"@type":"Organization","@id":"https:\/\/transvulcania.com\/de\/#organization","name":"Transvulcania Terrex 2026 - Ultramarathon La Palma","url":"https:\/\/transvulcania.com\/de\/","logo":{"@type":"ImageObject","inLanguage":"de","@id":"https:\/\/transvulcania.com\/de\/#\/schema\/logo\/image\/","url":"https:\/\/transvulcania.com\/wp-content\/uploads\/2024\/03\/Logo_Transvulcania_Terrex.png","contentUrl":"https:\/\/transvulcania.com\/wp-content\/uploads\/2024\/03\/Logo_Transvulcania_Terrex.png","width":431,"height":552,"caption":"Transvulcania Terrex 2026 - Ultramarathon La Palma"},"image":{"@id":"https:\/\/transvulcania.com\/de\/#\/schema\/logo\/image\/"}}]}},"_links":{"self":[{"href":"https:\/\/transvulcania.com\/de\/wp-json\/wp\/v2\/pages\/19216","targetHints":{"allow":["GET"]}}],"collection":[{"href":"https:\/\/transvulcania.com\/de\/wp-json\/wp\/v2\/pages"}],"about":[{"href":"https:\/\/transvulcania.com\/de\/wp-json\/wp\/v2\/types\/page"}],"author":[{"embeddable":true,"href":"https:\/\/transvulcania.com\/de\/wp-json\/wp\/v2\/users\/1"}],"replies":[{"embeddable":true,"href":"https:\/\/transvulcania.com\/de\/wp-json\/wp\/v2\/comments?post=19216"}],"version-history":[{"count":0,"href":"https:\/\/transvulcania.com\/de\/wp-json\/wp\/v2\/pages\/19216\/revisions"}],"wp:attachment":[{"href":"https:\/\/transvulcania.com\/de\/wp-json\/wp\/v2\/media?parent=19216"}],"curies":[{"name":"wp","href":"https:\/\/api.w.org\/{rel}","templated":true}]}}