{"id":19214,"date":"2023-09-28T14:03:18","date_gmt":"2023-09-28T13:03:18","guid":{"rendered":"https:\/\/transvulcania.com\/modalidades\/"},"modified":"2026-01-18T11:07:55","modified_gmt":"2026-01-18T11:07:55","slug":"modalidades","status":"publish","type":"page","link":"https:\/\/transvulcania.com\/de\/modalidades\/","title":{"rendered":"Modalit\u00e4ten"},"content":{"rendered":"\t\t<div data-elementor-type=\"wp-page\" data-elementor-id=\"19214\" class=\"elementor elementor-19214 elementor-200\" data-elementor-post-type=\"page\">\n\t\t\t\t\t\t<section class=\"elementor-section elementor-top-section elementor-element elementor-element-835a60d elementor-section-boxed elementor-section-height-default elementor-section-height-default\" data-id=\"835a60d\" data-element_type=\"section\" data-e-type=\"section\" data-settings=\"{&quot;background_background&quot;:&quot;classic&quot;}\">\n\t\t\t\t\t\t\t<div class=\"elementor-background-overlay\"><\/div>\n\t\t\t\t\t\t\t<div class=\"elementor-container elementor-column-gap-default\">\n\t\t\t\t\t<div class=\"elementor-column elementor-col-25 elementor-top-column elementor-element elementor-element-c6f58f7 elementor-invisible\" data-id=\"c6f58f7\" data-element_type=\"column\" data-e-type=\"column\" data-settings=\"{&quot;background_background&quot;:&quot;classic&quot;,&quot;animation&quot;:&quot;fadeInUp&quot;,&quot;animation_delay&quot;:200}\">\n\t\t\t<div class=\"elementor-widget-wrap elementor-element-populated\">\n\t\t\t\t\t\t<div class=\"elementor-element elementor-element-48d0ba1 elementor-widget elementor-widget-image\" data-id=\"48d0ba1\" data-element_type=\"widget\" data-e-type=\"widget\" data-widget_type=\"image.default\">\n\t\t\t\t<div class=\"elementor-widget-container\">\n\t\t\t\t\t\t\t\t\t\t\t\t\t\t\t\t<a href=\"http:\/\/transvulcania.com.es\/modalidades\/transvulcania-ultramaraton\/\">\n\t\t\t\t\t\t\t<img fetchpriority=\"high\" decoding=\"async\" width=\"900\" height=\"696\" src=\"https:\/\/transvulcania.com\/wp-content\/uploads\/2026\/01\/TRV26_UL.jpg\" class=\"elementor-animation-float attachment-large size-large wp-image-20206\" alt=\"\" srcset=\"https:\/\/transvulcania.com\/wp-content\/uploads\/2026\/01\/TRV26_UL.jpg 1000w, https:\/\/transvulcania.com\/wp-content\/uploads\/2026\/01\/TRV26_UL-300x232.jpg 300w, https:\/\/transvulcania.com\/wp-content\/uploads\/2026\/01\/TRV26_UL-768x594.jpg 768w\" sizes=\"(max-width: 900px) 100vw, 900px\" \/>\t\t\t\t\t\t\t\t<\/a>\n\t\t\t\t\t\t\t\t\t\t\t\t\t\t\t<\/div>\n\t\t\t\t<\/div>\n\t\t\t\t<div class=\"elementor-element elementor-element-d3c063e elementor-widget elementor-widget-heading\" data-id=\"d3c063e\" data-element_type=\"widget\" data-e-type=\"widget\" data-widget_type=\"heading.default\">\n\t\t\t\t<div class=\"elementor-widget-container\">\n\t\t\t\t\t<h2 class=\"elementor-heading-title elementor-size-default\"><a href=\"http:\/\/transvulcania.com.es\/modalidades\/transvulcania-ultramaraton\/\">Transvulcania Ultramarathon<\/a><\/h2>\t\t\t\t<\/div>\n\t\t\t\t<\/div>\n\t\t\t\t\t<\/div>\n\t\t<\/div>\n\t\t\t\t<div class=\"elementor-column elementor-col-25 elementor-top-column elementor-element elementor-element-3cd66b5 elementor-invisible\" data-id=\"3cd66b5\" data-element_type=\"column\" data-e-type=\"column\" data-settings=\"{&quot;background_background&quot;:&quot;classic&quot;,&quot;animation&quot;:&quot;fadeInUp&quot;,&quot;animation_delay&quot;:200}\">\n\t\t\t<div class=\"elementor-widget-wrap elementor-element-populated\">\n\t\t\t\t\t\t<div class=\"elementor-element elementor-element-2301498 elementor-widget elementor-widget-image\" data-id=\"2301498\" data-element_type=\"widget\" data-e-type=\"widget\" data-widget_type=\"image.default\">\n\t\t\t\t<div class=\"elementor-widget-container\">\n\t\t\t\t\t\t\t\t\t\t\t\t\t\t\t\t<a href=\"http:\/\/transvulcania.com.es\/modalidades\/transvulcania-maraton\/\">\n\t\t\t\t\t\t\t<img decoding=\"async\" width=\"900\" height=\"696\" src=\"https:\/\/transvulcania.com\/wp-content\/uploads\/2026\/01\/TRV26_MA.jpg\" class=\"elementor-animation-float attachment-large size-large wp-image-20209\" alt=\"\" srcset=\"https:\/\/transvulcania.com\/wp-content\/uploads\/2026\/01\/TRV26_MA.jpg 1000w, https:\/\/transvulcania.com\/wp-content\/uploads\/2026\/01\/TRV26_MA-300x232.jpg 300w, https:\/\/transvulcania.com\/wp-content\/uploads\/2026\/01\/TRV26_MA-768x594.jpg 768w\" sizes=\"(max-width: 900px) 100vw, 900px\" \/>\t\t\t\t\t\t\t\t<\/a>\n\t\t\t\t\t\t\t\t\t\t\t\t\t\t\t<\/div>\n\t\t\t\t<\/div>\n\t\t\t\t<div class=\"elementor-element elementor-element-55e4809 elementor-widget elementor-widget-heading\" data-id=\"55e4809\" data-element_type=\"widget\" data-e-type=\"widget\" data-widget_type=\"heading.default\">\n\t\t\t\t<div class=\"elementor-widget-container\">\n\t\t\t\t\t<h2 class=\"elementor-heading-title elementor-size-default\"><a href=\"http:\/\/transvulcania.com.es\/modalidades\/transvulcania-maraton\/\">Transvulcania Marathon<\/a><\/h2>\t\t\t\t<\/div>\n\t\t\t\t<\/div>\n\t\t\t\t\t<\/div>\n\t\t<\/div>\n\t\t\t\t<div class=\"elementor-column elementor-col-25 elementor-top-column elementor-element elementor-element-171ae0c elementor-invisible\" data-id=\"171ae0c\" data-element_type=\"column\" data-e-type=\"column\" data-settings=\"{&quot;background_background&quot;:&quot;classic&quot;,&quot;animation&quot;:&quot;fadeInUp&quot;,&quot;animation_delay&quot;:200}\">\n\t\t\t<div class=\"elementor-widget-wrap elementor-element-populated\">\n\t\t\t\t\t\t<div class=\"elementor-element elementor-element-f996697 elementor-widget elementor-widget-image\" data-id=\"f996697\" data-element_type=\"widget\" data-e-type=\"widget\" data-widget_type=\"image.default\">\n\t\t\t\t<div class=\"elementor-widget-container\">\n\t\t\t\t\t\t\t\t\t\t\t\t\t\t\t\t<a href=\"http:\/\/transvulcania.com.es\/modalidades\/transvulcania-media-maraton\/\">\n\t\t\t\t\t\t\t<img decoding=\"async\" width=\"900\" height=\"696\" src=\"https:\/\/transvulcania.com\/wp-content\/uploads\/2026\/01\/TRV26_HM.jpg\" class=\"elementor-animation-float attachment-large size-large wp-image-20212\" alt=\"\" srcset=\"https:\/\/transvulcania.com\/wp-content\/uploads\/2026\/01\/TRV26_HM.jpg 1000w, https:\/\/transvulcania.com\/wp-content\/uploads\/2026\/01\/TRV26_HM-300x232.jpg 300w, https:\/\/transvulcania.com\/wp-content\/uploads\/2026\/01\/TRV26_HM-768x594.jpg 768w\" sizes=\"(max-width: 900px) 100vw, 900px\" \/>\t\t\t\t\t\t\t\t<\/a>\n\t\t\t\t\t\t\t\t\t\t\t\t\t\t\t<\/div>\n\t\t\t\t<\/div>\n\t\t\t\t<div class=\"elementor-element elementor-element-ca767a4 elementor-widget elementor-widget-heading\" data-id=\"ca767a4\" data-element_type=\"widget\" data-e-type=\"widget\" data-widget_type=\"heading.default\">\n\t\t\t\t<div class=\"elementor-widget-container\">\n\t\t\t\t\t<h2 class=\"elementor-heading-title elementor-size-default\"><a href=\"http:\/\/transvulcania.com.es\/modalidades\/transvulcania-media-maraton\/\">Transvulcania Halbmarathon<\/a><\/h2>\t\t\t\t<\/div>\n\t\t\t\t<\/div>\n\t\t\t\t\t<\/div>\n\t\t<\/div>\n\t\t\t\t<div class=\"elementor-column elementor-col-25 elementor-top-column elementor-element elementor-element-31a1d60 elementor-invisible\" data-id=\"31a1d60\" data-element_type=\"column\" data-e-type=\"column\" data-settings=\"{&quot;background_background&quot;:&quot;classic&quot;,&quot;animation&quot;:&quot;fadeInUp&quot;,&quot;animation_delay&quot;:200}\">\n\t\t\t<div class=\"elementor-widget-wrap elementor-element-populated\">\n\t\t\t\t\t\t<div class=\"elementor-element elementor-element-2ed919a elementor-widget elementor-widget-image\" data-id=\"2ed919a\" data-element_type=\"widget\" data-e-type=\"widget\" data-widget_type=\"image.default\">\n\t\t\t\t<div class=\"elementor-widget-container\">\n\t\t\t\t\t\t\t\t\t\t\t\t\t\t\t\t<a href=\"http:\/\/transvulcania.com.es\/modalidades\/transvulcania-kilometro-vertical\/\">\n\t\t\t\t\t\t\t<img loading=\"lazy\" decoding=\"async\" width=\"900\" height=\"696\" src=\"https:\/\/transvulcania.com\/wp-content\/uploads\/2026\/01\/TRV26_VU.jpg\" class=\"elementor-animation-float attachment-large size-large wp-image-20224\" alt=\"\" srcset=\"https:\/\/transvulcania.com\/wp-content\/uploads\/2026\/01\/TRV26_VU.jpg 1000w, https:\/\/transvulcania.com\/wp-content\/uploads\/2026\/01\/TRV26_VU-300x232.jpg 300w, https:\/\/transvulcania.com\/wp-content\/uploads\/2026\/01\/TRV26_VU-768x594.jpg 768w\" sizes=\"(max-width: 900px) 100vw, 900px\" \/>\t\t\t\t\t\t\t\t<\/a>\n\t\t\t\t\t\t\t\t\t\t\t\t\t\t\t<\/div>\n\t\t\t\t<\/div>\n\t\t\t\t<div class=\"elementor-element elementor-element-dc9bb18 elementor-widget elementor-widget-heading\" data-id=\"dc9bb18\" data-element_type=\"widget\" data-e-type=\"widget\" data-widget_type=\"heading.default\">\n\t\t\t\t<div class=\"elementor-widget-container\">\n\t\t\t\t\t<h2 class=\"elementor-heading-title elementor-size-default\"><a href=\"http:\/\/transvulcania.com.es\/modalidades\/transvulcania-kilometro-vertical\/\">Transvulcania Vertikaler Kilometer<\/a><\/h2>\t\t\t\t<\/div>\n\t\t\t\t<\/div>\n\t\t\t\t\t<\/div>\n\t\t<\/div>\n\t\t\t\t\t<\/div>\n\t\t<\/section>\n\t\t\t\t<\/div>\n\t\t","protected":false},"excerpt":{"rendered":"<p>Transvulcania Ultramarathon Transvulcania Marathon Transvulcania Halbmarathon Transvulcania Vertikaler Kilometer<\/p>\n","protected":false},"author":1,"featured_media":0,"parent":0,"menu_order":0,"comment_status":"closed","ping_status":"closed","template":"","meta":{"footnotes":""},"class_list":["post-19214","page","type-page","status-publish"],"yoast_head":"<!-- This site is optimized with the Yoast SEO Premium plugin v21.2 (Yoast SEO v21.2) - https:\/\/yoast.com\/wordpress\/plugins\/seo\/ -->\n<title>Modalit\u00e4ten - Transvulcania Terrex 2026 - Ultramarathon La Palma<\/title>\n<meta name=\"robots\" content=\"index, follow, max-snippet:-1, max-image-preview:large, max-video-preview:-1\" \/>\n<link rel=\"canonical\" href=\"https:\/\/transvulcania.com\/de\/modalidades\/\" \/>\n<meta property=\"og:locale\" content=\"de_DE\" \/>\n<meta property=\"og:type\" content=\"article\" \/>\n<meta property=\"og:title\" content=\"Modalit\u00e4ten\" \/>\n<meta property=\"og:description\" content=\"Transvulcania Ultramarathon Transvulcania Marathon Transvulcania Halbmarathon Transvulcania Vertikaler Kilometer\" \/>\n<meta property=\"og:url\" content=\"https:\/\/transvulcania.com\/de\/modalidades\/\" \/>\n<meta property=\"og:site_name\" content=\"Transvulcania Terrex 2026 - Ultramarathon La Palma\" \/>\n<meta property=\"article:modified_time\" content=\"2026-01-18T11:07:55+00:00\" \/>\n<meta property=\"og:image\" content=\"https:\/\/transvulcania.com\/wp-content\/uploads\/2026\/01\/TRV26_UL.jpg\" \/>\n<meta name=\"twitter:card\" content=\"summary_large_image\" \/>\n<meta name=\"twitter:label1\" content=\"Gesch\u00e4tzte Lesezeit\" \/>\n\t<meta name=\"twitter:data1\" content=\"1\u00a0Minute\" \/>\n<script type=\"application\/ld+json\" class=\"yoast-schema-graph\">{\"@context\":\"https:\/\/schema.org\",\"@graph\":[{\"@type\":\"WebPage\",\"@id\":\"https:\/\/transvulcania.com\/de\/modalidades\/\",\"url\":\"https:\/\/transvulcania.com\/de\/modalidades\/\",\"name\":\"Modalit\u00e4ten - Transvulcania Terrex 2026 - Ultramarathon La Palma\",\"isPartOf\":{\"@id\":\"https:\/\/transvulcania.com\/de\/#website\"},\"datePublished\":\"2023-09-28T13:03:18+00:00\",\"dateModified\":\"2026-01-18T11:07:55+00:00\",\"breadcrumb\":{\"@id\":\"https:\/\/transvulcania.com\/de\/modalidades\/#breadcrumb\"},\"inLanguage\":\"de\",\"potentialAction\":[{\"@type\":\"ReadAction\",\"target\":[\"https:\/\/transvulcania.com\/de\/modalidades\/\"]}]},{\"@type\":\"BreadcrumbList\",\"@id\":\"https:\/\/transvulcania.com\/de\/modalidades\/#breadcrumb\",\"itemListElement\":[{\"@type\":\"ListItem\",\"position\":1,\"name\":\"Home\",\"item\":\"https:\/\/transvulcania.com\/de\/\"},{\"@type\":\"ListItem\",\"position\":2,\"name\":\"Modalit\u00e4ten\"}]},{\"@type\":\"WebSite\",\"@id\":\"https:\/\/transvulcania.com\/de\/#website\",\"url\":\"https:\/\/transvulcania.com\/de\/\",\"name\":\"Transvulcania Terrex 2026 - Ultramarathon La Palma\",\"description\":\"Transvulcania Terrex 2026 - XVI Edici\u00f3n de la Ultramarat\u00f3n de monta\u00f1a de la Isla La Palma\",\"publisher\":{\"@id\":\"https:\/\/transvulcania.com\/de\/#organization\"},\"potentialAction\":[{\"@type\":\"SearchAction\",\"target\":{\"@type\":\"EntryPoint\",\"urlTemplate\":\"https:\/\/transvulcania.com\/de\/?s={search_term_string}\"},\"query-input\":\"required name=search_term_string\"}],\"inLanguage\":\"de\"},{\"@type\":\"Organization\",\"@id\":\"https:\/\/transvulcania.com\/de\/#organization\",\"name\":\"Transvulcania Terrex 2026 - Ultramarathon La Palma\",\"url\":\"https:\/\/transvulcania.com\/de\/\",\"logo\":{\"@type\":\"ImageObject\",\"inLanguage\":\"de\",\"@id\":\"https:\/\/transvulcania.com\/de\/#\/schema\/logo\/image\/\",\"url\":\"https:\/\/transvulcania.com\/wp-content\/uploads\/2024\/03\/Logo_Transvulcania_Terrex.png\",\"contentUrl\":\"https:\/\/transvulcania.com\/wp-content\/uploads\/2024\/03\/Logo_Transvulcania_Terrex.png\",\"width\":431,\"height\":552,\"caption\":\"Transvulcania Terrex 2026 - Ultramarathon La Palma\"},\"image\":{\"@id\":\"https:\/\/transvulcania.com\/de\/#\/schema\/logo\/image\/\"}}]}<\/script>\n<!-- \/ Yoast SEO Premium plugin. -->","yoast_head_json":{"title":"Modalit\u00e4ten - Transvulcania Terrex 2026 - Ultramarathon La Palma","robots":{"index":"index","follow":"follow","max-snippet":"max-snippet:-1","max-image-preview":"max-image-preview:large","max-video-preview":"max-video-preview:-1"},"canonical":"https:\/\/transvulcania.com\/de\/modalidades\/","og_locale":"de_DE","og_type":"article","og_title":"Modalit\u00e4ten","og_description":"Transvulcania Ultramarathon Transvulcania Marathon Transvulcania Halbmarathon Transvulcania Vertikaler Kilometer","og_url":"https:\/\/transvulcania.com\/de\/modalidades\/","og_site_name":"Transvulcania Terrex 2026 - Ultramarathon La Palma","article_modified_time":"2026-01-18T11:07:55+00:00","og_image":[{"url":"https:\/\/transvulcania.com\/wp-content\/uploads\/2026\/01\/TRV26_UL.jpg"}],"twitter_card":"summary_large_image","twitter_misc":{"Gesch\u00e4tzte Lesezeit":"1\u00a0Minute"},"schema":{"@context":"https:\/\/schema.org","@graph":[{"@type":"WebPage","@id":"https:\/\/transvulcania.com\/de\/modalidades\/","url":"https:\/\/transvulcania.com\/de\/modalidades\/","name":"Modalit\u00e4ten - Transvulcania Terrex 2026 - Ultramarathon La Palma","isPartOf":{"@id":"https:\/\/transvulcania.com\/de\/#website"},"datePublished":"2023-09-28T13:03:18+00:00","dateModified":"2026-01-18T11:07:55+00:00","breadcrumb":{"@id":"https:\/\/transvulcania.com\/de\/modalidades\/#breadcrumb"},"inLanguage":"de","potentialAction":[{"@type":"ReadAction","target":["https:\/\/transvulcania.com\/de\/modalidades\/"]}]},{"@type":"BreadcrumbList","@id":"https:\/\/transvulcania.com\/de\/modalidades\/#breadcrumb","itemListElement":[{"@type":"ListItem","position":1,"name":"Home","item":"https:\/\/transvulcania.com\/de\/"},{"@type":"ListItem","position":2,"name":"Modalit\u00e4ten"}]},{"@type":"WebSite","@id":"https:\/\/transvulcania.com\/de\/#website","url":"https:\/\/transvulcania.com\/de\/","name":"Transvulcania Terrex 2026 - Ultramarathon La Palma","description":"Transvulcania Terrex 2026 - XVI Edici\u00f3n de la Ultramarat\u00f3n de monta\u00f1a de la Isla La Palma","publisher":{"@id":"https:\/\/transvulcania.com\/de\/#organization"},"potentialAction":[{"@type":"SearchAction","target":{"@type":"EntryPoint","urlTemplate":"https:\/\/transvulcania.com\/de\/?s={search_term_string}"},"query-input":"required name=search_term_string"}],"inLanguage":"de"},{"@type":"Organization","@id":"https:\/\/transvulcania.com\/de\/#organization","name":"Transvulcania Terrex 2026 - Ultramarathon La Palma","url":"https:\/\/transvulcania.com\/de\/","logo":{"@type":"ImageObject","inLanguage":"de","@id":"https:\/\/transvulcania.com\/de\/#\/schema\/logo\/image\/","url":"https:\/\/transvulcania.com\/wp-content\/uploads\/2024\/03\/Logo_Transvulcania_Terrex.png","contentUrl":"https:\/\/transvulcania.com\/wp-content\/uploads\/2024\/03\/Logo_Transvulcania_Terrex.png","width":431,"height":552,"caption":"Transvulcania Terrex 2026 - Ultramarathon La Palma"},"image":{"@id":"https:\/\/transvulcania.com\/de\/#\/schema\/logo\/image\/"}}]}},"_links":{"self":[{"href":"https:\/\/transvulcania.com\/de\/wp-json\/wp\/v2\/pages\/19214","targetHints":{"allow":["GET"]}}],"collection":[{"href":"https:\/\/transvulcania.com\/de\/wp-json\/wp\/v2\/pages"}],"about":[{"href":"https:\/\/transvulcania.com\/de\/wp-json\/wp\/v2\/types\/page"}],"author":[{"embeddable":true,"href":"https:\/\/transvulcania.com\/de\/wp-json\/wp\/v2\/users\/1"}],"replies":[{"embeddable":true,"href":"https:\/\/transvulcania.com\/de\/wp-json\/wp\/v2\/comments?post=19214"}],"version-history":[{"count":3,"href":"https:\/\/transvulcania.com\/de\/wp-json\/wp\/v2\/pages\/19214\/revisions"}],"predecessor-version":[{"id":20295,"href":"https:\/\/transvulcania.com\/de\/wp-json\/wp\/v2\/pages\/19214\/revisions\/20295"}],"wp:attachment":[{"href":"https:\/\/transvulcania.com\/de\/wp-json\/wp\/v2\/media?parent=19214"}],"curies":[{"name":"wp","href":"https:\/\/api.w.org\/{rel}","templated":true}]}}